{"id":147594,"date":"2021-01-15T10:55:33","date_gmt":"2021-01-15T10:55:33","guid":{"rendered":"https:\/\/codengine3.ch\/?product=import-placeholder-for-207810"},"modified":"2021-01-15T16:58:52","modified_gmt":"2021-01-15T16:58:52","slug":"4000erleben","status":"publish","type":"product","link":"https:\/\/pizbube.ch\/en\/shop\/4000erleben\/","title":{"rendered":"4000erLEBEN"},"content":{"rendered":"<p>\nGipfelgl\u00fcck mal 82: Bergtouren auf alle Viertausender der Alpen.  <\/p>\n<p>Die erste Bergtour war nur Zeitvertreib, weil sie zu viel Urlaub hatte: Reicht<br \/>\nmeine Kondition? Vertrage ich die H\u00f6he? Wie f\u00fchlt es sich an, auf dem Gipfel<br \/>\nzu stehen?  <\/p>\n<p>Zehn Jahre sp\u00e4ter hat Marlies Czerny als eine der ersten Frauen alle<br \/>\nViertausender der Alpen bestiegen. In ihrem Buch l\u00e4sst sie uns nicht nur an<br \/>\nihren Touren teilnehmen \u2013 sie erz\u00e4hlt frisch und ehrlich, wie die h\u00f6chsten<br \/>\nGipfel der Alpen ihr Leben ver\u00e4ndert haben.<\/p>\n<p>&#8211; Wahre Geschichten von Blind Dates mit Seilpartnern, von Kitsch und<br \/>\nKlischees an Touristen-Hotspots aber auch von Unf\u00e4llen und lebensgef\u00e4hrlichen<br \/>\nMomenten<br \/>\n&#8211; Stressabbau und Flow: Wie Bergsteigen erst die Wahrnehmung und dann das<br \/>\nLeben ver\u00e4ndert<br \/>\n&#8211; Touren- und Erfahrungsberichte auf die Viertausender der Alpen<br \/>\n&#8211; Matterhorn, Mont Blanc, Dufourspitze: Viele Kurzportr\u00e4ts der h\u00f6chsten Berge<br \/>\nder Alpen und Basiswissen f\u00fcr Bergtouren<br \/>\n&#8211; Work Life Balance mit Bergen, T\u00e4lern und Gratwanderungen  <\/p>\n<p>Auf die Erstbesteigung eines Viertausenders folgen schon bald weitere<br \/>\nAlpengipfel. Jede neue Bergwanderung wird f\u00fcr die Journalistin Marlies Czerny<br \/>\nein Weg hinaus aus der Reiz\u00fcberflutung des Alltags hin zu sich selbst, zur<br \/>\neigenen Work Life Balance.  <\/p>\n<p>Auf Bergen wie dem Breithorn, Piz Bernina und Finsteraarhorn geht es nicht<br \/>\nmehr um To-Dos und Deadlines und auch nicht um Tempo, H\u00f6henmeter und<br \/>\nSchwierigkeitsgrade. Dort, auf den Gipfeln der Viertausender, findet Marlies<br \/>\nCzerny all das, was am Fu\u00df der Berge unerreichbar schien: Freiheit und eine<br \/>\nRuhe, aus der Achtsamkeit und Selbstvertrauen wachsen. Ihre Bergtouren f\u00fchren<br \/>\nuns zur Erkenntnis, wie wenig man zum Gipfel des Gl\u00fccks ben\u00f6tigt!  <\/p>","protected":false},"excerpt":{"rendered":"<p>Gipfelgl\u00fcck mal 82: Bergtouren auf alle Viertausender der Alpen. Die erste Bergtour war nur Zeitvertreib, weil sie zu viel Urlaub hatte: Reicht meine Kondition? Vertrage ich die H\u00f6he? Wie f\u00fchlt es sich an, auf dem Gipfel zu stehen? Zehn Jahre sp\u00e4ter hat Marlies Czerny als eine der ersten Frauen alle Viertausender der Alpen bestiegen. In [&#8230;]\n","protected":false},"featured_media":38499,"template":"","meta":[],"product_brand":[],"product_cat":[21542],"product_tag":[],"class_list":{"0":"post-147594","1":"product","2":"type-product","3":"status-publish","4":"has-post-thumbnail","6":"product_cat-sachbuecher-dokumentationen","7":"pa_autor-czerny","8":"pa_erscheinungsjahr-21586","9":"pa_region-oesterreich","10":"pa_sprache-de","12":"first","13":"instock","14":"taxable","15":"shipping-taxable","16":"purchasable","17":"product-type-simple"},"_links":{"self":[{"href":"https:\/\/pizbube.ch\/en\/wp-json\/wp\/v2\/product\/147594","targetHints":{"allow":["GET"]}}],"collection":[{"href":"https:\/\/pizbube.ch\/en\/wp-json\/wp\/v2\/product"}],"about":[{"href":"https:\/\/pizbube.ch\/en\/wp-json\/wp\/v2\/types\/product"}],"wp:featuredmedia":[{"embeddable":true,"href":"https:\/\/pizbube.ch\/en\/wp-json\/wp\/v2\/media\/38499"}],"wp:attachment":[{"href":"https:\/\/pizbube.ch\/en\/wp-json\/wp\/v2\/media?parent=147594"}],"wp:term":[{"taxonomy":"product_brand","embeddable":true,"href":"https:\/\/pizbube.ch\/en\/wp-json\/wp\/v2\/product_brand?post=147594"},{"taxonomy":"product_cat","embeddable":true,"href":"https:\/\/pizbube.ch\/en\/wp-json\/wp\/v2\/product_cat?post=147594"},{"taxonomy":"product_tag","embeddable":true,"href":"https:\/\/pizbube.ch\/en\/wp-json\/wp\/v2\/product_tag?post=147594"}],"curies":[{"name":"wp","href":"https:\/\/api.w.org\/{rel}","templated":true}]}}