{"id":147598,"date":"2021-01-15T10:55:33","date_gmt":"2021-01-15T10:55:33","guid":{"rendered":"https:\/\/codengine3.ch\/?product=import-placeholder-for-203022"},"modified":"2021-01-15T12:53:23","modified_gmt":"2021-01-15T12:53:23","slug":"montafon","status":"publish","type":"product","link":"https:\/\/pizbube.ch\/en\/shop\/montafon\/","title":{"rendered":"Montafon"},"content":{"rendered":"<p>Schruns \u2013 Gargellen \u2013 Gaschurn \u2013 Silvrettapass  <\/p>\n<p>Die attraktiv gelegene Tallandschaft des Montafon ist von ganz<br \/>\nunterschiedlichen Alpenregionen umgeben: Im Norden erhebt sich das einsame<br \/>\nVerwall, im S\u00fcden die wei\u00dfe Pracht der Silvretta und im Osten ragen die<br \/>\nsteilen Felsflanken des R\u00e4tikon empor. Entsprechend vielseitig sind die<br \/>\nWanderm\u00f6glichkeiten, die das Montafon seinen G\u00e4sten zu bieten hat. Dieser<br \/>\nRother Wanderf\u00fchrer stellt 50 ausgew\u00e4hlte Touren vor, die zu den wohl<br \/>\neindrucksvollsten Aussichtspl\u00e4tzen des Montafon f\u00fchren.  <\/p>\n<p>Die Wanderungen bieten eine sch\u00f6ne Mischung aus leichten, genussvollen<br \/>\nHalbtageswanderungen und anspruchsvolleren Touren im Bereich um Bludenz,<br \/>\nVandans, Schruns-Tschagguns, Gargellen, Gaschurn sowie Vermunt- und Silvretta-<br \/>\nStausee. Von den Wahrzeichen des R\u00e4tikon, Drusenfluh und Drei T\u00fcrme, werden<br \/>\ndie Wanderungen rund um die Tilisunah\u00fctte beherrscht. Die Silvretta<br \/>\nHochalpenstra\u00dfe erm\u00f6glicht Ausfl\u00fcge in die Gletscherwelt der Dreitausender,<br \/>\nund wer es lieber gem\u00fctlich mag, der wandert auf eine der zahlreichen im<br \/>\nSommer bewirtschafteten Almen, die in beschaulicher Lage \u00fcber dem Montafoner<br \/>\nTalgrund liegen.  <\/p>\n<p>Jede Wanderung wird mit einer zuverl\u00e4ssigen Wegbeschreibung, einem<br \/>\nKartenausschnitt mit einge-zeichnetem Routenverlauf und einem aussagekr\u00e4ftigen<br \/>\nH\u00f6henprofil vorgestellt. Eine \u00fcbersichtliche Kurzinfo enth\u00e4lt die Angaben zu<br \/>\nAusgangspunkt, Anforderungen, Einkehrm\u00f6glichkeiten, Varianten und vielem mehr.<br \/>\nGPS-Tracks stehen zum Download bereit.<br \/>\nF\u00fcr die achte Auflage wurde der Rother Wanderf\u00fchrer \u00bbMontafon\u00ab sorgf\u00e4ltig<br \/>\naktualisiert und um GPS-Tracks erweitert.  <\/p>\n<p>8. aktualisierte Auflage, 128 Seiten mit 66 Farbabbildungen<br \/>\n50 H\u00f6henprofile, 50 Wanderk\u00e4rtchen im Ma\u00dfstab 1:50.000 und 1:75.000 sowie zwei<br \/>\n\u00dcbersichtskarten im Ma\u00dfstab 1:300.000 und 1:500.000  <\/p>","protected":false},"excerpt":{"rendered":"<ul>\n<li><a href=\"https:\/\/pizbube.ch\/wp-content\/uploads\/attachments\/a_021\/6ECA19E9D8DAE4A954A30C62CFDD8E18.pdf\" target=\"_blank\" rel=\"noopener\">PDF: montafon_inhalt.pdf<\/a><\/li>\n<\/ul>","protected":false},"featured_media":36063,"template":"","meta":[],"product_brand":[],"product_cat":[21605],"product_tag":[],"class_list":{"0":"post-147598","1":"product","2":"type-product","3":"status-publish","4":"has-post-thumbnail","6":"product_cat-wanderfuehrer-trekking","7":"pa_autor-mayr","8":"pa_erscheinungsjahr-21597","9":"pa_region-oesterreich","10":"pa_sprache-de","12":"first","13":"instock","14":"taxable","15":"shipping-taxable","16":"purchasable","17":"product-type-simple"},"_links":{"self":[{"href":"https:\/\/pizbube.ch\/en\/wp-json\/wp\/v2\/product\/147598","targetHints":{"allow":["GET"]}}],"collection":[{"href":"https:\/\/pizbube.ch\/en\/wp-json\/wp\/v2\/product"}],"about":[{"href":"https:\/\/pizbube.ch\/en\/wp-json\/wp\/v2\/types\/product"}],"wp:featuredmedia":[{"embeddable":true,"href":"https:\/\/pizbube.ch\/en\/wp-json\/wp\/v2\/media\/36063"}],"wp:attachment":[{"href":"https:\/\/pizbube.ch\/en\/wp-json\/wp\/v2\/media?parent=147598"}],"wp:term":[{"taxonomy":"product_brand","embeddable":true,"href":"https:\/\/pizbube.ch\/en\/wp-json\/wp\/v2\/product_brand?post=147598"},{"taxonomy":"product_cat","embeddable":true,"href":"https:\/\/pizbube.ch\/en\/wp-json\/wp\/v2\/product_cat?post=147598"},{"taxonomy":"product_tag","embeddable":true,"href":"https:\/\/pizbube.ch\/en\/wp-json\/wp\/v2\/product_tag?post=147598"}],"curies":[{"name":"wp","href":"https:\/\/api.w.org\/{rel}","templated":true}]}}