{"id":147599,"date":"2021-01-15T10:55:33","date_gmt":"2021-01-15T10:55:33","guid":{"rendered":"https:\/\/codengine3.ch\/?product=import-placeholder-for-201876"},"modified":"2021-01-15T12:31:27","modified_gmt":"2021-01-15T12:31:27","slug":"hinauf-ins-raetikon","status":"publish","type":"product","link":"https:\/\/pizbube.ch\/en\/shop\/hinauf-ins-raetikon\/","title":{"rendered":"Hinauf ins R\u00e4tikon"},"content":{"rendered":"<p>Wanderungen im Grenzland zwischen Pr\u00e4ttigau, Montafon und Liechtenstein<br \/>\nDie Kalkbastion R\u00e4tikon scheint aus der Ferne un\u00fcberwindbar. Doch \u00fcber viele<br \/>\nJahrhunderte gab es dank der diversen Pass\u00fcberg\u00e4nge einen regen Handel und<br \/>\nAustausch. F\u00fcr Soldaten, Schmuggler, Viehh\u00e4ndler, Heilige und Fl\u00fcchtlinge war<br \/>\ndas R\u00e4tikon keine Schranke, sondern die k\u00fcrzeste Verbindung von \u00d6sterreich in<br \/>\ndie Schweiz oder umgekehrt.<br \/>\nDieser F\u00fchrer m\u00f6chte allen Lust machen diese alten \u00dcberg\u00e4nge und die<br \/>\nGeschichten, die damit verbunden sind, neu zu entdecken.  <\/p>\n<p>Die 21 beschriebenen Wanderungen zeigen die ganze Bandbreite des R\u00e4tikons: Die<br \/>\ngro\u00dfe R\u00e4tikontour f\u00fchrt in acht Tagen von Feldkirch nach Klosters. Sieben<br \/>\nzwei- bis viert\u00e4gige Wanderungen verbinden das Pr\u00e4ttigau mit dem Walgau oder<br \/>\ndem Montafon. 13 Tagestouren f\u00fchren zu den landschaftlichen H\u00f6hepunkten<br \/>\nbeidseits der Grenze und ziehen dabei auch verborgene Winkel im F\u00fcrstentum<br \/>\nLiechtenstein mit ein.<br \/>\nNeben Touren f\u00fcr die ganze Familie gibt es Routen f\u00fcr erfahrene Wanderer, die<br \/>\nden Kitzel von ausgesetzten Pfaden im steilen Fels als eine willkommene<br \/>\nAbwechslung betrachten.<\/p>","protected":false},"excerpt":{"rendered":"<p>Wanderungen im Grenzland zwischen Pr\u00e4ttigau, Montafon und Liechtenstein Die Kalkbastion R\u00e4tikon scheint aus der Ferne un\u00fcberwindbar. Doch \u00fcber viele Jahrhunderte gab es dank der diversen Pass\u00fcberg\u00e4nge einen regen Handel und Austausch. F\u00fcr Soldaten, Schmuggler, Viehh\u00e4ndler, Heilige und Fl\u00fcchtlinge war das R\u00e4tikon keine Schranke, sondern die k\u00fcrzeste Verbindung von \u00d6sterreich in die Schweiz oder umgekehrt. Dieser [&#8230;]\n","protected":false},"featured_media":29265,"template":"","meta":[],"product_brand":[],"product_cat":[21605],"product_tag":[],"class_list":{"0":"post-147599","1":"product","2":"type-product","3":"status-publish","4":"has-post-thumbnail","6":"product_cat-wanderfuehrer-trekking","7":"pa_autor-meienberg","8":"pa_erscheinungsjahr-21693","9":"pa_region-schweiz","10":"pa_sprache-de","12":"first","13":"instock","14":"taxable","15":"shipping-taxable","16":"purchasable","17":"product-type-simple"},"_links":{"self":[{"href":"https:\/\/pizbube.ch\/en\/wp-json\/wp\/v2\/product\/147599","targetHints":{"allow":["GET"]}}],"collection":[{"href":"https:\/\/pizbube.ch\/en\/wp-json\/wp\/v2\/product"}],"about":[{"href":"https:\/\/pizbube.ch\/en\/wp-json\/wp\/v2\/types\/product"}],"wp:featuredmedia":[{"embeddable":true,"href":"https:\/\/pizbube.ch\/en\/wp-json\/wp\/v2\/media\/29265"}],"wp:attachment":[{"href":"https:\/\/pizbube.ch\/en\/wp-json\/wp\/v2\/media?parent=147599"}],"wp:term":[{"taxonomy":"product_brand","embeddable":true,"href":"https:\/\/pizbube.ch\/en\/wp-json\/wp\/v2\/product_brand?post=147599"},{"taxonomy":"product_cat","embeddable":true,"href":"https:\/\/pizbube.ch\/en\/wp-json\/wp\/v2\/product_cat?post=147599"},{"taxonomy":"product_tag","embeddable":true,"href":"https:\/\/pizbube.ch\/en\/wp-json\/wp\/v2\/product_tag?post=147599"}],"curies":[{"name":"wp","href":"https:\/\/api.w.org\/{rel}","templated":true}]}}