{"id":147600,"date":"2021-01-15T10:55:33","date_gmt":"2021-01-15T10:55:33","guid":{"rendered":"https:\/\/codengine3.ch\/?product=import-placeholder-for-204182"},"modified":"2021-01-15T14:30:40","modified_gmt":"2021-01-15T14:30:40","slug":"vorarlberg-50-touren-zwischen-bodensee-und-silvretta","status":"publish","type":"product","link":"https:\/\/pizbube.ch\/en\/shop\/vorarlberg-50-touren-zwischen-bodensee-und-silvretta\/","title":{"rendered":"Vorarlberg 50 Touren zwischen Bodensee und Silvretta"},"content":{"rendered":"<p>Umschlossen vom Alpenrhein und Walgau, Gro\u00dfen Walsertal und der Bregenzer Ach<br \/>\ndie freundlichen Bregenzerwaldberge mit der angrenzenden S\u00fcdwestflanke der<br \/>\nAllg\u00e4uer Alpen, zum Arlberg hin das wuchtige Lechquellengebirge, in der Zange<br \/>\nvon Klostertal und Montafon das einsame Verwall und schlie\u00dflich als<br \/>\nGrenzgebirge zur Schweiz der charaktervolle R\u00e4tikon mit dem Brandnertal und<br \/>\ndie eisschimmernde Silvretta!<br \/>\nDas neue Vorarlberger Wanderwege-Konzept macht diesen faszinierenden, mal<br \/>\nlieblichen, mal recht wilden Westen \u00d6sterreichs noch attraktiver. Die stets<br \/>\nausf\u00fchrlich beschriebenen und meist mit \u00f6ffentlichen Verkehrsmitteln<br \/>\nerreichbaren Routen, von kinderfreundlich bis ausgedehnt-anspruchsvoll,<br \/>\nerschlie\u00dfen auf 50 Touren rund 80 Gipfel. Wem eine Unternehmung zu lang<br \/>\nerscheint, der entdeckt viel versprechende Zwischenziele: ein verstecktes<br \/>\nMais\u00e4\u00df oder eine urgem\u00fctliche H\u00fctteneinkehr, einen farbenpr\u00e4chtigen Bergsee<br \/>\noder gischtenden Wasserfall.<br \/>\nKarten und aussagekr\u00e4ftige H\u00f6henprofile erleichtern die Zeitplanung.<br \/>\nHintergrundinformationen bereichern die teils klassischen, teils kaum<br \/>\nbekannten Tourentipps  <\/p>","protected":false},"excerpt":{"rendered":"<p>Umschlossen vom Alpenrhein und Walgau, Gro\u00dfen Walsertal und der Bregenzer Ach die freundlichen Bregenzerwaldberge mit der angrenzenden S\u00fcdwestflanke der Allg\u00e4uer Alpen, zum Arlberg hin das wuchtige Lechquellengebirge, in der Zange von Klostertal und Montafon das einsame Verwall und schlie\u00dflich als Grenzgebirge zur Schweiz der charaktervolle R\u00e4tikon mit dem Brandnertal und die eisschimmernde Silvretta! Das neue [&#8230;]\n","protected":false},"featured_media":31967,"template":"","meta":[],"product_brand":[],"product_cat":[21605],"product_tag":[],"class_list":{"0":"post-147600","1":"product","2":"type-product","3":"status-publish","4":"has-post-thumbnail","6":"product_cat-wanderfuehrer-trekking","7":"pa_autor-mayr","8":"pa_erscheinungsjahr-21763","9":"pa_region-oesterreich","10":"pa_sprache-de","12":"first","13":"instock","14":"taxable","15":"shipping-taxable","16":"purchasable","17":"product-type-simple"},"_links":{"self":[{"href":"https:\/\/pizbube.ch\/en\/wp-json\/wp\/v2\/product\/147600","targetHints":{"allow":["GET"]}}],"collection":[{"href":"https:\/\/pizbube.ch\/en\/wp-json\/wp\/v2\/product"}],"about":[{"href":"https:\/\/pizbube.ch\/en\/wp-json\/wp\/v2\/types\/product"}],"wp:featuredmedia":[{"embeddable":true,"href":"https:\/\/pizbube.ch\/en\/wp-json\/wp\/v2\/media\/31967"}],"wp:attachment":[{"href":"https:\/\/pizbube.ch\/en\/wp-json\/wp\/v2\/media?parent=147600"}],"wp:term":[{"taxonomy":"product_brand","embeddable":true,"href":"https:\/\/pizbube.ch\/en\/wp-json\/wp\/v2\/product_brand?post=147600"},{"taxonomy":"product_cat","embeddable":true,"href":"https:\/\/pizbube.ch\/en\/wp-json\/wp\/v2\/product_cat?post=147600"},{"taxonomy":"product_tag","embeddable":true,"href":"https:\/\/pizbube.ch\/en\/wp-json\/wp\/v2\/product_tag?post=147600"}],"curies":[{"name":"wp","href":"https:\/\/api.w.org\/{rel}","templated":true}]}}