{"id":147601,"date":"2021-01-15T10:55:33","date_gmt":"2021-01-15T10:55:33","guid":{"rendered":"https:\/\/codengine3.ch\/?product=import-placeholder-for-207582"},"modified":"2026-02-03T09:41:10","modified_gmt":"2026-02-03T08:41:10","slug":"skitourenfuehrer-vorarlberg-panico","status":"publish","type":"product","link":"https:\/\/pizbube.ch\/en\/shop\/skitourenfuehrer-vorarlberg-panico\/","title":{"rendered":"Skitourenf\u00fchrer Vorarlberg (Panico)"},"content":{"rendered":"<p>Die Berge um Freschen, Drusenfluh und Kaltenberg lassen kaum W\u00fcnsche offen. Lediglich Freunde stiebenden Gletscherpulvers werden aufgrund der moderaten H\u00f6henlage der Gipfel hier eher nicht f\u00fcndig. Ansonsten ist alles vertreten: vom Einsteiger-Berg Hoch\u00e4lpele u\u0308ber den Touren-Klassiker Sulzfluh-Rachen bis zur anspruchsvollen Valschavieler Madererspitze &#8211; eine skibergsteigerische Unternehmung par excellence: Jeder findet im L\u00e4ndle ein geeignetes Ziel.<\/p>\n<p>Stefan Lindemann &amp; Lothar Brunner dokumentieren mit diesem Band die<br \/>\nfantastischen M\u00f6glichkeiten im L\u00e4ndle in typischer Panico Manier.<\/p>\n<p>Neben den bereits erw\u00e4hnten Zielen werden unz\u00e4hlige, nur wenig bekannte Touren<br \/>\nakribisch beschrieben. Egal ob westlicher Bregenzerwald, Laternsertal,<br \/>\nMontafon, R\u00e4tikon, oder westliches Verwall &#8211; \u00fcber 100 Tourenbeschreibungen<br \/>\nplus eine Unzahl von Varianten warten \u2026<\/p>\n<p>3. Auflage 2023,<br \/>\n264 Seiten, 120 x 185 mm, Softcover, komplett 4 Farbig<\/p>","protected":false},"excerpt":{"rendered":"<ul>\n<li><strong><a href=\"https:\/\/pizbube.ch\/wp-content\/uploads\/attachments\/a_025\/8FFA208297516A85B4C4928262615E9A.pdf\" target=\"_blank\" rel=\"noopener\">PDF: Skitourenf\u00fchrer Vorarlberg Leseprobe<\/a><\/strong><\/li>\n<\/ul>","protected":false},"featured_media":165885,"template":"","meta":[],"product_brand":[],"product_cat":[21540],"product_tag":[],"class_list":{"0":"post-147601","1":"product","2":"type-product","3":"status-publish","4":"has-post-thumbnail","6":"product_cat-fuehrerliteratur-alpin-winter","7":"pa_autor-lindenmann-brunner","8":"pa_erscheinungsjahr-27129","9":"pa_region-oesterreich","10":"pa_sprache-de","12":"first","13":"instock","14":"taxable","15":"shipping-taxable","16":"purchasable","17":"product-type-simple"},"_links":{"self":[{"href":"https:\/\/pizbube.ch\/en\/wp-json\/wp\/v2\/product\/147601","targetHints":{"allow":["GET"]}}],"collection":[{"href":"https:\/\/pizbube.ch\/en\/wp-json\/wp\/v2\/product"}],"about":[{"href":"https:\/\/pizbube.ch\/en\/wp-json\/wp\/v2\/types\/product"}],"wp:featuredmedia":[{"embeddable":true,"href":"https:\/\/pizbube.ch\/en\/wp-json\/wp\/v2\/media\/165885"}],"wp:attachment":[{"href":"https:\/\/pizbube.ch\/en\/wp-json\/wp\/v2\/media?parent=147601"}],"wp:term":[{"taxonomy":"product_brand","embeddable":true,"href":"https:\/\/pizbube.ch\/en\/wp-json\/wp\/v2\/product_brand?post=147601"},{"taxonomy":"product_cat","embeddable":true,"href":"https:\/\/pizbube.ch\/en\/wp-json\/wp\/v2\/product_cat?post=147601"},{"taxonomy":"product_tag","embeddable":true,"href":"https:\/\/pizbube.ch\/en\/wp-json\/wp\/v2\/product_tag?post=147601"}],"curies":[{"name":"wp","href":"https:\/\/api.w.org\/{rel}","templated":true}]}}