{"id":147602,"date":"2021-01-15T10:55:33","date_gmt":"2021-01-15T10:55:33","guid":{"rendered":"https:\/\/codengine3.ch\/?product=import-placeholder-for-202430"},"modified":"2021-01-15T12:36:13","modified_gmt":"2021-01-15T12:36:13","slug":"nepal-3","status":"publish","type":"product","link":"https:\/\/pizbube.ch\/en\/shop\/nepal-3\/","title":{"rendered":"Nepal"},"content":{"rendered":"<p>Dumont F\u00fchrer; Streifz\u00fcge durch das Kathmandu-Tal mit seinen mittelalterlichen<br \/>\nK\u00f6nigsst\u00e4dten, bedeutenden Tempeln und Stupas .Wissenswertes \u00fcber die Sherpa,<br \/>\n\u00fcber Buddhismus und Hinduismus. Praktische Informationen, u. a. zu<br \/>\nUnterk\u00fcnften, Restaurants, Verkehrsverbindungen und Trekking<\/p>","protected":false},"excerpt":{"rendered":"<ul>\n<li><b>INFO: Neuauflage\/ Nachdruck unbestimmt<b><\/li>\n<\/ul>","protected":false},"featured_media":45070,"template":"","meta":[],"product_brand":[],"product_cat":[21605],"product_tag":[],"class_list":{"0":"post-147602","1":"product","2":"type-product","3":"status-publish","4":"has-post-thumbnail","6":"product_cat-wanderfuehrer-trekking","7":"pa_autor-aubert","8":"pa_erscheinungsjahr-22242","9":"pa_region-asien","10":"pa_sprache-de","12":"first","13":"outofstock","14":"taxable","15":"shipping-taxable","16":"purchasable","17":"product-type-simple"},"_links":{"self":[{"href":"https:\/\/pizbube.ch\/en\/wp-json\/wp\/v2\/product\/147602","targetHints":{"allow":["GET"]}}],"collection":[{"href":"https:\/\/pizbube.ch\/en\/wp-json\/wp\/v2\/product"}],"about":[{"href":"https:\/\/pizbube.ch\/en\/wp-json\/wp\/v2\/types\/product"}],"wp:featuredmedia":[{"embeddable":true,"href":"https:\/\/pizbube.ch\/en\/wp-json\/wp\/v2\/media\/45070"}],"wp:attachment":[{"href":"https:\/\/pizbube.ch\/en\/wp-json\/wp\/v2\/media?parent=147602"}],"wp:term":[{"taxonomy":"product_brand","embeddable":true,"href":"https:\/\/pizbube.ch\/en\/wp-json\/wp\/v2\/product_brand?post=147602"},{"taxonomy":"product_cat","embeddable":true,"href":"https:\/\/pizbube.ch\/en\/wp-json\/wp\/v2\/product_cat?post=147602"},{"taxonomy":"product_tag","embeddable":true,"href":"https:\/\/pizbube.ch\/en\/wp-json\/wp\/v2\/product_tag?post=147602"}],"curies":[{"name":"wp","href":"https:\/\/api.w.org\/{rel}","templated":true}]}}