{"id":147607,"date":"2021-01-15T10:55:40","date_gmt":"2021-01-15T10:55:40","guid":{"rendered":"https:\/\/codengine3.ch\/?product=import-placeholder-for-206623"},"modified":"2021-01-15T14:50:20","modified_gmt":"2021-01-15T14:50:20","slug":"iv-grado-e-piu-friuli-occidentale","status":"publish","type":"product","link":"https:\/\/pizbube.ch\/en\/shop\/iv-grado-e-piu-friuli-occidentale\/","title":{"rendered":"IV GRADO e pi\u00f9 &#8211; FRIULI OCCIDENTALE"},"content":{"rendered":"<p>Quarto Grado \u00e8 gi\u00e0 da anni un marchio seguito dagli amanti dell\u00b4alpinismo<br \/>\ndolomitico che si confrontano con la roccia su difficolt\u00e0 di questo tipo.<br \/>\nEmiliano Zorzi, questa volta con altri due appassionati, Carlo Piovan del noto<br \/>\nsiti web &#8218;I Rampegoni&#8216; e Saverio D\u00b4Eredit\u00e0, rivolge ora l\u00b4attenzione alle<br \/>\ntante pareti di roccia calcarea del Friuli Venezia Giulia, una regione a torto<br \/>\nun po\u00b4 dimenticata, invitando a scoprire angoli appartati, come pure pareti<br \/>\nabbastanza frequentate, con roccia spesso inaspettatamente eccezionale. Cade<br \/>\ncos\u00ec ora il tab\u00f9 che ha sempre fatto credere che in questa regione esistano<br \/>\nsolo itinerari di roccia instabile e per gli amanti del rischio.<br \/>\n78 vie d\u00b4ambiente e sportive in: Duranno, Cima dei Preti, Monfalconi, Spalti<br \/>\ndi Toro, Cridola, Pramaggiore, Brentoni, Clap, Siera, Creta Forata, Peralba,<br \/>\nChiadenis, Avanza, Coglians, Chianevate, Monte Croce Carnico  <\/p>","protected":false},"excerpt":{"rendered":"<p>Quarto Grado \u00e8 gi\u00e0 da anni un marchio seguito dagli amanti dell\u00b4alpinismo dolomitico che si confrontano con la roccia su difficolt\u00e0 di questo tipo. Emiliano Zorzi, questa volta con altri due appassionati, Carlo Piovan del noto siti web &#8218;I Rampegoni&#8216; e Saverio D\u00b4Eredit\u00e0, rivolge ora l\u00b4attenzione alle tante pareti di roccia calcarea del Friuli Venezia [&#8230;]\n","protected":false},"featured_media":35719,"template":"","meta":[],"product_brand":[],"product_cat":[21539],"product_tag":[],"class_list":{"0":"post-147607","1":"product","2":"type-product","3":"status-publish","4":"has-post-thumbnail","6":"product_cat-fuehrerliteratur-sportklettern-bouldern","7":"pa_autor-zorzi-piovan-deredita-2","8":"pa_erscheinungsjahr-21610","9":"pa_region-italien","10":"pa_sprache-it","12":"first","13":"instock","14":"taxable","15":"shipping-taxable","16":"purchasable","17":"product-type-simple"},"_links":{"self":[{"href":"https:\/\/pizbube.ch\/en\/wp-json\/wp\/v2\/product\/147607","targetHints":{"allow":["GET"]}}],"collection":[{"href":"https:\/\/pizbube.ch\/en\/wp-json\/wp\/v2\/product"}],"about":[{"href":"https:\/\/pizbube.ch\/en\/wp-json\/wp\/v2\/types\/product"}],"wp:featuredmedia":[{"embeddable":true,"href":"https:\/\/pizbube.ch\/en\/wp-json\/wp\/v2\/media\/35719"}],"wp:attachment":[{"href":"https:\/\/pizbube.ch\/en\/wp-json\/wp\/v2\/media?parent=147607"}],"wp:term":[{"taxonomy":"product_brand","embeddable":true,"href":"https:\/\/pizbube.ch\/en\/wp-json\/wp\/v2\/product_brand?post=147607"},{"taxonomy":"product_cat","embeddable":true,"href":"https:\/\/pizbube.ch\/en\/wp-json\/wp\/v2\/product_cat?post=147607"},{"taxonomy":"product_tag","embeddable":true,"href":"https:\/\/pizbube.ch\/en\/wp-json\/wp\/v2\/product_tag?post=147607"}],"curies":[{"name":"wp","href":"https:\/\/api.w.org\/{rel}","templated":true}]}}