{"id":147608,"date":"2021-01-15T10:55:40","date_gmt":"2021-01-15T10:55:40","guid":{"rendered":"https:\/\/codengine3.ch\/?product=import-placeholder-for-203400"},"modified":"2021-01-15T14:22:54","modified_gmt":"2021-01-15T14:22:54","slug":"klettersteige-vie-ferrate-kaernten-friuli-slovenija","status":"publish","type":"product","link":"https:\/\/pizbube.ch\/en\/shop\/klettersteige-vie-ferrate-kaernten-friuli-slovenija\/","title":{"rendered":"Klettersteige Vie ferrate K\u00e4rnten Friuli Slovenija"},"content":{"rendered":"<p>Die besten Klettersteige in K\u00e4rnten, Friaul und Slowenien: 30 ausgew\u00e4hlte<br \/>\nKlettersteige der Region sowie 3 \u00dcbungstouren; 144 Seiten, 26 schwarz-wei\u00df und<br \/>\n7 farbige Fotos, 65 schwarz-wei\u00df Zeichnung(en)<br \/>\nA choice of 30 vie ferrate of this area.<br \/>\n144 p.<\/p>","protected":false},"excerpt":{"rendered":"<p>Die besten Klettersteige in K\u00e4rnten, Friaul und Slowenien: 30 ausgew\u00e4hlte Klettersteige der Region sowie 3 \u00dcbungstouren; 144 Seiten, 26 schwarz-wei\u00df und 7 farbige Fotos, 65 schwarz-wei\u00df Zeichnung(en) A choice of 30 vie ferrate of this area. 144 p.<\/p>","protected":false},"featured_media":31003,"template":"","meta":[],"product_brand":[],"product_cat":[21544],"product_tag":[],"class_list":{"0":"post-147608","1":"product","2":"type-product","3":"status-publish","4":"has-post-thumbnail","6":"product_cat-fuehrerliteratur-alpin-sommer","7":"pa_autor-neumann","8":"pa_erscheinungsjahr-21920","9":"pa_region-oesterreich","10":"pa_sprache-d","11":"pa_sprache-e","12":"pa_sprache-i","14":"first","15":"instock","16":"taxable","17":"shipping-taxable","18":"purchasable","19":"product-type-simple"},"_links":{"self":[{"href":"https:\/\/pizbube.ch\/en\/wp-json\/wp\/v2\/product\/147608","targetHints":{"allow":["GET"]}}],"collection":[{"href":"https:\/\/pizbube.ch\/en\/wp-json\/wp\/v2\/product"}],"about":[{"href":"https:\/\/pizbube.ch\/en\/wp-json\/wp\/v2\/types\/product"}],"wp:featuredmedia":[{"embeddable":true,"href":"https:\/\/pizbube.ch\/en\/wp-json\/wp\/v2\/media\/31003"}],"wp:attachment":[{"href":"https:\/\/pizbube.ch\/en\/wp-json\/wp\/v2\/media?parent=147608"}],"wp:term":[{"taxonomy":"product_brand","embeddable":true,"href":"https:\/\/pizbube.ch\/en\/wp-json\/wp\/v2\/product_brand?post=147608"},{"taxonomy":"product_cat","embeddable":true,"href":"https:\/\/pizbube.ch\/en\/wp-json\/wp\/v2\/product_cat?post=147608"},{"taxonomy":"product_tag","embeddable":true,"href":"https:\/\/pizbube.ch\/en\/wp-json\/wp\/v2\/product_tag?post=147608"}],"curies":[{"name":"wp","href":"https:\/\/api.w.org\/{rel}","templated":true}]}}