{"id":147609,"date":"2021-01-15T10:55:40","date_gmt":"2021-01-15T10:55:40","guid":{"rendered":"https:\/\/codengine3.ch\/?product=import-placeholder-for-203399"},"modified":"2021-01-15T14:22:54","modified_gmt":"2021-01-15T14:22:54","slug":"schluchten-canyon-kaernten-friaul-und-slowenien","status":"publish","type":"product","link":"https:\/\/pizbube.ch\/en\/shop\/schluchten-canyon-kaernten-friaul-und-slowenien\/","title":{"rendered":"Schluchten Canyon K\u00e4rnten, Friaul und Slowenien"},"content":{"rendered":"<p>\nDie besten Schluchten in K\u00e4rnten, Friaul und Slowenien:<br \/>\neine Auswahl der 20 besten Schluchten in dieser Region. 112 Seiten, 1 schwarz-<br \/>\nwei\u00df Tabellen, 10 schwarz-wei\u00df und 10 farbige Fotos, 52 schwarz-wei\u00df<br \/>\nZeichnung(en).  <\/p>\n<p>Canyons unlimited: the best canyons in Carinzia, Friuli and Slovenia: a choice<br \/>\nof 20 most beautiful canyons!<br \/>\n112 p.  <\/p>","protected":false},"excerpt":{"rendered":"<p>Die besten Schluchten in K\u00e4rnten, Friaul und Slowenien: eine Auswahl der 20 besten Schluchten in dieser Region. 112 Seiten, 1 schwarz- wei\u00df Tabellen, 10 schwarz-wei\u00df und 10 farbige Fotos, 52 schwarz-wei\u00df Zeichnung(en). Canyons unlimited: the best canyons in Carinzia, Friuli and Slovenia: a choice of 20 most beautiful canyons! 112 p.<\/p>","protected":false},"featured_media":31002,"template":"","meta":[],"product_brand":[],"product_cat":[21650],"product_tag":[],"class_list":{"0":"post-147609","1":"product","2":"type-product","3":"status-publish","4":"has-post-thumbnail","6":"product_cat-canyoningfuehrer","7":"pa_autor-neumann","8":"pa_erscheinungsjahr-21920","9":"pa_region-oesterreich","10":"pa_sprache-d","11":"pa_sprache-e","12":"pa_sprache-i","14":"first","15":"instock","16":"taxable","17":"shipping-taxable","18":"purchasable","19":"product-type-simple"},"_links":{"self":[{"href":"https:\/\/pizbube.ch\/en\/wp-json\/wp\/v2\/product\/147609","targetHints":{"allow":["GET"]}}],"collection":[{"href":"https:\/\/pizbube.ch\/en\/wp-json\/wp\/v2\/product"}],"about":[{"href":"https:\/\/pizbube.ch\/en\/wp-json\/wp\/v2\/types\/product"}],"wp:featuredmedia":[{"embeddable":true,"href":"https:\/\/pizbube.ch\/en\/wp-json\/wp\/v2\/media\/31002"}],"wp:attachment":[{"href":"https:\/\/pizbube.ch\/en\/wp-json\/wp\/v2\/media?parent=147609"}],"wp:term":[{"taxonomy":"product_brand","embeddable":true,"href":"https:\/\/pizbube.ch\/en\/wp-json\/wp\/v2\/product_brand?post=147609"},{"taxonomy":"product_cat","embeddable":true,"href":"https:\/\/pizbube.ch\/en\/wp-json\/wp\/v2\/product_cat?post=147609"},{"taxonomy":"product_tag","embeddable":true,"href":"https:\/\/pizbube.ch\/en\/wp-json\/wp\/v2\/product_tag?post=147609"}],"curies":[{"name":"wp","href":"https:\/\/api.w.org\/{rel}","templated":true}]}}