{"id":147611,"date":"2021-01-15T10:55:40","date_gmt":"2021-01-15T10:55:40","guid":{"rendered":"https:\/\/codengine3.ch\/?product=import-placeholder-for-203786"},"modified":"2021-01-15T14:26:34","modified_gmt":"2021-01-15T14:26:34","slug":"friulanische-dolomiten-und-karnische-alpen","status":"publish","type":"product","link":"https:\/\/pizbube.ch\/en\/shop\/friulanische-dolomiten-und-karnische-alpen\/","title":{"rendered":"Friulanische Dolomiten und Karnische Alpen"},"content":{"rendered":"<p>Bergregionen vom Karnischen Hauptkamm bis zur Tiefebene Friauls: pr\u00e4sentiert<br \/>\nPilz auch erstmals im deutschsprachigen Raum den Naturpark Friulanische<br \/>\nDolomiten, wo ein Kleinod der Alpen in seiner Urspr\u00fcnglichkeit erhalten<br \/>\ngeblieben ist. Der Leser entdeckt die wilden Schluchten, aquamarinfarbenen<br \/>\nFl\u00fcsse und k\u00fchnen Felsgipfel.<br \/>\nAuf den Leser warten 80 Tourenvorschl\u00e4ge, von leichten Wanderungen bis zu<br \/>\nanspruchsvollen Bergtouren auf die h\u00f6chsten Gipfel. Ein Tourenf\u00fchrer in<br \/>\nTaschenformat zum Herausnehmen ist dem Buch beigelegt und begleitet Sie auf<br \/>\ndem Weg zum Gipfel. Exakte Wegbeschreibungen, Wanderkarte und Angaben \u00fcber<br \/>\nSchwierigkeit, Unterkunft und Einkehr lassen Sie nicht vom Weg abkommen. Alle<br \/>\nTouren wurden von der Autorin selbst begangen.<br \/>\n192 Seiten, durchgehend Farbfotos<\/p>","protected":false},"excerpt":{"rendered":"<p>Bergregionen vom Karnischen Hauptkamm bis zur Tiefebene Friauls: pr\u00e4sentiert Pilz auch erstmals im deutschsprachigen Raum den Naturpark Friulanische Dolomiten, wo ein Kleinod der Alpen in seiner Urspr\u00fcnglichkeit erhalten geblieben ist. Der Leser entdeckt die wilden Schluchten, aquamarinfarbenen Fl\u00fcsse und k\u00fchnen Felsgipfel. Auf den Leser warten 80 Tourenvorschl\u00e4ge, von leichten Wanderungen bis zu anspruchsvollen Bergtouren auf [&#8230;]\n","protected":false},"featured_media":31467,"template":"","meta":[],"product_brand":[],"product_cat":[21542],"product_tag":[],"class_list":{"0":"post-147611","1":"product","2":"type-product","3":"status-publish","4":"has-post-thumbnail","6":"product_cat-sachbuecher-dokumentationen","7":"pa_autor-pilz","8":"pa_erscheinungsjahr-21776","9":"pa_region-italien","10":"pa_sprache-de","12":"first","13":"instock","14":"taxable","15":"shipping-taxable","16":"purchasable","17":"product-type-simple"},"_links":{"self":[{"href":"https:\/\/pizbube.ch\/en\/wp-json\/wp\/v2\/product\/147611","targetHints":{"allow":["GET"]}}],"collection":[{"href":"https:\/\/pizbube.ch\/en\/wp-json\/wp\/v2\/product"}],"about":[{"href":"https:\/\/pizbube.ch\/en\/wp-json\/wp\/v2\/types\/product"}],"wp:featuredmedia":[{"embeddable":true,"href":"https:\/\/pizbube.ch\/en\/wp-json\/wp\/v2\/media\/31467"}],"wp:attachment":[{"href":"https:\/\/pizbube.ch\/en\/wp-json\/wp\/v2\/media?parent=147611"}],"wp:term":[{"taxonomy":"product_brand","embeddable":true,"href":"https:\/\/pizbube.ch\/en\/wp-json\/wp\/v2\/product_brand?post=147611"},{"taxonomy":"product_cat","embeddable":true,"href":"https:\/\/pizbube.ch\/en\/wp-json\/wp\/v2\/product_cat?post=147611"},{"taxonomy":"product_tag","embeddable":true,"href":"https:\/\/pizbube.ch\/en\/wp-json\/wp\/v2\/product_tag?post=147611"}],"curies":[{"name":"wp","href":"https:\/\/api.w.org\/{rel}","templated":true}]}}