{"id":147612,"date":"2021-01-15T10:55:40","date_gmt":"2021-01-15T10:55:40","guid":{"rendered":"https:\/\/codengine3.ch\/?product=import-placeholder-for-200243"},"modified":"2025-01-18T14:36:30","modified_gmt":"2025-01-18T13:36:30","slug":"die-klassischen-skitouren-des-schweizer-alpen-club-sac","status":"publish","type":"product","link":"https:\/\/pizbube.ch\/en\/shop\/die-klassischen-skitouren-des-schweizer-alpen-club-sac\/","title":{"rendered":"Die klassischen Skitouren des Schweizer Alpen-Club SAC"},"content":{"rendered":"<p>Dieser Auswahlf\u00fchrer beschreibt dem alpinen Skitoureng\u00e4nger die lohnendsten<br \/>\nTouren der verschiedenen Regionen zwischen Dent de Lys und Rosswis, Gridone<br \/>\nund Glatten.<\/p>\n<p>Zu den rund 570 Routen in den Walliser, Berner, Tessiner, Zentralschweizer,<br \/>\nB\u00fcndner, Glarner und St. Galler Alpen geh\u00f6ren die grossen Klassiker<br \/>\nselbstverst\u00e4ndlich dazu: Finsteraarhorn, Monte Rosa, Dammastock und T\u00f6di, Piz<br \/>\nBernina und Rheinwaldhorn.<\/p>\n<p>Nat\u00fcrlich sind die grossen Klassiker ebenso beschrieben: Finsteraarhorn und<br \/>\nMonte Rosa, Dammastock und T\u00f6di, Piz Bernina und Rheinwaldhorn. Vorschl\u00e4ge f\u00fcr<br \/>\nmehrt\u00e4gige Rundtouren und Tourenwochen runden die Kapitel ab. Erg\u00e4nzt werden<br \/>\ndie Beschreibungen durch 113 Fotos mit eingezeichneten Routen sowie<br \/>\nPiktogrammen f\u00fcr Snowboard-Touren. Routenbeschreibungen . Walliser Alpen .<br \/>\nBerner Alpen und angrenzende Gebiete . Tessiner Alpen . Zentralschweizer Alpen<br \/>\n. B\u00fcndner Alpen . Garner-\/St. Galler Alpen<\/p>\n<p>714 Seiten, \u00fcber 400 Gipfelziele, 570 Routen, mit 165 Routenfotos<\/p>","protected":false},"excerpt":{"rendered":"<ul>\n<li><a href=\"https:\/\/pizbube.ch\/wp-content\/uploads\/attachments\/a_003\/2F5308D49A322F6D528890CDDA89194C.pdf\" target=\"_blank\" rel=\"noopener\">PDF: Leseprobe_Die_klassischen_Skitouren.pdf<\/a><\/li>\n<\/ul>","protected":false},"featured_media":159420,"template":"","meta":[],"product_brand":[],"product_cat":[21540],"product_tag":[],"class_list":{"0":"post-147612","1":"product","2":"type-product","3":"status-publish","4":"has-post-thumbnail","6":"product_cat-fuehrerliteratur-alpin-winter","7":"pa_autor-sanga","8":"pa_erscheinungsjahr-21597","9":"pa_region-schweiz","10":"pa_sprache-de","12":"first","13":"outofstock","14":"taxable","15":"shipping-taxable","16":"purchasable","17":"product-type-simple"},"_links":{"self":[{"href":"https:\/\/pizbube.ch\/en\/wp-json\/wp\/v2\/product\/147612","targetHints":{"allow":["GET"]}}],"collection":[{"href":"https:\/\/pizbube.ch\/en\/wp-json\/wp\/v2\/product"}],"about":[{"href":"https:\/\/pizbube.ch\/en\/wp-json\/wp\/v2\/types\/product"}],"wp:featuredmedia":[{"embeddable":true,"href":"https:\/\/pizbube.ch\/en\/wp-json\/wp\/v2\/media\/159420"}],"wp:attachment":[{"href":"https:\/\/pizbube.ch\/en\/wp-json\/wp\/v2\/media?parent=147612"}],"wp:term":[{"taxonomy":"product_brand","embeddable":true,"href":"https:\/\/pizbube.ch\/en\/wp-json\/wp\/v2\/product_brand?post=147612"},{"taxonomy":"product_cat","embeddable":true,"href":"https:\/\/pizbube.ch\/en\/wp-json\/wp\/v2\/product_cat?post=147612"},{"taxonomy":"product_tag","embeddable":true,"href":"https:\/\/pizbube.ch\/en\/wp-json\/wp\/v2\/product_tag?post=147612"}],"curies":[{"name":"wp","href":"https:\/\/api.w.org\/{rel}","templated":true}]}}