{"id":147613,"date":"2021-01-15T10:55:40","date_gmt":"2021-01-15T10:55:40","guid":{"rendered":"https:\/\/codengine3.ch\/?product=import-placeholder-for-208090"},"modified":"2025-10-07T16:58:18","modified_gmt":"2025-10-07T14:58:18","slug":"ski-snowboard-tourenatlas-schweiz","status":"publish","type":"product","link":"https:\/\/pizbube.ch\/en\/shop\/ski-snowboard-tourenatlas-schweiz\/","title":{"rendered":"Ski &amp; Snowboard Tourenatlas Schweiz"},"content":{"rendered":"<p>Drei Jahre lang haben Nicolas Fojtu und Markus von Glasenapp an ihrem<br \/>\nm\u00e4chtigen Ski &amp; Snowboard Tourenatlas Schweiz gearbeitet.<\/p>\n<p>Das vorliegende Kompendium sprengt alle bisher bekannten Buch-Dimensionen. Auf<br \/>\n384 Seiten pr\u00e4sentieren sie \u00fcber 1000 Routen auf 400 Schweizer Gipfel. Der<br \/>\n\u00fcberaus aufwendig ausgestattete Band geizt dabei nicht mit Reizen:<br \/>\ngro\u00dfformatige Fotos, Infografiken f\u00fcr jede Tour, eine ausgewogene Auswahl an<br \/>\nRouten f\u00fcr jedes Level, Tipps f\u00fcr \u00dcbernachtungen &amp; Mehrtagesrouten &#8211; verpackt<br \/>\nin eine durchdachte Typografie.<\/p>\n<p>Alles in allem Berge von handfesten Informationen. Damit kommt bereits in der<br \/>\nPlanungsphase unb\u00e4ndige (Vor-)Freude auf. Nach der Lekt\u00fcre will man am<br \/>\nliebsten gleich raus und selbst seine Spuren ziehen.<\/p>\n<p>Ist es so weit, kommt der zweite Teil des opulenten Pakets ins Spiel: f\u00fcr<br \/>\nunterwegs werden 30 detailgenaue Karten (Swisstopo) mitgeliefert. Der Zugriff<br \/>\nauf die Kartenbl\u00e4tter wird durch die mitgelieferte Box geordnet und<br \/>\nkomfortabel gestaltet.<\/p>\n<p>&#8211; 30 herausragende Tourengebiete in den Schweizer Alpen, umfassend<br \/>\nbeschrieben in einem Komplettpaket bestehend aus Buch und Karten<br \/>\n&#8211; \u00dcber 1000 Routen auf 400 Gipfel<br \/>\n&#8211; 30 Tourenkarten im Massstab 1 : 35`000 f\u00fcr unterwegs, basierend auf<br \/>\nswisstopo-Daten und erg\u00e4nzt mit Schl\u00fcsselstellen<br \/>\n&#8211; Pro Gebiet werden Einsteigertouren und anspruchsvolle Routen vorgestellt<br \/>\n&#8211; Infografiken und Farben erleichtern die Tourenauswahl und Planung<br \/>\n&#8211; \u00dcber 100 H\u00fctten und Unterk\u00fcnfte und Tipps f\u00fcr Mehrtagestouren<br \/>\n&#8211; Mehr als 150 grossformatige Fotografien<\/p>\n<p>4. aktualisierte Auflage 2020<\/p>","protected":false},"excerpt":{"rendered":"<ul>\n<li><strong><a href=\"https:\/\/pizbube.ch\/wp-content\/uploads\/attachments\/a_028\/C3AEE627B350A29E37A6A4D26E070477.pdf\" target=\"_blank\" rel=\"noopener\">PDF: Leserprobe Ski&amp;Snowboard Tourenatlas Schweiz<\/a><\/strong><\/li>\n<\/ul>","protected":false},"featured_media":177174,"template":"","meta":[],"product_brand":[],"product_cat":[21540],"product_tag":[],"class_list":{"0":"post-147613","1":"product","2":"type-product","3":"status-publish","4":"has-post-thumbnail","6":"product_cat-fuehrerliteratur-alpin-winter","7":"pa_autor-fojtu-von-glasenapp","8":"pa_erscheinungsjahr-21558","9":"pa_region-schweiz","10":"pa_sprache-de","12":"first","13":"instock","14":"taxable","15":"shipping-taxable","16":"purchasable","17":"product-type-simple"},"_links":{"self":[{"href":"https:\/\/pizbube.ch\/en\/wp-json\/wp\/v2\/product\/147613","targetHints":{"allow":["GET"]}}],"collection":[{"href":"https:\/\/pizbube.ch\/en\/wp-json\/wp\/v2\/product"}],"about":[{"href":"https:\/\/pizbube.ch\/en\/wp-json\/wp\/v2\/types\/product"}],"wp:featuredmedia":[{"embeddable":true,"href":"https:\/\/pizbube.ch\/en\/wp-json\/wp\/v2\/media\/177174"}],"wp:attachment":[{"href":"https:\/\/pizbube.ch\/en\/wp-json\/wp\/v2\/media?parent=147613"}],"wp:term":[{"taxonomy":"product_brand","embeddable":true,"href":"https:\/\/pizbube.ch\/en\/wp-json\/wp\/v2\/product_brand?post=147613"},{"taxonomy":"product_cat","embeddable":true,"href":"https:\/\/pizbube.ch\/en\/wp-json\/wp\/v2\/product_cat?post=147613"},{"taxonomy":"product_tag","embeddable":true,"href":"https:\/\/pizbube.ch\/en\/wp-json\/wp\/v2\/product_tag?post=147613"}],"curies":[{"name":"wp","href":"https:\/\/api.w.org\/{rel}","templated":true}]}}