{"id":147614,"date":"2021-01-15T10:55:40","date_gmt":"2021-01-15T10:55:40","guid":{"rendered":"https:\/\/codengine3.ch\/?product=import-placeholder-for-202861"},"modified":"2022-02-24T14:01:59","modified_gmt":"2022-02-24T13:01:59","slug":"les-classiques-de-randonnee-a-ski-du-club-alpin-suisse-cas","status":"publish","type":"product","link":"https:\/\/pizbube.ch\/en\/shop\/les-classiques-de-randonnee-a-ski-du-club-alpin-suisse-cas\/","title":{"rendered":"Les classiques de randonn\u00e9e \u00e0 ski du Club Alpin Suisse CAS"},"content":{"rendered":"<p>S\u00e9lection d`itin\u00e9raires des Alpes et Pr\u00e9alpes suisses.<br \/>\nEnv. 713 pages, plus de 400 sommets, 570 itin\u00e9raires avec 165 itin\u00e9raires sur<br \/>\nphotos<\/p>\n<p>Ce guide pr\u00e9sente des itin\u00e9raires menant a environ 450 cabanes et sommets<br \/>\nentre la Dent de Lys et Rosswis, Gridone et Glatten. Naturellement, les grands<br \/>\nclassiques ne manquent pas a l&#8217;appel: le Finsteraarhorn et le Mont Rose, le<br \/>\nDammastock et le T\u00f6di, le Piz Bernina ou encore le Rheinwaldhorn. Les<br \/>\nchapitres se terminent par des propositions de circuits de plusieurs jours et<br \/>\ndes semaines de course. Les descriptions sont compl\u00e9t\u00e9es par 165 photos avec<br \/>\nles itin\u00e9raires, ainsi que par des pictogrammes pour les randonn\u00e9es a<br \/>\nsnowboard. Et, nouveaut\u00e9 particulierement importante, les difficult\u00e9s de<br \/>\ntoutes les mont\u00e9es et descentes ont \u00e9t\u00e9 saisies, pour la premiere fois, de<br \/>\nmaniere uniforme. Ainsi, \u00abpeu difficile, limite sup\u00e9rieure\u00bb de la Haute Route<br \/>\ncorrespond maintenant au \u00abPD+\u00bb dans la Silvretta.<\/p>\n<p>_Description de l`itin\u00e9raire:_<br \/>\n\u2022 Alpes valaisannes<br \/>\n\u2022 Alpes bernoises et r\u00e9gions limitrophes<br \/>\n\u2022 Alpes tessinoises<br \/>\n\u2022 Alpes de Suisse centrale<br \/>\n\u2022 Alpes grisonnes<br \/>\n\u2022 Alpes glaronaises et Saint-Galloises<\/p>","protected":false},"excerpt":{"rendered":"<p>S\u00e9lection d`itin\u00e9raires des Alpes et Pr\u00e9alpes suisses. Env. 713 pages, plus de 400 sommets, 570 itin\u00e9raires avec 165 itin\u00e9raires sur photos Ce guide pr\u00e9sente des itin\u00e9raires menant a environ 450 cabanes et sommets entre la Dent de Lys et Rosswis, Gridone et Glatten. Naturellement, les grands classiques ne manquent pas a l&#8217;appel: le Finsteraarhorn et [&#8230;]\n","protected":false},"featured_media":38395,"template":"","meta":[],"product_brand":[],"product_cat":[21540],"product_tag":[],"class_list":{"0":"post-147614","1":"product","2":"type-product","3":"status-publish","4":"has-post-thumbnail","6":"product_cat-fuehrerliteratur-alpin-winter","7":"pa_autor-sanga","8":"pa_erscheinungsjahr-21597","9":"pa_region-schweiz","10":"pa_sprache-fr","12":"first","13":"outofstock","14":"taxable","15":"shipping-taxable","16":"purchasable","17":"product-type-simple"},"_links":{"self":[{"href":"https:\/\/pizbube.ch\/en\/wp-json\/wp\/v2\/product\/147614","targetHints":{"allow":["GET"]}}],"collection":[{"href":"https:\/\/pizbube.ch\/en\/wp-json\/wp\/v2\/product"}],"about":[{"href":"https:\/\/pizbube.ch\/en\/wp-json\/wp\/v2\/types\/product"}],"wp:featuredmedia":[{"embeddable":true,"href":"https:\/\/pizbube.ch\/en\/wp-json\/wp\/v2\/media\/38395"}],"wp:attachment":[{"href":"https:\/\/pizbube.ch\/en\/wp-json\/wp\/v2\/media?parent=147614"}],"wp:term":[{"taxonomy":"product_brand","embeddable":true,"href":"https:\/\/pizbube.ch\/en\/wp-json\/wp\/v2\/product_brand?post=147614"},{"taxonomy":"product_cat","embeddable":true,"href":"https:\/\/pizbube.ch\/en\/wp-json\/wp\/v2\/product_cat?post=147614"},{"taxonomy":"product_tag","embeddable":true,"href":"https:\/\/pizbube.ch\/en\/wp-json\/wp\/v2\/product_tag?post=147614"}],"curies":[{"name":"wp","href":"https:\/\/api.w.org\/{rel}","templated":true}]}}