{"id":147618,"date":"2021-01-15T10:55:40","date_gmt":"2021-01-15T10:55:40","guid":{"rendered":"https:\/\/codengine3.ch\/?product=import-placeholder-for-200245"},"modified":"2021-01-15T10:55:45","modified_gmt":"2021-01-15T10:55:45","slug":"escalade-en-valais-central","status":"publish","type":"product","link":"https:\/\/pizbube.ch\/en\/shop\/escalade-en-valais-central\/","title":{"rendered":"Escalade en Valais central"},"content":{"rendered":"<p>\n1429 Voies &#8211; 25 Sites  <\/p>\n<p>Ce topo du Valais central, remis \u00e0 jour, pr\u00e9sente un choix assez complet des<br \/>\nvoies ouvertes et \u00e9quip\u00e9es de la r\u00e9gion. Sont d\u00e9crits dans cet ouvrage les<br \/>\nsites de:<\/p>\n<p>Chamoson, Ardon, St. Bernard (Rte de Derborance), Scex Riond (Mayens de<br \/>\nConthey) Le Cube, Le Larzey, Mont Gond, Roua, Le Cube, Drouvyou (vallon de la<br \/>\nN\u00e9tage), Prarochet, Sanetsch, Arbaz, Anz\u00e8re, Rawyl, Les Audannes, Crans-<br \/>\nMontana (Les Violettes), Mi\u00e8ge, Finges, Bramois, St. S\u00e9bastien (Basse-Nendaz),<br \/>\nEvol\u00e8ne, Arolla, Briey, Vercorin, Ossona, Les Pontis, Zinal et la r\u00e9gion du<br \/>\nVal d&#8217;Anniviers.<br \/>\n220 p.  <\/p>","protected":false},"excerpt":{"rendered":"<p>1429 Voies &#8211; 25 Sites Ce topo du Valais central, remis \u00e0 jour, pr\u00e9sente un choix assez complet des voies ouvertes et \u00e9quip\u00e9es de la r\u00e9gion. Sont d\u00e9crits dans cet ouvrage les sites de: Chamoson, Ardon, St. Bernard (Rte de Derborance), Scex Riond (Mayens de Conthey) Le Cube, Le Larzey, Mont Gond, Roua, Le Cube, [&#8230;]\n","protected":false},"featured_media":26326,"template":"","meta":[],"product_brand":[],"product_cat":[21539],"product_tag":[],"class_list":{"0":"post-147618","1":"product","2":"type-product","3":"status-publish","4":"has-post-thumbnail","6":"product_cat-fuehrerliteratur-sportklettern-bouldern","7":"pa_autor-blanc-lugon","8":"pa_erscheinungsjahr-21586","9":"pa_region-schweiz","10":"pa_sprache-fr","12":"first","13":"instock","14":"taxable","15":"shipping-taxable","16":"purchasable","17":"product-type-simple"},"_links":{"self":[{"href":"https:\/\/pizbube.ch\/en\/wp-json\/wp\/v2\/product\/147618","targetHints":{"allow":["GET"]}}],"collection":[{"href":"https:\/\/pizbube.ch\/en\/wp-json\/wp\/v2\/product"}],"about":[{"href":"https:\/\/pizbube.ch\/en\/wp-json\/wp\/v2\/types\/product"}],"wp:featuredmedia":[{"embeddable":true,"href":"https:\/\/pizbube.ch\/en\/wp-json\/wp\/v2\/media\/26326"}],"wp:attachment":[{"href":"https:\/\/pizbube.ch\/en\/wp-json\/wp\/v2\/media?parent=147618"}],"wp:term":[{"taxonomy":"product_brand","embeddable":true,"href":"https:\/\/pizbube.ch\/en\/wp-json\/wp\/v2\/product_brand?post=147618"},{"taxonomy":"product_cat","embeddable":true,"href":"https:\/\/pizbube.ch\/en\/wp-json\/wp\/v2\/product_cat?post=147618"},{"taxonomy":"product_tag","embeddable":true,"href":"https:\/\/pizbube.ch\/en\/wp-json\/wp\/v2\/product_tag?post=147618"}],"curies":[{"name":"wp","href":"https:\/\/api.w.org\/{rel}","templated":true}]}}