{"id":147619,"date":"2021-01-15T10:55:40","date_gmt":"2021-01-15T10:55:40","guid":{"rendered":"https:\/\/codengine3.ch\/?product=import-placeholder-for-207124"},"modified":"2026-04-14T10:33:31","modified_gmt":"2026-04-14T08:33:31","slug":"kletterfuehrer-climbing-guide-oberwallis","status":"publish","type":"product","link":"https:\/\/pizbube.ch\/en\/shop\/kletterfuehrer-climbing-guide-oberwallis\/","title":{"rendered":"Kletterf\u00fchrer\/Climbing Guide Oberwallis"},"content":{"rendered":"<p>Goms\/Aletsch-Brig\/ Simplon\/ Visp\/ Saastal\/ Mattertal\/ Raron-Siders<\/p>\n<p>2000 Routen in 99 Klettergebieten: Inmitten der h\u00f6chsten Berge der Schweiz pr\u00e4sentiert sich eine \u00e4usserst vielseitige Kletterlandschaft mit weit \u00fcber 250 Mehrseill\u00e4ngentouren bis zu einer L\u00e4nge von 800 m!<\/p>\n<p>2000 routes in 99 climbing areas: Presented here is an incredibly diverse climbing landscape situated in the middle of the highest mountains of Switzerland. More than 250 multi-pitch routes up to 800m in length are to found in this guide!<\/p>\n<p>Deutsch, Englisch, 352 Seiten, 18 Fotos schwarz-weiss, 81 Fotos farbig, 70<br \/>\nTopos, 159 Routentopos, 71 Karten, 2 geologische Karten<\/p>\n<p>&nbsp;<\/p>\n<p>The Oberwallis is one of the most important climbing and mountaineering areas in Switzerland &#8211; also known as Valais East or Upper Valais. This rock guidebook covers the eastern area of the canton of Valais centred on Brig and covers the following regions &#8211; Goms; Aletsch-Brig; Simplon; Visp; Saastal; Mattertal; Raron-Siders. So it includes the popular areas around Zermatt and Saas Fee. This 2012 edition is the first time the Swiss Alpine Club have published the guidebook in the dual languages of German and English.<\/p>","protected":false},"excerpt":{"rendered":"<ul>\n<li><strong><a href=\"https:\/\/pizbube.ch\/wp-content\/uploads\/attachments\/a_015\/59D7BD7CD9AFE99B048B251A3130E4D7.pdf\" target=\"_blank\" rel=\"noopener\">PDF: Leseprobe_Kletterf\u00fchrer_Oberwallis<\/a><\/strong><\/li>\n<\/ul>","protected":false},"featured_media":156401,"template":"","meta":[],"product_brand":[],"product_cat":[21539],"product_tag":[],"class_list":{"0":"post-147619","1":"product","2":"type-product","3":"status-publish","4":"has-post-thumbnail","6":"product_cat-fuehrerliteratur-sportklettern-bouldern","7":"pa_autor-pointner-feller","8":"pa_erscheinungsjahr-21621","9":"pa_region-schweiz","10":"pa_sprache-d","11":"pa_sprache-e","13":"first","14":"instock","15":"taxable","16":"shipping-taxable","17":"purchasable","18":"product-type-simple"},"_links":{"self":[{"href":"https:\/\/pizbube.ch\/en\/wp-json\/wp\/v2\/product\/147619","targetHints":{"allow":["GET"]}}],"collection":[{"href":"https:\/\/pizbube.ch\/en\/wp-json\/wp\/v2\/product"}],"about":[{"href":"https:\/\/pizbube.ch\/en\/wp-json\/wp\/v2\/types\/product"}],"wp:featuredmedia":[{"embeddable":true,"href":"https:\/\/pizbube.ch\/en\/wp-json\/wp\/v2\/media\/156401"}],"wp:attachment":[{"href":"https:\/\/pizbube.ch\/en\/wp-json\/wp\/v2\/media?parent=147619"}],"wp:term":[{"taxonomy":"product_brand","embeddable":true,"href":"https:\/\/pizbube.ch\/en\/wp-json\/wp\/v2\/product_brand?post=147619"},{"taxonomy":"product_cat","embeddable":true,"href":"https:\/\/pizbube.ch\/en\/wp-json\/wp\/v2\/product_cat?post=147619"},{"taxonomy":"product_tag","embeddable":true,"href":"https:\/\/pizbube.ch\/en\/wp-json\/wp\/v2\/product_tag?post=147619"}],"curies":[{"name":"wp","href":"https:\/\/api.w.org\/{rel}","templated":true}]}}