{"id":147621,"date":"2021-01-15T10:55:40","date_gmt":"2021-01-15T10:55:40","guid":{"rendered":"https:\/\/codengine3.ch\/?product=import-placeholder-for-203668"},"modified":"2022-10-04T12:33:12","modified_gmt":"2022-10-04T10:33:12","slug":"kletterfuehrer-wiwanni","status":"publish","type":"product","link":"https:\/\/pizbube.ch\/en\/shop\/kletterfuehrer-wiwanni\/","title":{"rendered":"Kletterf\u00fchrer Wiwanni"},"content":{"rendered":"<p>Informationen zu Klettern, Bergsteigen, Klettersteige und Skitouren.<\/p>\n<p>Fototopos der Klettergebiete rund um die Wiwanni H\u00fctte: Augskrummenhorn,<br \/>\nWiwannihorn.<br \/>\n100 Seill\u00e4ngen in den Kletterg\u00e4rten und 50 Mehrseill\u00e4ngenrouten sind<br \/>\nbeschrieben. 52 S.<\/p>\n<p>Das Klettergebiet mit alpinem Ambiente rund um das Wiwanni und Augstkummenhorn<br \/>\nhat sich zu einem Geheimtipp f\u00fcr Plaisirkletterer entwickelt. Jedem Geniesser<br \/>\ner\u00f6ffnen sich in der Felsarena des Wiwannis zahlreiche M\u00f6glichkeiten in den<br \/>\nKletterg\u00e4rten oder in einer der Mehrseill\u00e4ngentouren. Alle Routen sind bestens<br \/>\nabgesichert und k\u00f6nnen sich mit dem Plaisirpr\u00e4dikat schm\u00fccken.<\/p>\n<p>Neben vielen neuen Mehrseill\u00e4ngenrouten am Wiwanni und<br \/>\nan den Augstkummenh\u00f6rnern, den verschiedenen Kletterg\u00e4rten und Klettersteigen,<br \/>\nist neu auch das Klettergebiet Sattolw\u00e4schi im vorderen Baltschiedertal, mit<br \/>\nvielen sehr gut abgesicherten Mehrseill\u00e4ngenrouten in bestem Fels, aufgef\u00fchrt.<\/p>\n<p>5. \u00fcberarbeitete Auflage 2022<\/p>","protected":false},"excerpt":{"rendered":"<ul>\n<li><a href=\"https:\/\/pizbube.ch\/wp-content\/uploads\/attachments\/a_002\/16B931B1C8921E490C474A0187210170.pdf\" target=\"_blank\" rel=\"noopener\">PDF: Beispielseiten Wiwanni<\/a><\/li>\n<\/ul>","protected":false},"featured_media":163811,"template":"","meta":[],"product_brand":[],"product_cat":[21539],"product_tag":[],"class_list":{"0":"post-147621","1":"product","2":"type-product","3":"status-publish","4":"has-post-thumbnail","6":"product_cat-fuehrerliteratur-sportklettern-bouldern","7":"pa_autor-feller","8":"pa_erscheinungsjahr-27013","9":"pa_region-schweiz","10":"pa_sprache-de","12":"first","13":"instock","14":"taxable","15":"shipping-taxable","16":"purchasable","17":"product-type-simple"},"_links":{"self":[{"href":"https:\/\/pizbube.ch\/en\/wp-json\/wp\/v2\/product\/147621","targetHints":{"allow":["GET"]}}],"collection":[{"href":"https:\/\/pizbube.ch\/en\/wp-json\/wp\/v2\/product"}],"about":[{"href":"https:\/\/pizbube.ch\/en\/wp-json\/wp\/v2\/types\/product"}],"wp:featuredmedia":[{"embeddable":true,"href":"https:\/\/pizbube.ch\/en\/wp-json\/wp\/v2\/media\/163811"}],"wp:attachment":[{"href":"https:\/\/pizbube.ch\/en\/wp-json\/wp\/v2\/media?parent=147621"}],"wp:term":[{"taxonomy":"product_brand","embeddable":true,"href":"https:\/\/pizbube.ch\/en\/wp-json\/wp\/v2\/product_brand?post=147621"},{"taxonomy":"product_cat","embeddable":true,"href":"https:\/\/pizbube.ch\/en\/wp-json\/wp\/v2\/product_cat?post=147621"},{"taxonomy":"product_tag","embeddable":true,"href":"https:\/\/pizbube.ch\/en\/wp-json\/wp\/v2\/product_tag?post=147621"}],"curies":[{"name":"wp","href":"https:\/\/api.w.org\/{rel}","templated":true}]}}