{"id":147624,"date":"2021-01-15T10:55:41","date_gmt":"2021-01-15T10:55:41","guid":{"rendered":"https:\/\/codengine3.ch\/?product=import-placeholder-for-206385"},"modified":"2025-04-22T09:31:33","modified_gmt":"2025-04-22T07:31:33","slug":"brunegg-klettern-im-turtmanntal","status":"publish","type":"product","link":"https:\/\/pizbube.ch\/en\/shop\/brunegg-klettern-im-turtmanntal\/","title":{"rendered":"Brunegg &#8211; Klettern im Turtmanntal"},"content":{"rendered":"<p>Der Autor hat im Sommer 2010 das Klettergebiet Brunegg im Turtmanntal mit viel Engagement, Zeit und finanziellem Aufwand saniert und erweitert. Herausgekommen sind fast 300 Seill\u00e4ngen in 190 Routen, in verschiedenen Gesteinsarten wie Gneis, Serpentin, Kalk, Marmor und Brauner Quarzit.<\/p>\n<p>Von der Einseill\u00e4ngenroute bis zu 13 Seill\u00e4ngen findet man in den 15 verschiedenen Sektoren alles, was ein Kletterherz sich w\u00fcnscht. Auch die Schwierigkeiten variieren vom 4a &#8211; 8a.<\/p>\n<p>Besonders bei den leichten Routen wurde auf kurze Hakenabst\u00e4nde geachtet, damit ein gefahrenloser Vorstieg ge\u00fcbt werden kann. Das Gebiet in der Umgebung der Turtmannh\u00fctte wurde nun in einem 44 seitigen Kletterf\u00fchrer auf Papier gebracht.<\/p>\n<p>Die ersten Kletterversuche mit Schlaghaken wurden von Joseph Tscherrig in den 60er Jahren in der Barrwand unternommen. Seine S\u00f6hne Beni und Fredy er\u00f6ffneten dann ab 1984 zahlreiche Routen rund um die H\u00fctte. Ab 1996 entstanden von Fredy Tscherrig die ersten Klettertopos, und die Routen wurden mit St\u00e4nden ausger\u00fcstet. Besonders um 1998 wurde das Gebiet um viele neue Routen und Sektoren erweitert. Noch heute gibt der Brunegggletscher weiteren Fels mit idealem Klettergel\u00e4nde frei: Der Sektor \u201eAdlerfluh\u201c ist 2010 er\u00f6ffnet worden.<\/p>","protected":false},"excerpt":{"rendered":"<p>Der Autor hat im Sommer 2010 das Klettergebiet Brunegg im Turtmanntal mit viel Engagement, Zeit und finanziellem Aufwand saniert und erweitert. Herausgekommen sind fast 300 Seill\u00e4ngen in 190 Routen, in verschiedenen Gesteinsarten wie Gneis, Serpentin, Kalk, Marmor und Brauner Quarzit. Von der Einseill\u00e4ngenroute bis zu 13 Seill\u00e4ngen findet man in den 15 verschiedenen Sektoren alles, [&#8230;]\n","protected":false},"featured_media":174692,"template":"","meta":[],"product_brand":[],"product_cat":[21539],"product_tag":[],"class_list":{"0":"post-147624","1":"product","2":"type-product","3":"status-publish","4":"has-post-thumbnail","6":"product_cat-fuehrerliteratur-sportklettern-bouldern","7":"pa_autor-tscherrig","8":"pa_erscheinungsjahr-21610","9":"pa_region-schweiz","10":"pa_sprache-de-fr-en","12":"first","13":"instock","14":"taxable","15":"shipping-taxable","16":"purchasable","17":"product-type-simple"},"_links":{"self":[{"href":"https:\/\/pizbube.ch\/en\/wp-json\/wp\/v2\/product\/147624","targetHints":{"allow":["GET"]}}],"collection":[{"href":"https:\/\/pizbube.ch\/en\/wp-json\/wp\/v2\/product"}],"about":[{"href":"https:\/\/pizbube.ch\/en\/wp-json\/wp\/v2\/types\/product"}],"wp:featuredmedia":[{"embeddable":true,"href":"https:\/\/pizbube.ch\/en\/wp-json\/wp\/v2\/media\/174692"}],"wp:attachment":[{"href":"https:\/\/pizbube.ch\/en\/wp-json\/wp\/v2\/media?parent=147624"}],"wp:term":[{"taxonomy":"product_brand","embeddable":true,"href":"https:\/\/pizbube.ch\/en\/wp-json\/wp\/v2\/product_brand?post=147624"},{"taxonomy":"product_cat","embeddable":true,"href":"https:\/\/pizbube.ch\/en\/wp-json\/wp\/v2\/product_cat?post=147624"},{"taxonomy":"product_tag","embeddable":true,"href":"https:\/\/pizbube.ch\/en\/wp-json\/wp\/v2\/product_tag?post=147624"}],"curies":[{"name":"wp","href":"https:\/\/api.w.org\/{rel}","templated":true}]}}