{"id":147625,"date":"2021-01-15T10:55:41","date_gmt":"2021-01-15T10:55:41","guid":{"rendered":"https:\/\/codengine3.ch\/?product=import-placeholder-for-207979"},"modified":"2025-04-29T10:44:39","modified_gmt":"2025-04-29T08:44:39","slug":"escalades-jura-sud-vaud-chablais-bas-valais-sanetsch","status":"publish","type":"product","link":"https:\/\/pizbube.ch\/en\/shop\/escalades-jura-sud-vaud-chablais-bas-valais-sanetsch\/","title":{"rendered":"ESCALADES &#8211; Jura Sud &#8211; Vaud &#8211; Chablais &#8211; Bas-Valais &#8211; Sanetsch"},"content":{"rendered":"<p>6000 Longueurs pour tous les niveaux &#8211; Topof\u00fchrer Unterwallis, Sanetschpass,<br \/>\nLeysin, St. Loup, Miroir de l&#8216; Argentine, Chablais, Vaud&#8230;<\/p>\n<p>Plus de 6000 longueurs sur les sites du Bas Valais, Leysin, St. Loup, Miroir<br \/>\nde l&#8216; Argentine, Chablais, Vaud et Sanetsch pour tous les niveaux.<br \/>\n(Initiation, Avanc\u00e9, Extr\u00eame) 350 p.<\/p>\n<p>Ce guide r\u00e9actualis\u00e9 et richement illustr\u00e9 respire de bonheur: pr\u00e8s de 6000<br \/>\nlongueurs d\u00e9crites ont de quoi combler tous les amis grimpeurs reconnaissants,<br \/>\nen herbe ou chevronn\u00e9s qui, \u00e0 n&#8217;en pas douter, trouveront mati\u00e8re \u00e0 assouvir<br \/>\nleur passion dans un cadre pr\u00e9serv\u00e9 et \u00e9quip\u00e9.<\/p>\n<p>Die neuste Ausgabe des Kletterf\u00fchrers pr\u00e4sentiert nun rund 6000 Seill\u00e4ngen:<br \/>\nim Berner Jura, im Kanton Waadt, im Chablais, im Bas-Valais und in der Region<br \/>\nSanetsch.<\/p>\n<p>In den letzten neun Jahren haben unter anderem die Gebr\u00fcder Remy dort neue<br \/>\nRouten eingerichtet und Sektoren erschlossen, zum Beispiel im Gebiet von La<br \/>\nMarchande, Les Diablerets<\/p>","protected":false},"excerpt":{"rendered":"<p>6000 Longueurs pour tous les niveaux &#8211; Topof\u00fchrer Unterwallis, Sanetschpass, Leysin, St. Loup, Miroir de l&#8216; Argentine, Chablais, Vaud&#8230; Plus de 6000 longueurs sur les sites du Bas Valais, Leysin, St. Loup, Miroir de l&#8216; Argentine, Chablais, Vaud et Sanetsch pour tous les niveaux. (Initiation, Avanc\u00e9, Extr\u00eame) 350 p. Ce guide r\u00e9actualis\u00e9 et richement illustr\u00e9 [&#8230;]\n","protected":false},"featured_media":156922,"template":"","meta":[],"product_brand":[],"product_cat":[21539],"product_tag":[],"class_list":{"0":"post-147625","1":"product","2":"type-product","3":"status-publish","4":"has-post-thumbnail","6":"product_cat-fuehrerliteratur-sportklettern-bouldern","7":"pa_autor-remy-remy","8":"pa_erscheinungsjahr-21586","9":"pa_region-schweiz","10":"pa_sprache-fr","12":"first","13":"instock","14":"taxable","15":"shipping-taxable","16":"purchasable","17":"product-type-simple"},"_links":{"self":[{"href":"https:\/\/pizbube.ch\/en\/wp-json\/wp\/v2\/product\/147625","targetHints":{"allow":["GET"]}}],"collection":[{"href":"https:\/\/pizbube.ch\/en\/wp-json\/wp\/v2\/product"}],"about":[{"href":"https:\/\/pizbube.ch\/en\/wp-json\/wp\/v2\/types\/product"}],"wp:featuredmedia":[{"embeddable":true,"href":"https:\/\/pizbube.ch\/en\/wp-json\/wp\/v2\/media\/156922"}],"wp:attachment":[{"href":"https:\/\/pizbube.ch\/en\/wp-json\/wp\/v2\/media?parent=147625"}],"wp:term":[{"taxonomy":"product_brand","embeddable":true,"href":"https:\/\/pizbube.ch\/en\/wp-json\/wp\/v2\/product_brand?post=147625"},{"taxonomy":"product_cat","embeddable":true,"href":"https:\/\/pizbube.ch\/en\/wp-json\/wp\/v2\/product_cat?post=147625"},{"taxonomy":"product_tag","embeddable":true,"href":"https:\/\/pizbube.ch\/en\/wp-json\/wp\/v2\/product_tag?post=147625"}],"curies":[{"name":"wp","href":"https:\/\/api.w.org\/{rel}","templated":true}]}}