{"id":147628,"date":"2021-01-15T10:55:41","date_gmt":"2021-01-15T10:55:41","guid":{"rendered":"https:\/\/codengine3.ch\/?product=import-placeholder-for-205941"},"modified":"2021-01-15T14:45:07","modified_gmt":"2021-01-15T14:45:07","slug":"kaernten-west","status":"publish","type":"product","link":"https:\/\/pizbube.ch\/en\/shop\/kaernten-west\/","title":{"rendered":"K\u00e4rnten West"},"content":{"rendered":"<p>Radst\u00e4dter Tauern bis Karnischer Hauptkamm<br \/>\n50 Skitouren  <\/p>\n<p>Skitouren in K\u00e4rnten &#8211; ein Kaleidoskop lohnender und genussvoller<br \/>\nUnternehmungen auf der sonnenverw\u00f6hnten Alpens\u00fcdseite. Der Rother<br \/>\nSkitourenf\u00fchrer &#8218;K\u00e4rnten West&#8216; umfasst die Gebirgsgruppen von Mittel- und<br \/>\nOberk\u00e4rnten. Das Gebiet wird durch die Nockberge im Osten, Ankogelgruppe und<br \/>\nRadst\u00e4dter Tauern im Nordwesten sowie die Karnische Region im S\u00fcdwesten<br \/>\nabgegrenzt. Zentral zwischen diesen Gebirgsgruppen liegen Rei\u00dfeck- und<br \/>\nKreuzeckgruppe sowie die Gipfel der Hafnergruppe. Die Touren liegen innerhalb<br \/>\noder knapp au\u00dferhalb der K\u00e4rntner Landesgrenzen, sind verkehrsm\u00e4\u00dfig schnell<br \/>\nerreichbar und eignen sich dadurch ausgezeichnet als Tagesziele f\u00fcr K\u00e4rntner<br \/>\nund K\u00e4rnten-Urlauber.<br \/>\nDie Schwierigkeitsskala reicht von einfachen kurzen Touren bis zu<br \/>\nUnternehmungen f\u00fcr konditionsstarke und erfahrene Skitourengeher, das Gel\u00e4nde<br \/>\nvon der Wald- bis zur Gletscherregion. Es werden Tourenziele f\u00fcr die gesamte<br \/>\nSkitourensaison von Dezember bis Juni angeboten. Zudem erm\u00f6glicht die<br \/>\nTourenauswahl ein flexibles Reagieren auf charakteristische Wetterlagen, wie<br \/>\nzum Beispiel den S\u00fcd- oder Nordstau.<br \/>\n1. Auflage 2010, 128 Seiten mit 69 Farbabbildungen<br \/>\n50 Tourenk\u00e4rtchen im Ma\u00dfstab 1:50.000 \/ 1:75.000, zwei \u00dcbersichtskarten im<br \/>\nMa\u00dfstab 1:600.000 und 1:1.000.000  <\/p>","protected":false},"excerpt":{"rendered":"<p>Radst\u00e4dter Tauern bis Karnischer Hauptkamm 50 Skitouren Skitouren in K\u00e4rnten &#8211; ein Kaleidoskop lohnender und genussvoller Unternehmungen auf der sonnenverw\u00f6hnten Alpens\u00fcdseite. Der Rother Skitourenf\u00fchrer &#8218;K\u00e4rnten West&#8216; umfasst die Gebirgsgruppen von Mittel- und Oberk\u00e4rnten. Das Gebiet wird durch die Nockberge im Osten, Ankogelgruppe und Radst\u00e4dter Tauern im Nordwesten sowie die Karnische Region im S\u00fcdwesten abgegrenzt. Zentral [&#8230;]\n","protected":false},"featured_media":34804,"template":"","meta":[],"product_brand":[],"product_cat":[21540],"product_tag":[],"class_list":{"0":"post-147628","1":"product","2":"type-product","3":"status-publish","4":"has-post-thumbnail","6":"product_cat-fuehrerliteratur-alpin-winter","7":"pa_autor-sagmeister-wutte","8":"pa_erscheinungsjahr-21830","9":"pa_region-oesterreich","10":"pa_sprache-de","12":"first","13":"instock","14":"taxable","15":"shipping-taxable","16":"purchasable","17":"product-type-simple"},"_links":{"self":[{"href":"https:\/\/pizbube.ch\/en\/wp-json\/wp\/v2\/product\/147628","targetHints":{"allow":["GET"]}}],"collection":[{"href":"https:\/\/pizbube.ch\/en\/wp-json\/wp\/v2\/product"}],"about":[{"href":"https:\/\/pizbube.ch\/en\/wp-json\/wp\/v2\/types\/product"}],"wp:featuredmedia":[{"embeddable":true,"href":"https:\/\/pizbube.ch\/en\/wp-json\/wp\/v2\/media\/34804"}],"wp:attachment":[{"href":"https:\/\/pizbube.ch\/en\/wp-json\/wp\/v2\/media?parent=147628"}],"wp:term":[{"taxonomy":"product_brand","embeddable":true,"href":"https:\/\/pizbube.ch\/en\/wp-json\/wp\/v2\/product_brand?post=147628"},{"taxonomy":"product_cat","embeddable":true,"href":"https:\/\/pizbube.ch\/en\/wp-json\/wp\/v2\/product_cat?post=147628"},{"taxonomy":"product_tag","embeddable":true,"href":"https:\/\/pizbube.ch\/en\/wp-json\/wp\/v2\/product_tag?post=147628"}],"curies":[{"name":"wp","href":"https:\/\/api.w.org\/{rel}","templated":true}]}}