{"id":147629,"date":"2021-01-15T10:55:41","date_gmt":"2021-01-15T10:55:41","guid":{"rendered":"https:\/\/codengine3.ch\/?product=import-placeholder-for-207381"},"modified":"2026-01-15T12:09:18","modified_gmt":"2026-01-15T11:09:18","slug":"skialpinismus-in-den-julischen-alpen-west","status":"publish","type":"product","link":"https:\/\/pizbube.ch\/en\/shop\/skialpinismus-in-den-julischen-alpen-west\/","title":{"rendered":"SKIALPINISMUS IN DEN JULISCHEN ALPEN WEST"},"content":{"rendered":"<p>100 Skitouren. Montasio, Wischberg, Kanin, Mangart<\/p>\n<p>Noch vor knapp 10 Jahren waren uns die Berge der Julischen Alpen kaum bekannt:<br \/>\nwer h\u00e4tte damals je gedacht, dass diese versteckte Gebirgsgruppe \u00fcber viele<br \/>\nJahre einen Gro\u00dfteil all unserer Wintersport Aktivit\u00e4t auf sich konzentriert.<br \/>\nNach all diesen ereignisreichen Jahren des Erkundens und Besteigens dieser<br \/>\nBerge (nicht nur im Winter, haben die AutorenIhnen entschlossen, einen<br \/>\nSkitourenf\u00fchrer \u00fcber dieses Gebiet zu ver\u00f6ffentlichen. Dieser F\u00fchrer erhebt<br \/>\nalle sinnvoll machbaren Skianstiege in den vier Hauptgruppen der Julischen<br \/>\nAlpen (Montasch, Wischberg, Kanin und Mangart) zu beschreiben und damit diese<br \/>\neiner breiteren \u00d6ffentlich zug\u00e4nglich zu machen.<\/p>\n<p>Der Charakter jeder Tour wird hier hervorgehoben mit den stabilen Standard der<br \/>\nvorherigen F\u00fchrer dieser Reihe, die technischen Rahmenbedingungen in eine<br \/>\ninternational \u00fcbliche Skala packend. Dies mag eine Hilfe sein aber im<br \/>\nEndeffekt liegt es gerade beim winterlichen Bergsteigen immer beim Alpinisten<br \/>\nselbst, seine F\u00e4higkeiten und Beweggr\u00fcnde richtig einzusch\u00e4tzen und seine<br \/>\nUnternehmungen angepasst an die Verh\u00e4ltnisse entsprechend zu forcieren.<\/p>\n<p><strong>SONDERPREIS 1. AUFLAGE: CHF 24.00 STATT 48.00<\/strong><\/p>","protected":false},"excerpt":{"rendered":"<ul>\n<li><a href=\"https:\/\/pizbube.ch\/wp-content\/uploads\/attachments\/a_024\/8795606D9DC455FEF4DA48CAED6F8457.pdf\" target=\"_blank\" rel=\"noopener\">PDF: Skialpinismus in den Julischen Alpen West &#8211; \u00dcbersischt<\/a><\/li>\n<\/ul>","protected":false},"featured_media":37294,"template":"","meta":[],"product_brand":[],"product_cat":[21540],"product_tag":[],"class_list":{"0":"post-147629","1":"product","2":"type-product","3":"status-publish","4":"has-post-thumbnail","6":"product_cat-fuehrerliteratur-alpin-winter","7":"pa_autor-ganitzer-wutte-zink","8":"pa_erscheinungsjahr-21621","9":"pa_region-italien","10":"pa_sprache-de","12":"first","13":"instock","14":"sale","15":"taxable","16":"shipping-taxable","17":"purchasable","18":"product-type-simple"},"_links":{"self":[{"href":"https:\/\/pizbube.ch\/en\/wp-json\/wp\/v2\/product\/147629","targetHints":{"allow":["GET"]}}],"collection":[{"href":"https:\/\/pizbube.ch\/en\/wp-json\/wp\/v2\/product"}],"about":[{"href":"https:\/\/pizbube.ch\/en\/wp-json\/wp\/v2\/types\/product"}],"wp:featuredmedia":[{"embeddable":true,"href":"https:\/\/pizbube.ch\/en\/wp-json\/wp\/v2\/media\/37294"}],"wp:attachment":[{"href":"https:\/\/pizbube.ch\/en\/wp-json\/wp\/v2\/media?parent=147629"}],"wp:term":[{"taxonomy":"product_brand","embeddable":true,"href":"https:\/\/pizbube.ch\/en\/wp-json\/wp\/v2\/product_brand?post=147629"},{"taxonomy":"product_cat","embeddable":true,"href":"https:\/\/pizbube.ch\/en\/wp-json\/wp\/v2\/product_cat?post=147629"},{"taxonomy":"product_tag","embeddable":true,"href":"https:\/\/pizbube.ch\/en\/wp-json\/wp\/v2\/product_tag?post=147629"}],"curies":[{"name":"wp","href":"https:\/\/api.w.org\/{rel}","templated":true}]}}