{"id":147630,"date":"2021-01-15T10:55:41","date_gmt":"2021-01-15T10:55:41","guid":{"rendered":"https:\/\/codengine3.ch\/?product=import-placeholder-for-206440"},"modified":"2025-09-24T09:14:10","modified_gmt":"2025-09-24T07:14:10","slug":"kaernten-sued-50-skitouren","status":"publish","type":"product","link":"https:\/\/pizbube.ch\/en\/shop\/kaernten-sued-50-skitouren\/","title":{"rendered":"K\u00e4rnten S\u00fcd &#8211; 50 Skitouren"},"content":{"rendered":"<p>Julische Alpen &#8211; Karawanken &#8211; Steiner Alpen<\/p>\n<p><span class=\"value\">Skitouren in K\u00e4rnten \u2013 das ist ein Kaleidoskop lohnender und genussvoller Unternehmungen auf der sonnenverw\u00f6hnten Alpens\u00fcdseite. Der Rother Skitourenf\u00fchrer \u00bbK\u00e4rnten S\u00fcd\u00ab stellt 50 herrliche Touren f\u00fcr jeden Geschmack vor. F\u00fcr die gesamte Skitourensaison vom fr\u00fchen Winter bis ins sp\u00e4te Fr\u00fchjahr sind abwechslungsreiche Tourenziele geboten.<\/span><\/p>\n<p>Die Auswahl umfasst bekannte Tourenklassiker, aber auch einsame, versteckte Gipfel. Die Schwierigkeitsskala reicht von einfachen kurzen Touren bis zu Unternehmungen f\u00fcr konditionsstarke und erfahrene Skitourengeher, das Gel\u00e4nde von der Waldregion bis zum schroffen Hochgebirge mit steilen Rinnen und Karen. Die Skitouren f\u00fchren in die Gebirgsgruppen Karawanken, Koralpe und Saualpe sowie die s\u00fcdlich der Karawanken liegenden Gebirgsz\u00fcge Steiner Alpen und Julische Alpen. Die Tourenvorschl\u00e4ge sind grenz\u00fcberschreitend und liegen in K\u00e4rnten, Slowenien und Italien. Sie sind aus dem Raum Villach und Klagenfurt relativ schnell erreichbar und eignen sich dadurch ausgezeichnet als Tagesziele.<\/p>\n<p>Jede Skitour wird mit einer genauen Anstiegsbeschreibung, einem Tourenk\u00e4rtchen mit eingetragenem Routenverlauf vorgestellt. Hinzu kommen alle wichtigen Infos zu H\u00f6henunterschieden und Gehzeiten, Anforderungen, Lawinengef\u00e4hrdung und Hangausrichtung, g\u00fcnstiger Jahreszeit und Einkehrm\u00f6glichkeiten. F\u00fcr den Einsteiger enth\u00e4lt der Skitourenf\u00fchrer \u00bbK\u00e4rnten S\u00fcd\u00ab zudem Tipps und Hinweise zu den Themen Ausr\u00fcstung, Wetter und Lawinen sowie zur sicheren Tourenplanung und -durchf\u00fchrung. Mit der neuen Auflage stehen nun auch GPS-Tracks zur leichteren Orientierung stehen zum Download bereit.<\/p>\n<p>50 Tourenk\u00e4rtchen im Ma\u00dfstab 1:50.000 und 1:75.000,<br \/>\nzwei \u00dcbersichtskarten im Ma\u00dfstab 1:600.000 und 1:1.100.000<br \/>\n3. Auflage 2023<\/p>","protected":false},"excerpt":{"rendered":"<p>Julische Alpen &#8211; Karawanken &#8211; Steiner Alpen Skitouren in K\u00e4rnten \u2013 das ist ein Kaleidoskop lohnender und genussvoller Unternehmungen auf der sonnenverw\u00f6hnten Alpens\u00fcdseite. Der Rother Skitourenf\u00fchrer \u00bbK\u00e4rnten S\u00fcd\u00ab stellt 50 herrliche Touren f\u00fcr jeden Geschmack vor. F\u00fcr die gesamte Skitourensaison vom fr\u00fchen Winter bis ins sp\u00e4te Fr\u00fchjahr sind abwechslungsreiche Tourenziele geboten. Die Auswahl umfasst bekannte [&#8230;]\n","protected":false},"featured_media":181401,"template":"","meta":[],"product_brand":[],"product_cat":[21540],"product_tag":[],"class_list":{"0":"post-147630","1":"product","2":"type-product","3":"status-publish","4":"has-post-thumbnail","6":"product_cat-fuehrerliteratur-alpin-winter","7":"pa_autor-sagmeister-wutte","8":"pa_erscheinungsjahr-27129","9":"pa_region-oesterreich","10":"pa_sprache-de","12":"first","13":"instock","14":"taxable","15":"shipping-taxable","16":"purchasable","17":"product-type-simple"},"_links":{"self":[{"href":"https:\/\/pizbube.ch\/en\/wp-json\/wp\/v2\/product\/147630","targetHints":{"allow":["GET"]}}],"collection":[{"href":"https:\/\/pizbube.ch\/en\/wp-json\/wp\/v2\/product"}],"about":[{"href":"https:\/\/pizbube.ch\/en\/wp-json\/wp\/v2\/types\/product"}],"wp:featuredmedia":[{"embeddable":true,"href":"https:\/\/pizbube.ch\/en\/wp-json\/wp\/v2\/media\/181401"}],"wp:attachment":[{"href":"https:\/\/pizbube.ch\/en\/wp-json\/wp\/v2\/media?parent=147630"}],"wp:term":[{"taxonomy":"product_brand","embeddable":true,"href":"https:\/\/pizbube.ch\/en\/wp-json\/wp\/v2\/product_brand?post=147630"},{"taxonomy":"product_cat","embeddable":true,"href":"https:\/\/pizbube.ch\/en\/wp-json\/wp\/v2\/product_cat?post=147630"},{"taxonomy":"product_tag","embeddable":true,"href":"https:\/\/pizbube.ch\/en\/wp-json\/wp\/v2\/product_tag?post=147630"}],"curies":[{"name":"wp","href":"https:\/\/api.w.org\/{rel}","templated":true}]}}