{"id":147631,"date":"2021-01-15T10:55:41","date_gmt":"2021-01-15T10:55:41","guid":{"rendered":"https:\/\/codengine3.ch\/?product=import-placeholder-for-201228"},"modified":"2023-02-23T17:01:43","modified_gmt":"2023-02-23T16:01:43","slug":"berg-2021-alpenvereinsjahrbuch","status":"publish","type":"product","link":"https:\/\/pizbube.ch\/en\/shop\/berg-2021-alpenvereinsjahrbuch\/","title":{"rendered":"BERG 2021 (Alpenvereinsjahrbuch)"},"content":{"rendered":"<p>Die Ausgabe 2021 stellt den Karnischen Kamm in den Mittelpunkt der Rubrik<br \/>\nBERGWELTEN. \u00dcber diese Bergkette an der \u00f6sterreichisch-italienischen Grenze<br \/>\nverl\u00e4uft der bekannte Karnische H\u00f6henweg. Zu seinen F\u00fc\u00dfen liegen mit dem<br \/>\nLesachtal, dem Tiroler Gailtal sowie der Ortschaft Mauthen gleich drei mit dem<br \/>\nLabel \u201eBergsteigerdorf\u201c ausgezeichnete Talschaften und Gemeinden, die durch<br \/>\nihre landschaftliche wie kulturelle Urspr\u00fcnglichkeit bestechen.<\/p>\n<p>BERGFOKUS widmet sich in dieser Ausgabe einer der bevorzugten<br \/>\nFreizeitbesch\u00e4ftigungen von \u00d6sterreichern und Deutschen: dem Thema Wandern.<br \/>\nNamhafte Autorinnen und Autoren besch\u00e4ftigen sich mit diesem Thema in gewohnt<br \/>\nvielf\u00e4ltiger Weise.<\/p>\n<p>Die Rubrik BERGMENSCHEN portr\u00e4tiert unter anderem die bayerische<br \/>\nBergsteigerlegende Hermann Huber, der heuer seinen 90. Geburtstag feiert sowie<br \/>\ndie erste deutsche Meisterin im Sportklettern (1991) Andrea Eisenhut, die auch<br \/>\nmit 60 Jahren noch im 10. Grad klettert und mit der Gerhard Heidorn \u00fcber<br \/>\nEhrgeiz, Motivation und das \u00c4lterwerden gesprochen hat.<\/p>\n<p>Im BERGWISSEN geht es um die Frage, welche Rechte eigentlich die Natur hat und<br \/>\nwer diese vertritt sowie das durch die globale Erw\u00e4rmung immer gr\u00f6\u00dfer werdende<br \/>\nRisiko von Steinschlag auf alpinen Wegen und wie man damit umgeht.<\/p>\n<p>Mit Christoph Ransmayr steht einer der gro\u00dfen Erz\u00e4hler der Gegenwart im<br \/>\nBlickpunkt der Rubrik BERGKULTUR. Warum haben unverf\u00fcgte R\u00e4ume wie Gebirge,<br \/>\nMeere und W\u00fcsten in seinem Werk eine so zentrale Bedeutung?<\/p>\n<p>Die Rubrik BERGSTEIGEN berichtet unter dem Motto \u201eNichts ist so best\u00e4ndig wie<br \/>\nder Wandel\u201c unter anderem \u00fcber gro\u00dfe, klassische Westalpen-Touren im Zeitalter<br \/>\nder globalen Erw\u00e4rmung.<\/p>\n<p>Abbildungen: 260 (Farbe), 30 (SW) | Ausgabe: 2021 | Einband: Hardcover<\/p>","protected":false},"excerpt":{"rendered":"<p>Die Ausgabe 2021 stellt den Karnischen Kamm in den Mittelpunkt der Rubrik BERGWELTEN. \u00dcber diese Bergkette an der \u00f6sterreichisch-italienischen Grenze verl\u00e4uft der bekannte Karnische H\u00f6henweg. Zu seinen F\u00fc\u00dfen liegen mit dem Lesachtal, dem Tiroler Gailtal sowie der Ortschaft Mauthen gleich drei mit dem Label \u201eBergsteigerdorf\u201c ausgezeichnete Talschaften und Gemeinden, die durch ihre landschaftliche wie kulturelle [&#8230;]\n","protected":false},"featured_media":28483,"template":"","meta":[],"product_brand":[],"product_cat":[21542],"product_tag":[],"class_list":{"0":"post-147631","1":"product","2":"type-product","3":"status-publish","4":"has-post-thumbnail","6":"product_cat-sachbuecher-dokumentationen","7":"pa_autor-koehler-klemmer","8":"pa_erscheinungsjahr-21558","9":"pa_region-deutschland","10":"pa_sprache-de","12":"first","13":"outofstock","14":"taxable","15":"shipping-taxable","16":"purchasable","17":"product-type-simple"},"_links":{"self":[{"href":"https:\/\/pizbube.ch\/en\/wp-json\/wp\/v2\/product\/147631","targetHints":{"allow":["GET"]}}],"collection":[{"href":"https:\/\/pizbube.ch\/en\/wp-json\/wp\/v2\/product"}],"about":[{"href":"https:\/\/pizbube.ch\/en\/wp-json\/wp\/v2\/types\/product"}],"wp:featuredmedia":[{"embeddable":true,"href":"https:\/\/pizbube.ch\/en\/wp-json\/wp\/v2\/media\/28483"}],"wp:attachment":[{"href":"https:\/\/pizbube.ch\/en\/wp-json\/wp\/v2\/media?parent=147631"}],"wp:term":[{"taxonomy":"product_brand","embeddable":true,"href":"https:\/\/pizbube.ch\/en\/wp-json\/wp\/v2\/product_brand?post=147631"},{"taxonomy":"product_cat","embeddable":true,"href":"https:\/\/pizbube.ch\/en\/wp-json\/wp\/v2\/product_cat?post=147631"},{"taxonomy":"product_tag","embeddable":true,"href":"https:\/\/pizbube.ch\/en\/wp-json\/wp\/v2\/product_tag?post=147631"}],"curies":[{"name":"wp","href":"https:\/\/api.w.org\/{rel}","templated":true}]}}