{"id":147632,"date":"2021-01-15T10:55:41","date_gmt":"2021-01-15T10:55:41","guid":{"rendered":"https:\/\/codengine3.ch\/?product=import-placeholder-for-207302"},"modified":"2021-01-15T16:01:47","modified_gmt":"2021-01-15T16:01:47","slug":"karnischer-hauptkamm-west-125000","status":"publish","type":"product","link":"https:\/\/pizbube.ch\/en\/shop\/karnischer-hauptkamm-west-125000\/","title":{"rendered":"Karnischer Hauptkamm, West 1:25&#8217;000"},"content":{"rendered":"<p>\nAV 57\/1 Alpenvereinskarte WEG+SKI, mit UTM Gitter<br \/>\nKarnischer Hauptkamm  <\/p>\n<p>F\u00fcr die Wander- und Grenzregion Karnischer Hauptkamm gibt es jetzt eine<br \/>\nkomplett neue Alpenvereinskarte. Sie erstreckt sich von Sexten im Westen bis<br \/>\nzum Pl\u00f6ckenpass im Osten. Im Norden befindet sich das Gailtal\/Lesachtal und im<br \/>\nS\u00fcden der Ort Sappada.  <\/p>\n<p>Die Karte ist doppelseitig gedruckt und im Ma\u00dfstab 1: 25 000 erh\u00e4ltlich. Sie<br \/>\nbeinhaltet Wegmarkierungen, Skirouten, Felszeichnungen und Kennzeichnung von<br \/>\nKlettersteigen.  <\/p>\n<p>Der Karnische Hauptkamm verl\u00e4uft zwischen S\u00fcdtirol, den \u00f6sterreichischen<br \/>\nBundesl\u00e4ndern Osttirol und K\u00e4rnten, sowie den italienischen Provinzen Belluno<br \/>\nund Udine.  <\/p>\n<p>Das bekannte Skigebiet am Helm (2433 m) befindet sich im Westen des Karnischen<br \/>\nKamms. H\u00f6chster Berg ist die Hohe Warte (2780 m) an der Grenze zwischen<br \/>\nK\u00e4rnten und der Provinz Udine. Direkt entlang der Staatsgrenze verl\u00e4uft der<br \/>\nKarnische H\u00f6henweg, welcher in der AV-Karte als KHW beschriftet ist. Die<br \/>\nBergsteigerd\u00f6rfer Tiroler Gailtal (Obertilliach, Untertilliach, Kartitsch),<br \/>\nLesachtal und Mauthen sind ebenfalls in der Karte zu finden. Durch den<br \/>\ndoppelseitigen Druck wird ein wesentlich gr\u00f6\u00dferer Ausschnitt des Karnischen<br \/>\nKamms dargestellt<\/p>","protected":false},"excerpt":{"rendered":"<p>AV 57\/1 Alpenvereinskarte WEG+SKI, mit UTM Gitter Karnischer Hauptkamm F\u00fcr die Wander- und Grenzregion Karnischer Hauptkamm gibt es jetzt eine komplett neue Alpenvereinskarte. Sie erstreckt sich von Sexten im Westen bis zum Pl\u00f6ckenpass im Osten. Im Norden befindet sich das Gailtal\/Lesachtal und im S\u00fcden der Ort Sappada. Die Karte ist doppelseitig gedruckt und im Ma\u00dfstab [&#8230;]\n","protected":false},"featured_media":37135,"template":"","meta":[],"product_brand":[],"product_cat":[21543],"product_tag":[],"class_list":{"0":"post-147632","1":"product","2":"type-product","3":"status-publish","4":"has-post-thumbnail","6":"product_cat-landkarten","7":"pa_autor-dav","8":"pa_erscheinungsjahr-21558","9":"pa_region-oesterreich","10":"pa_sprache-de","12":"first","13":"instock","14":"taxable","15":"shipping-taxable","16":"purchasable","17":"product-type-simple"},"_links":{"self":[{"href":"https:\/\/pizbube.ch\/en\/wp-json\/wp\/v2\/product\/147632","targetHints":{"allow":["GET"]}}],"collection":[{"href":"https:\/\/pizbube.ch\/en\/wp-json\/wp\/v2\/product"}],"about":[{"href":"https:\/\/pizbube.ch\/en\/wp-json\/wp\/v2\/types\/product"}],"wp:featuredmedia":[{"embeddable":true,"href":"https:\/\/pizbube.ch\/en\/wp-json\/wp\/v2\/media\/37135"}],"wp:attachment":[{"href":"https:\/\/pizbube.ch\/en\/wp-json\/wp\/v2\/media?parent=147632"}],"wp:term":[{"taxonomy":"product_brand","embeddable":true,"href":"https:\/\/pizbube.ch\/en\/wp-json\/wp\/v2\/product_brand?post=147632"},{"taxonomy":"product_cat","embeddable":true,"href":"https:\/\/pizbube.ch\/en\/wp-json\/wp\/v2\/product_cat?post=147632"},{"taxonomy":"product_tag","embeddable":true,"href":"https:\/\/pizbube.ch\/en\/wp-json\/wp\/v2\/product_tag?post=147632"}],"curies":[{"name":"wp","href":"https:\/\/api.w.org\/{rel}","templated":true}]}}