{"id":147633,"date":"2021-01-15T10:55:41","date_gmt":"2021-01-15T10:55:41","guid":{"rendered":"https:\/\/codengine3.ch\/?product=import-placeholder-for-208473"},"modified":"2021-01-15T17:54:25","modified_gmt":"2021-01-15T17:54:25","slug":"skitouren-coach-kaernten","status":"publish","type":"product","link":"https:\/\/pizbube.ch\/en\/shop\/skitouren-coach-kaernten\/","title":{"rendered":"Skitouren-Coach K\u00e4rnten"},"content":{"rendered":"<p>Ratgeber und 20 \u00dcbungstouren in den Nockbergen und im Lesachtal<\/p>\n<p>Das Buch dient als Ratgeber wie auch als kleine F\u00fchrer\u00adliteratur \u2013 ideal um<br \/>\nEin\u00adsteigern den Schritt in die Selbst\u00adst\u00e4ndigkeit zu erleichtern.<\/p>\n<p>Skitouren-Coach K\u00e4rnten, ein Ratgeber mit 20 \u00dcbungstouren\u00b4.<br \/>\nDieses Buch wurde f\u00fcr Skitouren-Einsteiger verfasst und dient als Ratgeber wie<br \/>\nauch als kleine F\u00fchrerliteratur mit 20 leichten Touren in den Nockbergen und<br \/>\nim Lesachtal. Einsteiger werden hier an das verantwortungsvolle Thema<br \/>\n\u203aSkitourengehen\u2039 herangef\u00fchrt.<\/p>\n<p>Dem fortgeschrittenen Tourengeher kann diese Lekt\u00fcre als grundlegende<br \/>\nZusammenfassung der Themen Schnee und Lawinen dienen. Eine ideale Erg\u00e4nzung,<br \/>\num nach einem absolvierten Skitourenkurs den Schritt in die Selbstst\u00e4ndigkeit<br \/>\nsicher zu bew\u00e4ltigen.<\/p>","protected":false},"excerpt":{"rendered":"<p>Ratgeber und 20 \u00dcbungstouren in den Nockbergen und im Lesachtal Das Buch dient als Ratgeber wie auch als kleine F\u00fchrer\u00adliteratur \u2013 ideal um Ein\u00adsteigern den Schritt in die Selbst\u00adst\u00e4ndigkeit zu erleichtern. Skitouren-Coach K\u00e4rnten, ein Ratgeber mit 20 \u00dcbungstouren\u00b4. Dieses Buch wurde f\u00fcr Skitouren-Einsteiger verfasst und dient als Ratgeber wie auch als kleine F\u00fchrerliteratur mit 20 [&#8230;]\n","protected":false},"featured_media":40296,"template":"","meta":[],"product_brand":[],"product_cat":[21540],"product_tag":[],"class_list":{"0":"post-147633","1":"product","2":"type-product","3":"status-publish","4":"has-post-thumbnail","6":"product_cat-fuehrerliteratur-alpin-winter","7":"pa_autor-lippitsch-neumann","8":"pa_erscheinungsjahr-21571","9":"pa_region-oesterreich","10":"pa_sprache-de","12":"first","13":"instock","14":"taxable","15":"shipping-taxable","16":"purchasable","17":"product-type-simple"},"_links":{"self":[{"href":"https:\/\/pizbube.ch\/en\/wp-json\/wp\/v2\/product\/147633","targetHints":{"allow":["GET"]}}],"collection":[{"href":"https:\/\/pizbube.ch\/en\/wp-json\/wp\/v2\/product"}],"about":[{"href":"https:\/\/pizbube.ch\/en\/wp-json\/wp\/v2\/types\/product"}],"wp:featuredmedia":[{"embeddable":true,"href":"https:\/\/pizbube.ch\/en\/wp-json\/wp\/v2\/media\/40296"}],"wp:attachment":[{"href":"https:\/\/pizbube.ch\/en\/wp-json\/wp\/v2\/media?parent=147633"}],"wp:term":[{"taxonomy":"product_brand","embeddable":true,"href":"https:\/\/pizbube.ch\/en\/wp-json\/wp\/v2\/product_brand?post=147633"},{"taxonomy":"product_cat","embeddable":true,"href":"https:\/\/pizbube.ch\/en\/wp-json\/wp\/v2\/product_cat?post=147633"},{"taxonomy":"product_tag","embeddable":true,"href":"https:\/\/pizbube.ch\/en\/wp-json\/wp\/v2\/product_tag?post=147633"}],"curies":[{"name":"wp","href":"https:\/\/api.w.org\/{rel}","templated":true}]}}