{"id":147640,"date":"2021-01-15T10:55:41","date_gmt":"2021-01-15T10:55:41","guid":{"rendered":"https:\/\/codengine3.ch\/?product=import-placeholder-for-200249"},"modified":"2022-04-26T10:38:09","modified_gmt":"2022-04-26T08:38:09","slug":"kein-schwerkletterbuch-klettern-bis-6a","status":"publish","type":"product","link":"https:\/\/pizbube.ch\/en\/shop\/kein-schwerkletterbuch-klettern-bis-6a\/","title":{"rendered":"Kein Schwerkletterbuch \u2013 Klettern bis 6a+"},"content":{"rendered":"<p>Ein pers\u00f6nlicher Auswahlf\u00fchrer von &#171;A&#187; wie Arco \u00fcber S\u00fcdfrankreich,<br \/>\nTeneriffe, Mallorca bis &#171;Z&#187;: Zu guter Letzt: die Top 10&#8230;<\/p>\n<p>Klettern und Reisen \u2013 eine wunderbare Kombination. Doch wo geht das?<\/p>\n<p>Endlich ein B\u00fcchlein f\u00fcr Nichtschwerkletterer! Besonders erinnerungsw\u00fcrdige<br \/>\nRouten in tollen Klettergebieten gepaart mit Erlebnissen und Erkenntnissen<br \/>\nrund ums Klettern. Kletterer, f\u00fcr die der Spa\u00df am Klettern im Vordergrund<br \/>\nsteht, erhalten Vorschl\u00e4ge f\u00fcr wundersch\u00f6ne und kletter-lohnenswerte<br \/>\nUrlaubsgebiete. Viel Spa\u00df damit!<\/p>\n<p>Format: Taschenbuch, Seiten: 144<\/p>","protected":false},"excerpt":{"rendered":"<p>Ein pers\u00f6nlicher Auswahlf\u00fchrer von &#171;A&#187; wie Arco \u00fcber S\u00fcdfrankreich, Teneriffe, Mallorca bis &#171;Z&#187;: Zu guter Letzt: die Top 10&#8230; Klettern und Reisen \u2013 eine wunderbare Kombination. Doch wo geht das? Endlich ein B\u00fcchlein f\u00fcr Nichtschwerkletterer! Besonders erinnerungsw\u00fcrdige Routen in tollen Klettergebieten gepaart mit Erlebnissen und Erkenntnissen rund ums Klettern. Kletterer, f\u00fcr die der Spa\u00df am [&#8230;]\n","protected":false},"featured_media":26352,"template":"","meta":[],"product_brand":[],"product_cat":[21542],"product_tag":[],"class_list":{"0":"post-147640","1":"product","2":"type-product","3":"status-publish","4":"has-post-thumbnail","6":"product_cat-sachbuecher-dokumentationen","7":"pa_autor-brixendorf","8":"pa_erscheinungsjahr-21586","9":"pa_region-deutschland","10":"pa_sprache-de","12":"first","13":"outofstock","14":"taxable","15":"shipping-taxable","16":"purchasable","17":"product-type-simple"},"_links":{"self":[{"href":"https:\/\/pizbube.ch\/en\/wp-json\/wp\/v2\/product\/147640","targetHints":{"allow":["GET"]}}],"collection":[{"href":"https:\/\/pizbube.ch\/en\/wp-json\/wp\/v2\/product"}],"about":[{"href":"https:\/\/pizbube.ch\/en\/wp-json\/wp\/v2\/types\/product"}],"wp:featuredmedia":[{"embeddable":true,"href":"https:\/\/pizbube.ch\/en\/wp-json\/wp\/v2\/media\/26352"}],"wp:attachment":[{"href":"https:\/\/pizbube.ch\/en\/wp-json\/wp\/v2\/media?parent=147640"}],"wp:term":[{"taxonomy":"product_brand","embeddable":true,"href":"https:\/\/pizbube.ch\/en\/wp-json\/wp\/v2\/product_brand?post=147640"},{"taxonomy":"product_cat","embeddable":true,"href":"https:\/\/pizbube.ch\/en\/wp-json\/wp\/v2\/product_cat?post=147640"},{"taxonomy":"product_tag","embeddable":true,"href":"https:\/\/pizbube.ch\/en\/wp-json\/wp\/v2\/product_tag?post=147640"}],"curies":[{"name":"wp","href":"https:\/\/api.w.org\/{rel}","templated":true}]}}