{"id":147641,"date":"2021-01-15T10:55:41","date_gmt":"2021-01-15T10:55:41","guid":{"rendered":"https:\/\/codengine3.ch\/?product=import-placeholder-for-204902"},"modified":"2021-01-15T14:37:09","modified_gmt":"2021-01-15T14:37:09","slug":"6a-max-dauphine","status":"publish","type":"product","link":"https:\/\/pizbube.ch\/en\/shop\/6a-max-dauphine\/","title":{"rendered":"6a MAX Dauphin\u00e9"},"content":{"rendered":"<p>Pr\u00e9sente une s\u00e9lection d&#8217;escalades de 4+ \u00e0 6a autour de Grenoble- Chamb\u00e9ry-<br \/>\nBourg d&#8217;Oisans  <\/p>\n<p>6a max est un concept: se faire plaisir en escalade en d\u00e9couvrant sans cesse<br \/>\nde nouveaux lieux et de nouvelles voies avec, pour niveau maximal, ce 6a pour<br \/>\nlequel un entrainement intensif n&#8217;est pas n\u00e9cessaire.  <\/p>\n<p>Les pratiquants d&#8217;une escalade &#8218;r\u00e9cr\u00e9ative&#8216; recherchent des voies d&#8217;un niveau<br \/>\nabordable, esth\u00e9tique et en bon rocher, b\u00e9n\u00e9ficiant si possible d&#8217;un<br \/>\n\u00e9quipement abondant et s\u00fbr.  <\/p>\n<p>Cet ouvrage recense une soixantaine d&#8217;escalades agr\u00e9ables, techniques sans<br \/>\n\u00eatre vraiment difficiles, n&#8217;imposant, ni engagement important, ni haut niveau<br \/>\nde pratique, et situ\u00e9s dans les massifs des Bauges, de la Chartreuse, du<br \/>\nVercors, du D\u00e9voluy, de Belledonne, ainsi qu&#8217;en Oisans.  <\/p>","protected":false},"excerpt":{"rendered":"<p>Pr\u00e9sente une s\u00e9lection d&#8217;escalades de 4+ \u00e0 6a autour de Grenoble- Chamb\u00e9ry- Bourg d&#8217;Oisans 6a max est un concept: se faire plaisir en escalade en d\u00e9couvrant sans cesse de nouveaux lieux et de nouvelles voies avec, pour niveau maximal, ce 6a pour lequel un entrainement intensif n&#8217;est pas n\u00e9cessaire. Les pratiquants d&#8217;une escalade &#8218;r\u00e9cr\u00e9ative&#8216; recherchent [&#8230;]\n","protected":false},"featured_media":33445,"template":"","meta":[],"product_brand":[],"product_cat":[21539],"product_tag":[],"class_list":{"0":"post-147641","1":"product","2":"type-product","3":"status-publish","4":"has-post-thumbnail","6":"product_cat-fuehrerliteratur-sportklettern-bouldern","7":"pa_autor-brass","8":"pa_erscheinungsjahr-21842","9":"pa_region-frankreich","10":"pa_sprache-fr","12":"first","13":"instock","14":"taxable","15":"shipping-taxable","16":"purchasable","17":"product-type-simple"},"_links":{"self":[{"href":"https:\/\/pizbube.ch\/en\/wp-json\/wp\/v2\/product\/147641","targetHints":{"allow":["GET"]}}],"collection":[{"href":"https:\/\/pizbube.ch\/en\/wp-json\/wp\/v2\/product"}],"about":[{"href":"https:\/\/pizbube.ch\/en\/wp-json\/wp\/v2\/types\/product"}],"wp:featuredmedia":[{"embeddable":true,"href":"https:\/\/pizbube.ch\/en\/wp-json\/wp\/v2\/media\/33445"}],"wp:attachment":[{"href":"https:\/\/pizbube.ch\/en\/wp-json\/wp\/v2\/media?parent=147641"}],"wp:term":[{"taxonomy":"product_brand","embeddable":true,"href":"https:\/\/pizbube.ch\/en\/wp-json\/wp\/v2\/product_brand?post=147641"},{"taxonomy":"product_cat","embeddable":true,"href":"https:\/\/pizbube.ch\/en\/wp-json\/wp\/v2\/product_cat?post=147641"},{"taxonomy":"product_tag","embeddable":true,"href":"https:\/\/pizbube.ch\/en\/wp-json\/wp\/v2\/product_tag?post=147641"}],"curies":[{"name":"wp","href":"https:\/\/api.w.org\/{rel}","templated":true}]}}