{"id":147642,"date":"2021-01-15T10:55:41","date_gmt":"2021-01-15T10:55:41","guid":{"rendered":"https:\/\/codengine3.ch\/?product=import-placeholder-for-201215"},"modified":"2025-08-05T12:03:06","modified_gmt":"2025-08-05T10:03:06","slug":"rock-around-the-world","status":"publish","type":"product","link":"https:\/\/pizbube.ch\/en\/shop\/rock-around-the-world\/","title":{"rendered":"Rock around the World"},"content":{"rendered":"<p>Rock around the World, 180 multi-pitch routes for 7 destinations around the<br \/>\nworld<\/p>\n<p>This climbing guidebook is a collection of some major destinations around the<br \/>\nworld, presenting for each one a selection of multi-pitch climbs which are<br \/>\nmore than enough to fill a first trip.<br \/>\nThe \u2018climbing\u2019 interest of a destination has been the main criteria for<br \/>\nincluding it in this book. But ease of access from Europe, relatively stable<br \/>\nweather during the main climbing seasons and absence of prohibitive political<br \/>\ntensions were also essential factors.<\/p>\n<p>The mandatory climbing grade required for the routes described ranges from 6a<br \/>\nto 6c for bolted routes and from 5c to 6b for trad climbing routes:<br \/>\n\u2013 The Calanques and the Verdon in the South of France, Sardinia: bolted<br \/>\nlimestone climbs on exceptional rock faces and in spectacular surroundings<br \/>\n\u2013 The Meteora in Greece: quite reasonably-graded routes (although sometimes<br \/>\nvery committing) on surreal conglomerate towers<br \/>\n\u2013 The Wadi Rum in Jordan: quite sustained \u201ctrad\u201d climbing routes up sandstone<br \/>\nwalls against an unforgettable backdrop<br \/>\n\u2013 The Tsaranoro Massif in Madagascar: quite committing bolted routes on big<br \/>\ngranite walls<br \/>\n\u2013 Red Rocks and Zion Parks in the USA: often very reasonably-graded \u201ctrad\u201d<br \/>\nclimbs on truly stunning sandstone faces<\/p>\n<p>Some may find that just 7 regions is too few. Don\u2019t be frustrated by this;<br \/>\ninstead, look at this guidebook as a good guide for a first trip, also giving<br \/>\nyou the opportunity in the future to go on to do 6 more!<\/p>\n<p>1st edition November 2017 \/ 328 pages \/<br \/>\nStandard French 15X21 format, 328 pages in full colour; Offset printing, sewn-<br \/>\nglued binding. Completely bilingual French\/English<\/p>\n<p>Ce topo d\u2019escalade regroupe quelques destinations majeures autour du monde en<br \/>\npr\u00e9sentant pour chacune une s\u00e9lection de grandes voies largement suffisante<br \/>\npour remplir un premier s\u00e9jour.<br \/>\nL\u2019int\u00e9r\u00eat \u201cescalade\u201d a \u00e9t\u00e9 le principal crit\u00e8re pour le choix des sites. Mais<br \/>\nl\u2019accessibilit\u00e9 depuis l\u2019Europe, une m\u00e9t\u00e9o assez stable sur les p\u00e9riodes<br \/>\npropices et l\u2019absence de tensions politiques r\u00e9dhibitoires \u00e9taient aussi des<br \/>\nconditions indispensables.<\/p>\n<p>Le niveau obligatoire requis pour les voies pr\u00e9sent\u00e9es s\u2019\u00e9chelonne de 6a \u00e0 6c<br \/>\npour les voies \u00e9quip\u00e9es et de 5c \u00e0 6b pour les voies sur coinceurs :<br \/>\n\u2013 Les Calanques et le Verdon dans le Sud de la France, la Sardaigne :<br \/>\nescalades calcaires tout \u00e9quip\u00e9es sur des parois et un environnement<br \/>\nexceptionnel<br \/>\n\u2013 Les M\u00e9t\u00e9ores en Gr\u00e8ce : escalades assez abordables mais parfois tr\u00e8s<br \/>\nengag\u00e9es sur des tours de conglom\u00e9rat surr\u00e9alistes<br \/>\n\u2013 Le Wadi Rum en Jordanie : escalades \u201ctrad\u201d assez soutenues sur des parois de<br \/>\ngr\u00e8s dans un environnement inoubliable<br \/>\n\u2013 Le massif du Tsaranoro \u00e0 Madagascar : escalades \u00e9quip\u00e9es mais assez engag\u00e9es<br \/>\nsur des grands murs de granite<br \/>\n\u2013 Les parcs de Red Rocks et Zion aux USA : escalades \u201ctrad\u201d souvent abordables<br \/>\nsur des parois de gr\u00e8s r\u00e9ellement majeures<\/p>\n<p>Certains pourront regretter de ne trouver que 7 r\u00e9gions. N\u2019en soyez pas<br \/>\nfrustr\u00e9s et au contraire, voyez ce topo comme un bon guide pour un premier<br \/>\nvoyage avec pour horizon la possibilit\u00e9 d\u2019en encha\u00eener 6 autres !<\/p>","protected":false},"excerpt":{"rendered":"<p>Rock around the World, 180 multi-pitch routes for 7 destinations around the world This climbing guidebook is a collection of some major destinations around the world, presenting for each one a selection of multi-pitch climbs which are more than enough to fill a first trip. The \u2018climbing\u2019 interest of a destination has been the main [&#8230;]\n","protected":false},"featured_media":167464,"template":"","meta":[],"product_brand":[],"product_cat":[21539],"product_tag":[],"class_list":{"0":"post-147642","1":"product","2":"type-product","3":"status-publish","4":"has-post-thumbnail","6":"product_cat-fuehrerliteratur-sportklettern-bouldern","7":"pa_autor-souchard","8":"pa_erscheinungsjahr-21574","9":"pa_region-uebrigers-europa","10":"pa_sprache-en-fr","12":"first","13":"instock","14":"taxable","15":"shipping-taxable","16":"purchasable","17":"product-type-simple"},"_links":{"self":[{"href":"https:\/\/pizbube.ch\/en\/wp-json\/wp\/v2\/product\/147642","targetHints":{"allow":["GET"]}}],"collection":[{"href":"https:\/\/pizbube.ch\/en\/wp-json\/wp\/v2\/product"}],"about":[{"href":"https:\/\/pizbube.ch\/en\/wp-json\/wp\/v2\/types\/product"}],"wp:featuredmedia":[{"embeddable":true,"href":"https:\/\/pizbube.ch\/en\/wp-json\/wp\/v2\/media\/167464"}],"wp:attachment":[{"href":"https:\/\/pizbube.ch\/en\/wp-json\/wp\/v2\/media?parent=147642"}],"wp:term":[{"taxonomy":"product_brand","embeddable":true,"href":"https:\/\/pizbube.ch\/en\/wp-json\/wp\/v2\/product_brand?post=147642"},{"taxonomy":"product_cat","embeddable":true,"href":"https:\/\/pizbube.ch\/en\/wp-json\/wp\/v2\/product_cat?post=147642"},{"taxonomy":"product_tag","embeddable":true,"href":"https:\/\/pizbube.ch\/en\/wp-json\/wp\/v2\/product_tag?post=147642"}],"curies":[{"name":"wp","href":"https:\/\/api.w.org\/{rel}","templated":true}]}}