{"id":147643,"date":"2021-01-15T10:55:41","date_gmt":"2021-01-15T10:55:41","guid":{"rendered":"https:\/\/codengine3.ch\/?product=import-placeholder-for-206553"},"modified":"2023-12-15T11:39:53","modified_gmt":"2023-12-15T10:39:53","slug":"wie-man-kletterer-wird","status":"publish","type":"product","link":"https:\/\/pizbube.ch\/en\/shop\/wie-man-kletterer-wird\/","title":{"rendered":"Wie man Kletterer wird"},"content":{"rendered":"<p>Christoph Willumeit, in Hamburg geboren und inzwischen Berliner, ist ein alpin<br \/>\nziemlich Sp\u00e4tberufener.<br \/>\nEingehend und eindr\u00fccklich schildert er in seiner ersten Geschichtensammlung,<br \/>\nwie man vom Barhocker an den Berg gelangt, sich dort heillos verirrt und warum<br \/>\nman nach m\u00fchseligem Abstieg gleich wieder ganz dringend aufsteigen muss. Die<br \/>\nbranchen\u00fcblichen H\u00f6chstleistungen, Heldentaten und farbenfrohen Erfrierungen<br \/>\ninteressieren ihn dabei nur am Rande. In Willumeits Buch geht es vielmehr um<br \/>\ndie Drangsale des ganz normalen Kletterers &#8211; und um die Verwunderung dar\u00fcber,<br \/>\ndass man einer best\u00fcrzend nutzlosen Besch\u00e4ftigung mit Haut und Haaren<br \/>\nverfallen ist. Und dann geht es noch um Zufall, um Angst, um wilde<br \/>\nStreitereien und alpine Seligkeit, um schottischen Matsch und die unbedingte<br \/>\nVermeidung von Konditionstraining. Kurz gesagt: Es geht um alles!<br \/>\n192 Seiten<\/p>","protected":false},"excerpt":{"rendered":"<p>Christoph Willumeit, in Hamburg geboren und inzwischen Berliner, ist ein alpin ziemlich Sp\u00e4tberufener. Eingehend und eindr\u00fccklich schildert er in seiner ersten Geschichtensammlung, wie man vom Barhocker an den Berg gelangt, sich dort heillos verirrt und warum man nach m\u00fchseligem Abstieg gleich wieder ganz dringend aufsteigen muss. Die branchen\u00fcblichen H\u00f6chstleistungen, Heldentaten und farbenfrohen Erfrierungen interessieren ihn [&#8230;]\n","protected":false},"featured_media":35616,"template":"","meta":[],"product_brand":[],"product_cat":[21629],"product_tag":[],"class_list":{"0":"post-147643","1":"product","2":"type-product","3":"status-publish","4":"has-post-thumbnail","6":"product_cat-belletristik","7":"pa_autor-willumeit","8":"pa_erscheinungsjahr-21610","9":"pa_region-deutschland","10":"pa_sprache-de","12":"first","13":"outofstock","14":"taxable","15":"shipping-taxable","16":"purchasable","17":"product-type-simple"},"_links":{"self":[{"href":"https:\/\/pizbube.ch\/en\/wp-json\/wp\/v2\/product\/147643","targetHints":{"allow":["GET"]}}],"collection":[{"href":"https:\/\/pizbube.ch\/en\/wp-json\/wp\/v2\/product"}],"about":[{"href":"https:\/\/pizbube.ch\/en\/wp-json\/wp\/v2\/types\/product"}],"wp:featuredmedia":[{"embeddable":true,"href":"https:\/\/pizbube.ch\/en\/wp-json\/wp\/v2\/media\/35616"}],"wp:attachment":[{"href":"https:\/\/pizbube.ch\/en\/wp-json\/wp\/v2\/media?parent=147643"}],"wp:term":[{"taxonomy":"product_brand","embeddable":true,"href":"https:\/\/pizbube.ch\/en\/wp-json\/wp\/v2\/product_brand?post=147643"},{"taxonomy":"product_cat","embeddable":true,"href":"https:\/\/pizbube.ch\/en\/wp-json\/wp\/v2\/product_cat?post=147643"},{"taxonomy":"product_tag","embeddable":true,"href":"https:\/\/pizbube.ch\/en\/wp-json\/wp\/v2\/product_tag?post=147643"}],"curies":[{"name":"wp","href":"https:\/\/api.w.org\/{rel}","templated":true}]}}