{"id":147650,"date":"2021-01-15T10:55:42","date_gmt":"2021-01-15T10:55:42","guid":{"rendered":"https:\/\/codengine3.ch\/?product=import-placeholder-for-201456"},"modified":"2021-01-15T12:01:44","modified_gmt":"2021-01-15T12:01:44","slug":"valle-de-anso-guia-de-escalada-en-roca","status":"publish","type":"product","link":"https:\/\/pizbube.ch\/en\/shop\/valle-de-anso-guia-de-escalada-en-roca\/","title":{"rendered":"Valle de Ans\u00f3. Gu\u00eda de escalada en roca"},"content":{"rendered":"<p>En el Valle de Ans\u00f3, en el Pirineo aragon\u00e9s, existe una gran variedad de<br \/>\nparedes, orientadas en todas las vertientes, cuya altura media ronda los<br \/>\n200-300 metros. Todas ellas se alzan por encima de prados y bosques<br \/>\nconfigurando un marco para la escalada \u00fanico en el Pirineo. Por lo general las<br \/>\nparedes presentan tramos muy verticales, pero existen tambi\u00e9n v\u00edas m\u00e1s<br \/>\nasequibles, que se introducen por canales y chimeneas.  <\/p>\n<p>Esta gu\u00eda \u00fanica, con tintes po\u00e9ticos, comprende una multitud de datos<br \/>\npr\u00e1cticos para disfrutar con la m\u00e1xima seguridad de 33 v\u00edas de escalada en el<br \/>\nvalle de Ans\u00f3: aproximaciones, longitud de itinerarios, dificultad, material,<br \/>\naperturistas, descripciones detalladas de las rutas y croquis minuciosos, todo<br \/>\nello recopilado por el mejor conocedor de la zona y un aut\u00e9ntico enamorado del<br \/>\nvalle.  <\/p>","protected":false},"excerpt":{"rendered":"<p>En el Valle de Ans\u00f3, en el Pirineo aragon\u00e9s, existe una gran variedad de paredes, orientadas en todas las vertientes, cuya altura media ronda los 200-300 metros. Todas ellas se alzan por encima de prados y bosques configurando un marco para la escalada \u00fanico en el Pirineo. Por lo general las paredes presentan tramos muy [&#8230;]\n","protected":false},"featured_media":28804,"template":"","meta":[],"product_brand":[],"product_cat":[21539],"product_tag":[],"class_list":{"0":"post-147650","1":"product","2":"type-product","3":"status-publish","4":"has-post-thumbnail","6":"product_cat-fuehrerliteratur-sportklettern-bouldern","7":"pa_autor-picazo","8":"pa_erscheinungsjahr-21842","9":"pa_region-spanien","10":"pa_sprache-sp","12":"first","13":"instock","14":"taxable","15":"shipping-taxable","16":"purchasable","17":"product-type-simple"},"_links":{"self":[{"href":"https:\/\/pizbube.ch\/en\/wp-json\/wp\/v2\/product\/147650","targetHints":{"allow":["GET"]}}],"collection":[{"href":"https:\/\/pizbube.ch\/en\/wp-json\/wp\/v2\/product"}],"about":[{"href":"https:\/\/pizbube.ch\/en\/wp-json\/wp\/v2\/types\/product"}],"wp:featuredmedia":[{"embeddable":true,"href":"https:\/\/pizbube.ch\/en\/wp-json\/wp\/v2\/media\/28804"}],"wp:attachment":[{"href":"https:\/\/pizbube.ch\/en\/wp-json\/wp\/v2\/media?parent=147650"}],"wp:term":[{"taxonomy":"product_brand","embeddable":true,"href":"https:\/\/pizbube.ch\/en\/wp-json\/wp\/v2\/product_brand?post=147650"},{"taxonomy":"product_cat","embeddable":true,"href":"https:\/\/pizbube.ch\/en\/wp-json\/wp\/v2\/product_cat?post=147650"},{"taxonomy":"product_tag","embeddable":true,"href":"https:\/\/pizbube.ch\/en\/wp-json\/wp\/v2\/product_tag?post=147650"}],"curies":[{"name":"wp","href":"https:\/\/api.w.org\/{rel}","templated":true}]}}