{"id":147651,"date":"2021-01-15T10:55:42","date_gmt":"2021-01-15T10:55:42","guid":{"rendered":"https:\/\/codengine3.ch\/?product=import-placeholder-for-200252"},"modified":"2021-01-15T10:55:47","modified_gmt":"2021-01-15T10:55:47","slug":"chile-der-norden","status":"publish","type":"product","link":"https:\/\/pizbube.ch\/en\/shop\/chile-der-norden\/","title":{"rendered":"Chile \u2013 Der Norden"},"content":{"rendered":"<p>Wanderungen auf schneewei\u00dfen Salzwegen durch die trockenste W\u00fcste der Welt,<br \/>\nTouren durch das Andenhochland, eine Besteigung des h\u00f6chsten Vulkans der Erde<br \/>\n\u2013 all das ist m\u00f6glich im Norden Chiles, wo die Extreme dicht beieinander<br \/>\nliegen.<\/p>\n<p>Neben den Wanderungen auf verschiedenen H\u00f6henlagen enth\u00e4lt dieser Wander- und<br \/>\nBergf\u00fchrer eine Auswahl an Gipfelrouten hin zu den h\u00f6chsten Vulkanen der Welt.<br \/>\nDie beschriebenen Touren eignen sich zur Erkundung dieser extremen Region und<br \/>\nauch zur Akklimatisierung, welche sich durch die Vielzahl an Routen und<br \/>\nAnforderungen abwechslungsreich gestalten l\u00e4sst.<\/p>\n<p>Das Buch spricht sowohl Wanderer an, die sich auf ein Abenteuer in extremer<br \/>\nTrockenheit und v\u00f6lliger Abgeschiedenheit einlassen, als auch Bergsteiger, die<br \/>\ndie hohen Andenvulkane Nordchiles bezwingen wollen. Informationen zu<br \/>\nAkklimatisierung, Ausr\u00fcstung, Besteigungsgenehmigungen und Orientierung werden<br \/>\nerg\u00e4nzt durch Hintergr\u00fcnde und Besonderheiten zur Kultur sowie zur Flora und<br \/>\nFauna der Atacamaw\u00fcste.<\/p>","protected":false},"excerpt":{"rendered":"<p>Wanderungen auf schneewei\u00dfen Salzwegen durch die trockenste W\u00fcste der Welt, Touren durch das Andenhochland, eine Besteigung des h\u00f6chsten Vulkans der Erde \u2013 all das ist m\u00f6glich im Norden Chiles, wo die Extreme dicht beieinander liegen. Neben den Wanderungen auf verschiedenen H\u00f6henlagen enth\u00e4lt dieser Wander- und Bergf\u00fchrer eine Auswahl an Gipfelrouten hin zu den h\u00f6chsten Vulkanen [&#8230;]\n","protected":false},"featured_media":26382,"template":"","meta":[],"product_brand":[],"product_cat":[21605],"product_tag":[],"class_list":{"0":"post-147651","1":"product","2":"type-product","3":"status-publish","4":"has-post-thumbnail","6":"product_cat-wanderfuehrer-trekking","7":"pa_autor-schoenfeld","8":"pa_erscheinungsjahr-21597","9":"pa_region-amerika-sued","10":"pa_sprache-de","12":"first","13":"instock","14":"taxable","15":"shipping-taxable","16":"purchasable","17":"product-type-simple"},"_links":{"self":[{"href":"https:\/\/pizbube.ch\/en\/wp-json\/wp\/v2\/product\/147651","targetHints":{"allow":["GET"]}}],"collection":[{"href":"https:\/\/pizbube.ch\/en\/wp-json\/wp\/v2\/product"}],"about":[{"href":"https:\/\/pizbube.ch\/en\/wp-json\/wp\/v2\/types\/product"}],"wp:featuredmedia":[{"embeddable":true,"href":"https:\/\/pizbube.ch\/en\/wp-json\/wp\/v2\/media\/26382"}],"wp:attachment":[{"href":"https:\/\/pizbube.ch\/en\/wp-json\/wp\/v2\/media?parent=147651"}],"wp:term":[{"taxonomy":"product_brand","embeddable":true,"href":"https:\/\/pizbube.ch\/en\/wp-json\/wp\/v2\/product_brand?post=147651"},{"taxonomy":"product_cat","embeddable":true,"href":"https:\/\/pizbube.ch\/en\/wp-json\/wp\/v2\/product_cat?post=147651"},{"taxonomy":"product_tag","embeddable":true,"href":"https:\/\/pizbube.ch\/en\/wp-json\/wp\/v2\/product_tag?post=147651"}],"curies":[{"name":"wp","href":"https:\/\/api.w.org\/{rel}","templated":true}]}}