{"id":147653,"date":"2021-01-15T10:55:42","date_gmt":"2021-01-15T10:55:42","guid":{"rendered":"https:\/\/codengine3.ch\/?product=import-placeholder-for-206259"},"modified":"2023-11-09T09:20:16","modified_gmt":"2023-11-09T08:20:16","slug":"putre-lauca-travel-trekking-map-1100000","status":"publish","type":"product","link":"https:\/\/pizbube.ch\/en\/shop\/putre-lauca-travel-trekking-map-1100000\/","title":{"rendered":"Putre &#8211; Lauca  Travel &amp; trekking map 1:100&#8217;000"},"content":{"rendered":"<p>Die erste professionelle Karte des Andenplateaus im \u00e4u\u00dfersten Norden Chiles,<br \/>\nrings um Putre und den Nationalpark Lauca. Mit einer Liste touristischer<br \/>\nDienstleister, Fotos der sch\u00f6nsten Attraktionen und Zeichnungen der Tierwelt.<br \/>\nDreisprachige Informationen (Deutsch \u2013 Englisch \u2013 Spanisch).<br \/>\nKarte Format 70 x 78 cm: Georeferenzierte Darstellung (WGS-84) des Gebietes<br \/>\nzwischen Quebrada Cardones im Westen und der bolivischen Grenze im Osten,<br \/>\nsowie zwischen den Cerros de Condoriri im Norden und dem Vulkan Guallatiri<br \/>\n(6063 m) im S\u00fcden. Beinhaltet Attraktionen wie den Chungar\u00e1-See, die<br \/>\nZwillings-Vulkane Parinacota (6342 m) und Pomerape und die Lagune Cotacotani.<br \/>\nMit Wanderrouten, Thermalb\u00e4dern, Bergh\u00fctten und Zeltstellen. Ma\u00dfstab 1:100.000<br \/>\nDetailkarte der n\u00e4heren Umgebung von Putre, mit Wanderrouten, Ma\u00dfstab 1:30.000<br \/>\nOrtsplan von Putre, mit allen Unterk\u00fcnften, touristischen Dienstleistern und<br \/>\nlokaler Infrastruktur<\/p>\n<p>Putre &#8211; Lauca travel &amp; trekking map 1:100,000<br \/>\nnorthern Chile \/ Bolivia<\/p>","protected":false},"excerpt":{"rendered":"<p>Die erste professionelle Karte des Andenplateaus im \u00e4u\u00dfersten Norden Chiles, rings um Putre und den Nationalpark Lauca. Mit einer Liste touristischer Dienstleister, Fotos der sch\u00f6nsten Attraktionen und Zeichnungen der Tierwelt. Dreisprachige Informationen (Deutsch \u2013 Englisch \u2013 Spanisch). Karte Format 70 x 78 cm: Georeferenzierte Darstellung (WGS-84) des Gebietes zwischen Quebrada Cardones im Westen und der [&#8230;]\n","protected":false},"featured_media":35239,"template":"","meta":[],"product_brand":[],"product_cat":[21543],"product_tag":[],"class_list":{"0":"post-147653","1":"product","2":"type-product","3":"status-publish","4":"has-post-thumbnail","6":"product_cat-landkarten","7":"pa_autor-viachle-editores","8":"pa_erscheinungsjahr-21591","9":"pa_region-amerika-sued","10":"pa_sprache-d","11":"pa_sprache-e","12":"pa_sprache-sp","14":"first","15":"outofstock","16":"taxable","17":"shipping-taxable","18":"purchasable","19":"product-type-simple"},"_links":{"self":[{"href":"https:\/\/pizbube.ch\/en\/wp-json\/wp\/v2\/product\/147653","targetHints":{"allow":["GET"]}}],"collection":[{"href":"https:\/\/pizbube.ch\/en\/wp-json\/wp\/v2\/product"}],"about":[{"href":"https:\/\/pizbube.ch\/en\/wp-json\/wp\/v2\/types\/product"}],"wp:featuredmedia":[{"embeddable":true,"href":"https:\/\/pizbube.ch\/en\/wp-json\/wp\/v2\/media\/35239"}],"wp:attachment":[{"href":"https:\/\/pizbube.ch\/en\/wp-json\/wp\/v2\/media?parent=147653"}],"wp:term":[{"taxonomy":"product_brand","embeddable":true,"href":"https:\/\/pizbube.ch\/en\/wp-json\/wp\/v2\/product_brand?post=147653"},{"taxonomy":"product_cat","embeddable":true,"href":"https:\/\/pizbube.ch\/en\/wp-json\/wp\/v2\/product_cat?post=147653"},{"taxonomy":"product_tag","embeddable":true,"href":"https:\/\/pizbube.ch\/en\/wp-json\/wp\/v2\/product_tag?post=147653"}],"curies":[{"name":"wp","href":"https:\/\/api.w.org\/{rel}","templated":true}]}}