{"id":147657,"date":"2021-01-15T10:55:42","date_gmt":"2021-01-15T10:55:42","guid":{"rendered":"https:\/\/codengine3.ch\/?product=import-placeholder-for-203876"},"modified":"2021-01-15T14:27:29","modified_gmt":"2021-01-15T14:27:29","slug":"chile-experience","status":"publish","type":"product","link":"https:\/\/pizbube.ch\/en\/shop\/chile-experience\/","title":{"rendered":"Chile Experience"},"content":{"rendered":"<p>Travel Guide, Nature, Adventure &#038; Culture. Essential information for<br \/>\ntravellers, from trekking to bike touring, skiing, mountaineering, rock<br \/>\nclimbing, rafting and cultural tours.<br \/>\nSecond edition 2007  <\/p>\n<p>Exzellenter Adventure-Reisef\u00fchrer f\u00fcr Chile, vom Herausgeber der bekannten<br \/>\nTuristelf\u00fchrer. Gibt die wohl aktuellste \u00dcbersicht \u00fcber die relevanten<br \/>\nOutdoor-Aktivit\u00e4ten: Bergsteigen und Klettern, Trekking, Biking, Skiing,<br \/>\nParagliding, Overlandtouring (Gel\u00e4ndewagen), Wildwasser- und Seekayak, Diving<br \/>\nand Fishing. In der Regel werden die M\u00f6glichkeiten kurz vorgestellt und<br \/>\nbeschrieben. Z.T. werden aber auch Detailkarten (z.B. Trekking in San Pedro de<br \/>\nAtacama und Multiday-Biketouren \u00fcber ganz Chile) gegeben.<br \/>\n2nd edit.  <\/p>","protected":false},"excerpt":{"rendered":"<p>Travel Guide, Nature, Adventure &#038; Culture. Essential information for travellers, from trekking to bike touring, skiing, mountaineering, rock climbing, rafting and cultural tours. Second edition 2007 Exzellenter Adventure-Reisef\u00fchrer f\u00fcr Chile, vom Herausgeber der bekannten Turistelf\u00fchrer. Gibt die wohl aktuellste \u00dcbersicht \u00fcber die relevanten Outdoor-Aktivit\u00e4ten: Bergsteigen und Klettern, Trekking, Biking, Skiing, Paragliding, Overlandtouring (Gel\u00e4ndewagen), Wildwasser- und [&#8230;]\n","protected":false},"featured_media":31580,"template":"","meta":[],"product_brand":[],"product_cat":[21544],"product_tag":[],"class_list":{"0":"post-147657","1":"product","2":"type-product","3":"status-publish","4":"has-post-thumbnail","6":"product_cat-fuehrerliteratur-alpin-sommer","7":"pa_autor-howell","8":"pa_erscheinungsjahr-21842","9":"pa_region-amerika-sued","10":"pa_sprache-en","12":"first","13":"outofstock","14":"taxable","15":"shipping-taxable","16":"purchasable","17":"product-type-simple"},"_links":{"self":[{"href":"https:\/\/pizbube.ch\/en\/wp-json\/wp\/v2\/product\/147657","targetHints":{"allow":["GET"]}}],"collection":[{"href":"https:\/\/pizbube.ch\/en\/wp-json\/wp\/v2\/product"}],"about":[{"href":"https:\/\/pizbube.ch\/en\/wp-json\/wp\/v2\/types\/product"}],"wp:featuredmedia":[{"embeddable":true,"href":"https:\/\/pizbube.ch\/en\/wp-json\/wp\/v2\/media\/31580"}],"wp:attachment":[{"href":"https:\/\/pizbube.ch\/en\/wp-json\/wp\/v2\/media?parent=147657"}],"wp:term":[{"taxonomy":"product_brand","embeddable":true,"href":"https:\/\/pizbube.ch\/en\/wp-json\/wp\/v2\/product_brand?post=147657"},{"taxonomy":"product_cat","embeddable":true,"href":"https:\/\/pizbube.ch\/en\/wp-json\/wp\/v2\/product_cat?post=147657"},{"taxonomy":"product_tag","embeddable":true,"href":"https:\/\/pizbube.ch\/en\/wp-json\/wp\/v2\/product_tag?post=147657"}],"curies":[{"name":"wp","href":"https:\/\/api.w.org\/{rel}","templated":true}]}}