{"id":147658,"date":"2021-01-15T10:55:42","date_gmt":"2021-01-15T10:55:42","guid":{"rendered":"https:\/\/codengine3.ch\/?product=import-placeholder-for-204639"},"modified":"2021-01-15T14:35:07","modified_gmt":"2021-01-15T14:35:07","slug":"adventure-map-cental-chile-argentina-1500000","status":"publish","type":"product","link":"https:\/\/pizbube.ch\/en\/shop\/adventure-map-cental-chile-argentina-1500000\/","title":{"rendered":"Adventure Map Cental Chile &#038; Argentina 1:500&#8217;000"},"content":{"rendered":"<p>Reise-, Stra\u00dfen- und Fahrradkarte, Zentralchile, 1:500.000 Die erste<br \/>\ngrenz\u00fcbergreifende Karte Zentralchiles und des angrenzenden Gebiets in<br \/>\nWestargentinien, erarbeitet vom Kartografischen Institut der TU Dresden.<\/p>\n<p>Die Karte zeigt den Rundkurs Santiago Talca Paso Pehuenche Malarg\u00fce Mendoza<br \/>\nund verweist auf zahlreiche Attraktionen und m\u00f6gliche Outdoor-Aktivit\u00e4ten<br \/>\nentlang dieser Route sowie an der Pazifikk\u00fcste.<\/p>\n<p>Dazu geh\u00f6ren Fahrradrouten wie die von Talca \u00fcber den Pehuenche-Pass nach<br \/>\nMalarg\u00fce (Argentinien) ebenso wie Wander- und Klettergebiete, Skizentren,<br \/>\nSurfstr\u00e4nde, Thermalquellen etc. GPS-kompatibel, mit farbigem, plastischem<br \/>\nH\u00f6henprofil. Deutsch &#8211; Englisch Spanisch. Gedruckt auf rei\u00df- und wasserfestem,<br \/>\numweltvertr\u00e4glichem Steinpapier.<\/p>","protected":false},"excerpt":{"rendered":"<p>Reise-, Stra\u00dfen- und Fahrradkarte, Zentralchile, 1:500.000 Die erste grenz\u00fcbergreifende Karte Zentralchiles und des angrenzenden Gebiets in Westargentinien, erarbeitet vom Kartografischen Institut der TU Dresden. Die Karte zeigt den Rundkurs Santiago Talca Paso Pehuenche Malarg\u00fce Mendoza und verweist auf zahlreiche Attraktionen und m\u00f6gliche Outdoor-Aktivit\u00e4ten entlang dieser Route sowie an der Pazifikk\u00fcste. Dazu geh\u00f6ren Fahrradrouten wie die [&#8230;]\n","protected":false},"featured_media":32865,"template":"","meta":[],"product_brand":[],"product_cat":[21543],"product_tag":[],"class_list":{"0":"post-147658","1":"product","2":"type-product","3":"status-publish","4":"has-post-thumbnail","6":"product_cat-landkarten","7":"pa_autor-stein","8":"pa_erscheinungsjahr-21571","9":"pa_region-amerika-sued","10":"pa_sprache-de-en-es","12":"first","13":"instock","14":"taxable","15":"shipping-taxable","16":"purchasable","17":"product-type-simple"},"_links":{"self":[{"href":"https:\/\/pizbube.ch\/en\/wp-json\/wp\/v2\/product\/147658","targetHints":{"allow":["GET"]}}],"collection":[{"href":"https:\/\/pizbube.ch\/en\/wp-json\/wp\/v2\/product"}],"about":[{"href":"https:\/\/pizbube.ch\/en\/wp-json\/wp\/v2\/types\/product"}],"wp:featuredmedia":[{"embeddable":true,"href":"https:\/\/pizbube.ch\/en\/wp-json\/wp\/v2\/media\/32865"}],"wp:attachment":[{"href":"https:\/\/pizbube.ch\/en\/wp-json\/wp\/v2\/media?parent=147658"}],"wp:term":[{"taxonomy":"product_brand","embeddable":true,"href":"https:\/\/pizbube.ch\/en\/wp-json\/wp\/v2\/product_brand?post=147658"},{"taxonomy":"product_cat","embeddable":true,"href":"https:\/\/pizbube.ch\/en\/wp-json\/wp\/v2\/product_cat?post=147658"},{"taxonomy":"product_tag","embeddable":true,"href":"https:\/\/pizbube.ch\/en\/wp-json\/wp\/v2\/product_tag?post=147658"}],"curies":[{"name":"wp","href":"https:\/\/api.w.org\/{rel}","templated":true}]}}