{"id":147661,"date":"2021-01-15T10:55:42","date_gmt":"2021-01-15T10:55:42","guid":{"rendered":"https:\/\/codengine3.ch\/?product=import-placeholder-for-208392"},"modified":"2021-01-15T17:53:28","modified_gmt":"2021-01-15T17:53:28","slug":"der-berg-ruft-memory","status":"publish","type":"product","link":"https:\/\/pizbube.ch\/en\/shop\/der-berg-ruft-memory\/","title":{"rendered":"Der Berg ruft! Memory"},"content":{"rendered":"<p>\nGed\u00e4chtnisspiel mit 36 Motiven ber\u00fchmter K\u00fcnstler  <\/p>\n<p>Nicht jeder hat das Gl\u00fcck, wie Reinhold Messner inmitten der Berge<br \/>\naufgewachsen zu sein. F\u00fcr alle, die sich dennoch der Welt der Gipfel und<br \/>\nH\u00f6henz\u00fcge stark verbunden f\u00fchlen, gibt es nun ein Ged\u00e4chtnisspiel mit Motiven<br \/>\nder steilsten Erhebungen der Welt, gemalt von K\u00fcnstlern verschiedener Epochen<br \/>\nund Erdteile.<\/p>\n<p>Das Spiel mit 36 Kartenpaaren eignet sich nicht nur f\u00fcr Bergsteiger, sondern<br \/>\nerfreut alle, die die Bergwelt mit ihren mal schroffen Gipfeln, mal sanften<br \/>\nH\u00fcgeln lieben. Das Memo &#171;Der Berg ruft&#187; zeigt Gebirge unterschiedlicher<br \/>\nRegionen: den majest\u00e4tischen Fuji in Japan, das elegante Matterhorn auf der<br \/>\nGrenze nach Italien, den dreizackigen Watzmann im deutschen Berchtesgaden, den<br \/>\nHimalaya in Indien, Bergketten im Tessin und andere imposante Erhebungen aus<br \/>\naller Welt, zum Beispiel aus dem fernen Kirgisien.<\/p>\n<p>Gletscher, Almh\u00fctten, K\u00fche und Ziegen, Alph\u00f6rner und Vulkane &#8211; die Motive, die<br \/>\nsich die Spieler beim Aufdecken der Karten merken sollen, stammen von<br \/>\nber\u00fchmten Malern. Zu den K\u00fcnstlern aller Epochen und Stilrichtungen z\u00e4hlen<br \/>\nErnst Ludwig Kirchner, Ferdinand Hodler, Giovanni Segantini, Caspar David<br \/>\nFriedrich, Wassily Kandinsky, Ludwig Richter, Katsushika Hokusai, Marianne von<br \/>\nWerefkin, Alexej von Jawlensky und viele andere bekannte Bergliebhaber.  <\/p>","protected":false},"excerpt":{"rendered":"<p>Ged\u00e4chtnisspiel mit 36 Motiven ber\u00fchmter K\u00fcnstler Nicht jeder hat das Gl\u00fcck, wie Reinhold Messner inmitten der Berge aufgewachsen zu sein. F\u00fcr alle, die sich dennoch der Welt der Gipfel und H\u00f6henz\u00fcge stark verbunden f\u00fchlen, gibt es nun ein Ged\u00e4chtnisspiel mit Motiven der steilsten Erhebungen der Welt, gemalt von K\u00fcnstlern verschiedener Epochen und Erdteile. Das Spiel [&#8230;]\n","protected":false},"featured_media":40074,"template":"","meta":[],"product_brand":[],"product_cat":[21836],"product_tag":[],"class_list":{"0":"post-147661","1":"product","2":"type-product","3":"status-publish","4":"has-post-thumbnail","6":"product_cat-geschenkideen","7":"pa_autor-seemann-henschel","8":"pa_erscheinungsjahr-21597","9":"pa_region-schweiz","10":"pa_sprache-de","12":"first","13":"instock","14":"taxable","15":"shipping-taxable","16":"purchasable","17":"product-type-simple"},"_links":{"self":[{"href":"https:\/\/pizbube.ch\/en\/wp-json\/wp\/v2\/product\/147661","targetHints":{"allow":["GET"]}}],"collection":[{"href":"https:\/\/pizbube.ch\/en\/wp-json\/wp\/v2\/product"}],"about":[{"href":"https:\/\/pizbube.ch\/en\/wp-json\/wp\/v2\/types\/product"}],"wp:featuredmedia":[{"embeddable":true,"href":"https:\/\/pizbube.ch\/en\/wp-json\/wp\/v2\/media\/40074"}],"wp:attachment":[{"href":"https:\/\/pizbube.ch\/en\/wp-json\/wp\/v2\/media?parent=147661"}],"wp:term":[{"taxonomy":"product_brand","embeddable":true,"href":"https:\/\/pizbube.ch\/en\/wp-json\/wp\/v2\/product_brand?post=147661"},{"taxonomy":"product_cat","embeddable":true,"href":"https:\/\/pizbube.ch\/en\/wp-json\/wp\/v2\/product_cat?post=147661"},{"taxonomy":"product_tag","embeddable":true,"href":"https:\/\/pizbube.ch\/en\/wp-json\/wp\/v2\/product_tag?post=147661"}],"curies":[{"name":"wp","href":"https:\/\/api.w.org\/{rel}","templated":true}]}}