{"id":147663,"date":"2021-01-15T10:55:42","date_gmt":"2021-01-15T10:55:42","guid":{"rendered":"https:\/\/codengine3.ch\/?product=import-placeholder-for-206948"},"modified":"2023-10-10T10:14:12","modified_gmt":"2023-10-10T08:14:12","slug":"k2-spiel-neuauflage-inkl-broad-peak-erweiterung","status":"publish","type":"product","link":"https:\/\/pizbube.ch\/en\/shop\/k2-spiel-neuauflage-inkl-broad-peak-erweiterung\/","title":{"rendered":"K2 &#8211; Spiel (Neuauflage inkl. Broad Peak Erweiterung)"},"content":{"rendered":"<p>Berg-Spiel K2 inkl. Broad Peak<br \/>\nvom Polen Adam Kaluza, passend zu den l\u00e4ngeren Abenden in der guten warmen<br \/>\nStube oder auch f\u00fcr unter den Weihnachtsbaum.<\/p>\n<p>Wie am richtigen Berg ist es wichtig, eine optimale Route zu w\u00e4hlen, seine<br \/>\nZelte an sicherem Ort aufzustellen und das Wetter zu beobachten.<br \/>\nDein Bergsteigerteam steht nun im Schatten des imposanten Berges und ist<br \/>\nbereit, den Gipfel f\u00fcr Ruhm und Ehre zu erklimmen. Du weisst, was dich<br \/>\nerwartet. Sich st\u00e4ndig \u00e4nderndes Wetter, ein steiler und tr\u00fcgerischer<br \/>\nAufstieg, sowie der Sauerstoffmangel werden t\u00f6dliche Feinde dieser<br \/>\ngef\u00e4hrlichen Expedition sein. Jeder Schritt muss sorgf\u00e4ltig geplant und die<br \/>\nklaren Tage sollten ausgenutzt werden, um gegen die anderen Teams zu bestehen,<br \/>\ndie deinem Team den Ruhm streitig machen wollen.<\/p>\n<p>In dem Spiel K2 f\u00fchrt jeder Spieler ein Team aus zwei Bergsteigern, das im<br \/>\nWettstreit mit anderen Teams versucht, den Gipfel zu erreichen und bis zum<br \/>\nEnde der 18-t\u00e4gigen Expedition zu \u00fcberleben. Je h\u00f6her ein Bergsteiger<br \/>\nklettert, umso mehr Siegpunkte bringt er zum Spielende. In den oberen Regionen<br \/>\ndes Berges muss man aber verst\u00e4rkt auf die Akklimatisierung achten&#8230;.<br \/>\nGeeignet f\u00fcr 1-5 Spieler ab 8 Jahren, Spieldauer ca. 60 Min.<\/p>","protected":false},"excerpt":{"rendered":"<p>Berg-Spiel K2 inkl. Broad Peak vom Polen Adam Kaluza, passend zu den l\u00e4ngeren Abenden in der guten warmen Stube oder auch f\u00fcr unter den Weihnachtsbaum. Wie am richtigen Berg ist es wichtig, eine optimale Route zu w\u00e4hlen, seine Zelte an sicherem Ort aufzustellen und das Wetter zu beobachten. Dein Bergsteigerteam steht nun im Schatten des [&#8230;]\n","protected":false},"featured_media":38674,"template":"","meta":[],"product_brand":[],"product_cat":[21836],"product_tag":[],"class_list":{"0":"post-147663","1":"product","2":"type-product","3":"status-publish","4":"has-post-thumbnail","6":"product_cat-geschenkideen","7":"pa_autor-kaluza","8":"pa_erscheinungsjahr-21586","9":"pa_region-deutschland","10":"pa_sprache-de","12":"first","13":"outofstock","14":"taxable","15":"shipping-taxable","16":"purchasable","17":"product-type-simple"},"_links":{"self":[{"href":"https:\/\/pizbube.ch\/en\/wp-json\/wp\/v2\/product\/147663","targetHints":{"allow":["GET"]}}],"collection":[{"href":"https:\/\/pizbube.ch\/en\/wp-json\/wp\/v2\/product"}],"about":[{"href":"https:\/\/pizbube.ch\/en\/wp-json\/wp\/v2\/types\/product"}],"wp:featuredmedia":[{"embeddable":true,"href":"https:\/\/pizbube.ch\/en\/wp-json\/wp\/v2\/media\/38674"}],"wp:attachment":[{"href":"https:\/\/pizbube.ch\/en\/wp-json\/wp\/v2\/media?parent=147663"}],"wp:term":[{"taxonomy":"product_brand","embeddable":true,"href":"https:\/\/pizbube.ch\/en\/wp-json\/wp\/v2\/product_brand?post=147663"},{"taxonomy":"product_cat","embeddable":true,"href":"https:\/\/pizbube.ch\/en\/wp-json\/wp\/v2\/product_cat?post=147663"},{"taxonomy":"product_tag","embeddable":true,"href":"https:\/\/pizbube.ch\/en\/wp-json\/wp\/v2\/product_tag?post=147663"}],"curies":[{"name":"wp","href":"https:\/\/api.w.org\/{rel}","templated":true}]}}