{"id":147664,"date":"2021-01-15T10:55:42","date_gmt":"2021-01-15T10:55:42","guid":{"rendered":"https:\/\/codengine3.ch\/?product=import-placeholder-for-200254"},"modified":"2025-01-15T09:20:50","modified_gmt":"2025-01-15T08:20:50","slug":"levante-climbs-south","status":"publish","type":"product","link":"https:\/\/pizbube.ch\/en\/shop\/levante-climbs-south\/","title":{"rendered":"Levante Climbs South"},"content":{"rendered":"<p>Levante Climbs South covers the area in and around Alicante on Spains Costa<br \/>\nBlanca. Like all modern climbing guides, it is in full colour throughout<br \/>\nincluding colour photo-topos for all the crags featured along with a great<br \/>\nselection of colour action shots.<\/p>\n<p>The guide contains easy-to-follow directions to each sector and is in Spanish,<br \/>\nEnglish and French throughout&#8230;<\/p>\n<p>Two local climbers, Jose Luis \u201cPrimo\u201d Palao and Renaud Moulin just finished to<br \/>\nedit the awaited climbing guidebook called Levante Climbs which covers many<br \/>\nsport climbing areas around Valencia. The guidebook has been done with the<br \/>\nhelp of local bolters and climbers. Two volumes: Nort (Castellon and Valencia)<br \/>\nand South (Alicante and Murcia), 800 pages in total, 4.000 routes, 3 langages<br \/>\n(Englih, Spanish and French),\u2026 Some places are well-known but it\u2019s the first<br \/>\ndescription for a lot of other areas around. It includes a selection of<br \/>\nclimbing sectors for the bigger sectors, while for the smaller it offers full<br \/>\ncoverage of routes. Much of the profits will be used to rebolt and bolt new<br \/>\nroutes.<\/p>\n<p>Spots covered by the guide:<br \/>\nAlcalal\u00ed<br \/>\nBenial\u00ed<br \/>\nBenizar<br \/>\nCabez\u00f3n de Oro<br \/>\nCieza<br \/>\nCocentaina<br \/>\nElda<br \/>\nJal\u00f3n<br \/>\nLeiva<br \/>\nLliber<br \/>\nLorcha<br \/>\nMula<br \/>\nMurla<br \/>\nNerpio<br \/>\nOrihuela<br \/>\nPedreguer<br \/>\nRicote<br \/>\nSella<br \/>\nTarbena<\/p>\n<p>Levante Climbs presenta una gran cantidad de zonas de escalada deportiva<br \/>\nalrededor de Valencia. La gu\u00eda ha sido realizada junto con la ayuda de<br \/>\nequipadores y escaladores locales. Se compone de dos libros: Norte (Castell\u00f3n<br \/>\ny Valencia) y Sur (Alicante y Murcia), 800 p\u00e1ginas en total, 4.000 rutas, 3<br \/>\nidiomas (ingl\u00e9s, espa\u00f1ol y franc\u00e9s),\u2026 Algunos lugares son ya muy conocidos y<br \/>\notros son completamente nuevos. Se recoge una selecci\u00f3n de sectores de las<br \/>\nzonas m\u00e1s grandes mientras que para las zonas m\u00e1s peque\u00f1as se trata de una<br \/>\ngu\u00eda completa. Gran parte de los beneficios ser\u00e1n destinados al reequipamiento<br \/>\ny equipamiento de nuevas v\u00edas. La gu\u00eda ha sido editada gracias al sitio web<br \/>\nClimb Maps.<\/p>","protected":false},"excerpt":{"rendered":"<p>Levante Climbs South covers the area in and around Alicante on Spains Costa Blanca. Like all modern climbing guides, it is in full colour throughout including colour photo-topos for all the crags featured along with a great selection of colour action shots. The guide contains easy-to-follow directions to each sector and is in Spanish, English [&#8230;]\n","protected":false},"featured_media":158568,"template":"","meta":[],"product_brand":[],"product_cat":[21539],"product_tag":[],"class_list":{"0":"post-147664","1":"product","2":"type-product","3":"status-publish","4":"has-post-thumbnail","6":"product_cat-fuehrerliteratur-sportklettern-bouldern","7":"pa_autor-moulin-palao","8":"pa_erscheinungsjahr-21586","9":"pa_region-spanien","10":"pa_sprache-es-en-fr","12":"first","13":"outofstock","14":"taxable","15":"shipping-taxable","16":"purchasable","17":"product-type-simple"},"_links":{"self":[{"href":"https:\/\/pizbube.ch\/en\/wp-json\/wp\/v2\/product\/147664","targetHints":{"allow":["GET"]}}],"collection":[{"href":"https:\/\/pizbube.ch\/en\/wp-json\/wp\/v2\/product"}],"about":[{"href":"https:\/\/pizbube.ch\/en\/wp-json\/wp\/v2\/types\/product"}],"wp:featuredmedia":[{"embeddable":true,"href":"https:\/\/pizbube.ch\/en\/wp-json\/wp\/v2\/media\/158568"}],"wp:attachment":[{"href":"https:\/\/pizbube.ch\/en\/wp-json\/wp\/v2\/media?parent=147664"}],"wp:term":[{"taxonomy":"product_brand","embeddable":true,"href":"https:\/\/pizbube.ch\/en\/wp-json\/wp\/v2\/product_brand?post=147664"},{"taxonomy":"product_cat","embeddable":true,"href":"https:\/\/pizbube.ch\/en\/wp-json\/wp\/v2\/product_cat?post=147664"},{"taxonomy":"product_tag","embeddable":true,"href":"https:\/\/pizbube.ch\/en\/wp-json\/wp\/v2\/product_tag?post=147664"}],"curies":[{"name":"wp","href":"https:\/\/api.w.org\/{rel}","templated":true}]}}