{"id":147665,"date":"2021-01-15T10:55:42","date_gmt":"2021-01-15T10:55:42","guid":{"rendered":"https:\/\/codengine3.ch\/?product=import-placeholder-for-204537"},"modified":"2021-01-15T14:34:12","modified_gmt":"2021-01-15T14:34:12","slug":"alto-mijares-olba-escalada-deportiva-sport-climbing","status":"publish","type":"product","link":"https:\/\/pizbube.ch\/en\/shop\/alto-mijares-olba-escalada-deportiva-sport-climbing\/","title":{"rendered":"Alto Mijares-Olba &#8211; Escalada deportiva \/ Sport climbing"},"content":{"rendered":"<p>\nA new climbing guide to the Alto Mijares (High Mijares) situated inland about<br \/>\n100km north of Valencia on Spain&#8217;s east coast.Likemost modern topos, the guide<br \/>\ncontains a full set of colour photo-topos; a good selection of action shots<br \/>\nplus easy-to-follow crag acces information &#8211; English and Spanish language<br \/>\nthroughout&#8230;  <\/p>\n<p>Photo-Topo-guidebook; High quality limestone and routes in a beautifully<br \/>\nlandscape with sectors dispersed enough to avoid the crowds and manifold<br \/>\nenough to come back again and again&#8230;  <\/p>\n<p>La zona de escalada a la que dedicamos este gu\u00eda est\u00e1 ubicada al sur de la<br \/>\nprovincia de Teruel y m\u00e1s concretamente en la comarca del Alto Mijares. En<br \/>\neste paraje encontraremos rincones con un importante valor paisaj\u00edstico donde<br \/>\nes protagonista la frondosa vegetaci\u00f3n que envuelve las dos veredas del r\u00edo<br \/>\nMijares y su afluente el Palomarejas.  <\/p>\n<p>A escasos metros de su confluencia se forma una importante depresi\u00f3n donde las<br \/>\naguas han socavado el terreno dejando al descubierto unas murallas de roca<br \/>\ncaliza con una altura de entre 20 y 50 metros a orillas de ambos r\u00edos. Estas<br \/>\nparedes no pasaron inadvertidas para algunos escaladores, que a mediados de la<br \/>\nd\u00e9cada de los 90 se fijaron en las posibilidades que ofrec\u00edan para la pr\u00e1ctica<br \/>\nde la escalada comenzando a equipar las primeras v\u00edas de esta zona, que se<br \/>\nencontraban en los sectores conocidos actualmente con el nombre de Obras<br \/>\nMaestras y Central Park.<\/p>\n<p>Fue en el a\u00f1o 2012 cuando este desfiladero recibi\u00f3 un nuevo empuj\u00f3n por parte<br \/>\nde algunos escaladores pr\u00f3ximos a las poblaciones m\u00e1s cercanas, descubriendo<br \/>\nen cada ruta un nuevo aliciente para continuar con la apertura de nuevas v\u00edas,<br \/>\nestimulados por la calidad de la roca y un entorno privilegiado. Del mismo<br \/>\nmodo que los sectores se fueron ampliando, creci\u00f3 el n\u00famero de aperturistas<br \/>\nque de forma desinteresada sumaron las m\u00e1s de 400 v\u00edas que existen<br \/>\nactualmente.  <\/p>\n<p>Para ello pusieron gran empe\u00f1o en trazar sendas por lugares hasta entonces<br \/>\ncasi inaccesibles, allanaron la base de los sectores o colocaron carteles<br \/>\nindicando los accesos a las zonas, dejando un amplio abanico de v\u00edas para<br \/>\ntodos los gustos y niveles.  <\/p>","protected":false},"excerpt":{"rendered":"<p>A new climbing guide to the Alto Mijares (High Mijares) situated inland about 100km north of Valencia on Spain&#8217;s east coast.Likemost modern topos, the guide contains a full set of colour photo-topos; a good selection of action shots plus easy-to-follow crag acces information &#8211; English and Spanish language throughout&#8230; Photo-Topo-guidebook; High quality limestone and routes [&#8230;]\n","protected":false},"featured_media":32593,"template":"","meta":[],"product_brand":[],"product_cat":[21539],"product_tag":[],"class_list":{"0":"post-147665","1":"product","2":"type-product","3":"status-publish","4":"has-post-thumbnail","6":"product_cat-fuehrerliteratur-sportklettern-bouldern","7":"pa_autor-hochmuth-tudela-de-dios-denia-bolos","8":"pa_erscheinungsjahr-21586","9":"pa_region-spanien","10":"pa_sprache-es-en","12":"first","13":"instock","14":"taxable","15":"shipping-taxable","16":"purchasable","17":"product-type-simple"},"_links":{"self":[{"href":"https:\/\/pizbube.ch\/en\/wp-json\/wp\/v2\/product\/147665","targetHints":{"allow":["GET"]}}],"collection":[{"href":"https:\/\/pizbube.ch\/en\/wp-json\/wp\/v2\/product"}],"about":[{"href":"https:\/\/pizbube.ch\/en\/wp-json\/wp\/v2\/types\/product"}],"wp:featuredmedia":[{"embeddable":true,"href":"https:\/\/pizbube.ch\/en\/wp-json\/wp\/v2\/media\/32593"}],"wp:attachment":[{"href":"https:\/\/pizbube.ch\/en\/wp-json\/wp\/v2\/media?parent=147665"}],"wp:term":[{"taxonomy":"product_brand","embeddable":true,"href":"https:\/\/pizbube.ch\/en\/wp-json\/wp\/v2\/product_brand?post=147665"},{"taxonomy":"product_cat","embeddable":true,"href":"https:\/\/pizbube.ch\/en\/wp-json\/wp\/v2\/product_cat?post=147665"},{"taxonomy":"product_tag","embeddable":true,"href":"https:\/\/pizbube.ch\/en\/wp-json\/wp\/v2\/product_tag?post=147665"}],"curies":[{"name":"wp","href":"https:\/\/api.w.org\/{rel}","templated":true}]}}