{"id":147667,"date":"2021-01-15T10:55:42","date_gmt":"2021-01-15T10:55:42","guid":{"rendered":"https:\/\/codengine3.ch\/?product=import-placeholder-for-200416"},"modified":"2026-03-10T14:50:12","modified_gmt":"2026-03-10T13:50:12","slug":"chulilla-climbing-guide","status":"publish","type":"product","link":"https:\/\/pizbube.ch\/en\/shop\/chulilla-climbing-guide\/","title":{"rendered":"CHULILLA climbing guide"},"content":{"rendered":"<p>Estaba en frente de sus narices, pero tardaron meses en darse cuenta. Los<br \/>\nescaladores valencianos en su b\u00fasqueda de roca virgen, hab\u00edan prospectado<br \/>\nhasta el \u00faltimo cent\u00edmetro cuadrado de su provincia hasta que comprobaron que<br \/>\nel futuro se encontraba all\u00ed mismo, en Chulilla, en su escuela de toda la<br \/>\nvida. Esta escuela valenciana contin\u00faa inventando nuevos sectores, alimentando<br \/>\na buena parte con aperturas y revitalizando los antiguos e, injustamente,<br \/>\nolvidados.<\/p>\n<p>5. edici\u00f3n 2025 revisada y ampliada de este gran trabajo de Pedro Pons, y<br \/>\nNuria Mart\u00ed, encargados del albergue de escaladores &#171;El \u00c1tico&#187;; recoge todos<br \/>\nlos sectores de escalada de la escuela con incre\u00edbles fotos a color e<br \/>\ninformaci\u00f3n complementaria como los metros de las v\u00edas, mapas detallados de<br \/>\nacceso a las paredes, calidad y estilo de las rutas, dificultades por<br \/>\ncolor,&#8230;<\/p>\n<p>Los beneficios generados con la venta de esta gu\u00eda se destinar\u00e1n al<br \/>\nreequipamiento.<\/p>\n<p>&nbsp;<\/p>\n<p>With more than 800 routes, Chulilla (Valencia) is one of the best rock<br \/>\nclimbing areas in Spain. Its limestone canyon shaped by the Turia river makes<br \/>\nChulilla a great place for sport climbing.<\/p>\n<p>The routes\u2019 grades range from low 6s through to the mid to high 8s making<br \/>\nChulilla a perfect climbing area for most climbers. The routes are usually<br \/>\nquite long, in some cases requiring a 80m rope (always make sure your rope is<br \/>\nlong enough).<\/p>\n<p>While having routes at all grades, many climbers consider Chulilla to be the<br \/>\n7c paradise and for those that climb around this grade will definitely have<br \/>\nendless supply of routes and projects.<\/p>\n<p>2025 edition, 296 pages<\/p>","protected":false},"excerpt":{"rendered":"<p>Estaba en frente de sus narices, pero tardaron meses en darse cuenta. Los escaladores valencianos en su b\u00fasqueda de roca virgen, hab\u00edan prospectado hasta el \u00faltimo cent\u00edmetro cuadrado de su provincia hasta que comprobaron que el futuro se encontraba all\u00ed mismo, en Chulilla, en su escuela de toda la vida. Esta escuela valenciana contin\u00faa inventando [&#8230;]\n","protected":false},"featured_media":183387,"template":"","meta":[],"product_brand":[],"product_cat":[21539],"product_tag":[],"class_list":{"0":"post-147667","1":"product","2":"type-product","3":"status-publish","4":"has-post-thumbnail","6":"product_cat-fuehrerliteratur-sportklettern-bouldern","7":"pa_autor-pons","8":"pa_erscheinungsjahr-27415","9":"pa_region-spanien","10":"pa_sprache-es-en","12":"first","13":"instock","14":"taxable","15":"shipping-taxable","16":"purchasable","17":"product-type-simple"},"_links":{"self":[{"href":"https:\/\/pizbube.ch\/en\/wp-json\/wp\/v2\/product\/147667","targetHints":{"allow":["GET"]}}],"collection":[{"href":"https:\/\/pizbube.ch\/en\/wp-json\/wp\/v2\/product"}],"about":[{"href":"https:\/\/pizbube.ch\/en\/wp-json\/wp\/v2\/types\/product"}],"wp:featuredmedia":[{"embeddable":true,"href":"https:\/\/pizbube.ch\/en\/wp-json\/wp\/v2\/media\/183387"}],"wp:attachment":[{"href":"https:\/\/pizbube.ch\/en\/wp-json\/wp\/v2\/media?parent=147667"}],"wp:term":[{"taxonomy":"product_brand","embeddable":true,"href":"https:\/\/pizbube.ch\/en\/wp-json\/wp\/v2\/product_brand?post=147667"},{"taxonomy":"product_cat","embeddable":true,"href":"https:\/\/pizbube.ch\/en\/wp-json\/wp\/v2\/product_cat?post=147667"},{"taxonomy":"product_tag","embeddable":true,"href":"https:\/\/pizbube.ch\/en\/wp-json\/wp\/v2\/product_tag?post=147667"}],"curies":[{"name":"wp","href":"https:\/\/api.w.org\/{rel}","templated":true}]}}