{"id":147668,"date":"2021-01-15T10:55:42","date_gmt":"2021-01-15T10:55:42","guid":{"rendered":"https:\/\/codengine3.ch\/?product=import-placeholder-for-205087"},"modified":"2021-01-15T14:38:34","modified_gmt":"2021-01-15T14:38:34","slug":"las-100-mejores-escaladas-de-levante","status":"publish","type":"product","link":"https:\/\/pizbube.ch\/en\/shop\/las-100-mejores-escaladas-de-levante\/","title":{"rendered":"Las 100 mejores escaladas de Levante"},"content":{"rendered":"<p>Este libro es una cuidada selecci\u00f3n de las mejores v\u00edas de escalada de la<br \/>\nComunidad Valenciana. Nos encontramos en una zona en la que la geograf\u00eda es<br \/>\ntan generosa en grandes n\u00facleos de roca que nos resultar\u00e1 dif\u00edcil de tratar de<br \/>\nescoger entre tantos buenos itinerarios. Sin duda todo un para\u00edso para los<br \/>\namantes de la escalada, tanto deportiva como cl\u00e1sica.  <\/p>\n<p>La gu\u00eda representa todos los estilos, desde los 8c, reservados a unos pocos,<br \/>\nhasta v\u00edas de IV\/IV+.<br \/>\nEn el texto encontrar\u00e9is las fichas t\u00e9cnicas y las impresiones de algunos<br \/>\naperturistas, disponiendo de una visi\u00f3n m\u00e1s amplia a la hora de escoger los<br \/>\nitinerarios. Cada sector est\u00e1 representado por un n\u00famero de v\u00edas, seg\u00fan la<br \/>\ncalidad o la importancia de las mismas.  <\/p>","protected":false},"excerpt":{"rendered":"<p>Este libro es una cuidada selecci\u00f3n de las mejores v\u00edas de escalada de la Comunidad Valenciana. Nos encontramos en una zona en la que la geograf\u00eda es tan generosa en grandes n\u00facleos de roca que nos resultar\u00e1 dif\u00edcil de tratar de escoger entre tantos buenos itinerarios. Sin duda todo un para\u00edso para los amantes de [&#8230;]\n","protected":false},"featured_media":33687,"template":"","meta":[],"product_brand":[],"product_cat":[21539],"product_tag":[],"class_list":{"0":"post-147668","1":"product","2":"type-product","3":"status-publish","4":"has-post-thumbnail","6":"product_cat-fuehrerliteratur-sportklettern-bouldern","7":"pa_autor-pomares","8":"pa_erscheinungsjahr-21842","9":"pa_region-spanien","10":"pa_sprache-sp","12":"first","13":"instock","14":"taxable","15":"shipping-taxable","16":"purchasable","17":"product-type-simple"},"_links":{"self":[{"href":"https:\/\/pizbube.ch\/en\/wp-json\/wp\/v2\/product\/147668","targetHints":{"allow":["GET"]}}],"collection":[{"href":"https:\/\/pizbube.ch\/en\/wp-json\/wp\/v2\/product"}],"about":[{"href":"https:\/\/pizbube.ch\/en\/wp-json\/wp\/v2\/types\/product"}],"wp:featuredmedia":[{"embeddable":true,"href":"https:\/\/pizbube.ch\/en\/wp-json\/wp\/v2\/media\/33687"}],"wp:attachment":[{"href":"https:\/\/pizbube.ch\/en\/wp-json\/wp\/v2\/media?parent=147668"}],"wp:term":[{"taxonomy":"product_brand","embeddable":true,"href":"https:\/\/pizbube.ch\/en\/wp-json\/wp\/v2\/product_brand?post=147668"},{"taxonomy":"product_cat","embeddable":true,"href":"https:\/\/pizbube.ch\/en\/wp-json\/wp\/v2\/product_cat?post=147668"},{"taxonomy":"product_tag","embeddable":true,"href":"https:\/\/pizbube.ch\/en\/wp-json\/wp\/v2\/product_tag?post=147668"}],"curies":[{"name":"wp","href":"https:\/\/api.w.org\/{rel}","templated":true}]}}