{"id":147669,"date":"2021-01-15T10:55:42","date_gmt":"2021-01-15T10:55:42","guid":{"rendered":"https:\/\/codengine3.ch\/?product=import-placeholder-for-205806"},"modified":"2021-01-15T14:44:03","modified_gmt":"2021-01-15T14:44:03","slug":"50-clasicas-de-la-comunidad-valenciana","status":"publish","type":"product","link":"https:\/\/pizbube.ch\/en\/shop\/50-clasicas-de-la-comunidad-valenciana\/","title":{"rendered":"50 cl\u00e1sicas de la Comunidad Valenciana"},"content":{"rendered":"<p>Esta gu\u00eda propone un recorrido por las paredes m\u00e1s importantes de la Comunidad<br \/>\nValenciana de la mano de sus v\u00edas cl\u00e1sicas:  <\/p>\n<p>a las imprescindibles del Pe\u00f1\u00f3n de Ifach, Chulilla, Ponoig, Puig Campana,<br \/>\nPe\u00f1\u00f3n del Divino (Sella), Mascarat y Montanejos, se unen otras no tan<br \/>\nconocidas, con el atractivo a\u00f1adido de su roca menos transitada, como son:<br \/>\nPe\u00f1agolosa, Pared de los Tubos (Loriguilla), Pe\u00f1a Mar\u00eda (Gestalgar), Pe\u00f1a<br \/>\nNegra (Xeresa), Penya Roc, Cabe\u00e7o d&#8217;Or, Redov\u00e1n y Orihuela.<\/p>","protected":false},"excerpt":{"rendered":"<p>Esta gu\u00eda propone un recorrido por las paredes m\u00e1s importantes de la Comunidad Valenciana de la mano de sus v\u00edas cl\u00e1sicas: a las imprescindibles del Pe\u00f1\u00f3n de Ifach, Chulilla, Ponoig, Puig Campana, Pe\u00f1\u00f3n del Divino (Sella), Mascarat y Montanejos, se unen otras no tan conocidas, con el atractivo a\u00f1adido de su roca menos transitada, como [&#8230;]\n","protected":false},"featured_media":34631,"template":"","meta":[],"product_brand":[],"product_cat":[21539],"product_tag":[],"class_list":{"0":"post-147669","1":"product","2":"type-product","3":"status-publish","4":"has-post-thumbnail","6":"product_cat-fuehrerliteratur-sportklettern-bouldern","7":"pa_autor-fuertes","8":"pa_erscheinungsjahr-21693","9":"pa_region-spanien","10":"pa_sprache-sp","12":"first","13":"instock","14":"taxable","15":"shipping-taxable","16":"purchasable","17":"product-type-simple"},"_links":{"self":[{"href":"https:\/\/pizbube.ch\/en\/wp-json\/wp\/v2\/product\/147669","targetHints":{"allow":["GET"]}}],"collection":[{"href":"https:\/\/pizbube.ch\/en\/wp-json\/wp\/v2\/product"}],"about":[{"href":"https:\/\/pizbube.ch\/en\/wp-json\/wp\/v2\/types\/product"}],"wp:featuredmedia":[{"embeddable":true,"href":"https:\/\/pizbube.ch\/en\/wp-json\/wp\/v2\/media\/34631"}],"wp:attachment":[{"href":"https:\/\/pizbube.ch\/en\/wp-json\/wp\/v2\/media?parent=147669"}],"wp:term":[{"taxonomy":"product_brand","embeddable":true,"href":"https:\/\/pizbube.ch\/en\/wp-json\/wp\/v2\/product_brand?post=147669"},{"taxonomy":"product_cat","embeddable":true,"href":"https:\/\/pizbube.ch\/en\/wp-json\/wp\/v2\/product_cat?post=147669"},{"taxonomy":"product_tag","embeddable":true,"href":"https:\/\/pizbube.ch\/en\/wp-json\/wp\/v2\/product_tag?post=147669"}],"curies":[{"name":"wp","href":"https:\/\/api.w.org\/{rel}","templated":true}]}}