{"id":147678,"date":"2021-01-15T10:55:48","date_gmt":"2021-01-15T10:55:48","guid":{"rendered":"https:\/\/codengine3.ch\/?product=import-placeholder-for-200347"},"modified":"2021-01-15T10:56:45","modified_gmt":"2021-01-15T10:56:45","slug":"im-schatten-der-achttausender-das-zweite-leben-der-edurne-pasaban","status":"publish","type":"product","link":"https:\/\/pizbube.ch\/en\/shop\/im-schatten-der-achttausender-das-zweite-leben-der-edurne-pasaban\/","title":{"rendered":"Im Schatten der Achttausender \u2013 Das zweite Leben der Edurne Pasaban"},"content":{"rendered":"<p>Als erste Frau bestieg die Baskin Edurne Pasaban alle 14 Achttausender der<br \/>\nWelt. Am 17. Mai 2010 besetzte sie mit dem Gipfel des Shishapangma den letzten<br \/>\nZacken ihrer Himalaya-Krone. Allerdings ben\u00f6tigt sie f\u00fcr zwei der Gipfel<br \/>\nFlaschensauerstoff \u2013 f\u00fcr manche ein alpinistischer Faux-pas. In Spanien als<br \/>\nNationalheldin frenetisch gefeiert, bezahlt sie privat einen hohen Preis f\u00fcr<br \/>\nden Erfolg: Erfrierungen an den Zehen f\u00fchren zu Amputationen.<\/p>\n<p>Pers\u00f6nliche Beziehungen zerbrechen, auf die eigene Familie muss die 1973<br \/>\ngeborene Spanierin bisher verzichten. Gegenwind st\u00fcrmt ihr nicht nur aus<br \/>\nSteilflanken entgegen. Greifbare und weniger greifbare Widerst\u00e4nde geh\u00f6ren zum<br \/>\nTagesgesch\u00e4ft: Sie muss um alpinistische Anerkennung k\u00e4mpfen, dem Neid der<br \/>\nKollegen um Sponsorengelder begegnen, sich in einer M\u00e4nnerdom\u00e4ne behaupten \u2013<br \/>\ngerade im Land der \u00abMachistas\u00bb verk\u00f6rpern bergsteigende Frauen einen Angriff<br \/>\nauf die sportliche Integrit\u00e4t m\u00e4nnlicher Kollegen.<\/p>\n<p>Doch weit spannender als das Tourenbuch oder die H\u00f6henmeterbilanz ist Edurnes<br \/>\nWeg als Mensch: Als Kind h\u00e4ufig krank und selbstunsicher, erk\u00e4mpft sie sich<br \/>\nerst \u00fcber das Klettern und Extrembergsteigen ein eigenes Selbstbewusstsein,<br \/>\ninnere St\u00e4rke und die Freiheit der eigenen Entscheidung. Mit R\u00fcckschl\u00e4gen:<br \/>\n2005 st\u00fcrzt sie in tiefe Depressionen und versucht schliesslich, sich das<br \/>\nLeben zu nehmen. Doch sie macht Therapie, arbeitet an sich und kehrt zum Berg<br \/>\nzur\u00fcck. \u00abNur dort oben bin ich wirklich frei!\u00bb, sagt sie bis heute.<\/p>\n<p>Parallel studiert sie in Barcelona Coaching und Management \u2013 und legt damit<br \/>\nden Grundstein f\u00fcr ein neues Leben als Businesscoach. Auch hier feiert sie<br \/>\ninternationale Erfolge, unterrichtet Studenten und h\u00e4lt Vortr\u00e4ge auf Symposien<br \/>\nund Kongressen: Themen wie Scheitern und Motivieren stehen in Zeiten der Krise<br \/>\nhoch im Kurs. Das gr\u00f6\u00dfte Kapital jedoch ist ein pers\u00f6nliches: Sie hat gelernt,<br \/>\nVertrauen zu haben \u2013 vor allem zu sich selbst. Auch wenn die Wahl zwischen<br \/>\nBergpassion oder Familie bis heute keine leichte ist.<\/p>\n<p>238 Seiten, 45 Abb. ein- und vierfarbig<\/p>","protected":false},"excerpt":{"rendered":"<p>Als erste Frau bestieg die Baskin Edurne Pasaban alle 14 Achttausender der Welt. Am 17. Mai 2010 besetzte sie mit dem Gipfel des Shishapangma den letzten Zacken ihrer Himalaya-Krone. Allerdings ben\u00f6tigt sie f\u00fcr zwei der Gipfel Flaschensauerstoff \u2013 f\u00fcr manche ein alpinistischer Faux-pas. In Spanien als Nationalheldin frenetisch gefeiert, bezahlt sie privat einen hohen Preis [&#8230;]\n","protected":false},"featured_media":26630,"template":"","meta":[],"product_brand":[],"product_cat":[21542],"product_tag":[],"class_list":{"0":"post-147678","1":"product","2":"type-product","3":"status-publish","4":"has-post-thumbnail","6":"product_cat-sachbuecher-dokumentationen","7":"pa_autor-horn","8":"pa_erscheinungsjahr-21550","9":"pa_region-schweiz","10":"pa_sprache-de","12":"first","13":"instock","14":"taxable","15":"shipping-taxable","16":"purchasable","17":"product-type-simple"},"_links":{"self":[{"href":"https:\/\/pizbube.ch\/en\/wp-json\/wp\/v2\/product\/147678","targetHints":{"allow":["GET"]}}],"collection":[{"href":"https:\/\/pizbube.ch\/en\/wp-json\/wp\/v2\/product"}],"about":[{"href":"https:\/\/pizbube.ch\/en\/wp-json\/wp\/v2\/types\/product"}],"wp:featuredmedia":[{"embeddable":true,"href":"https:\/\/pizbube.ch\/en\/wp-json\/wp\/v2\/media\/26630"}],"wp:attachment":[{"href":"https:\/\/pizbube.ch\/en\/wp-json\/wp\/v2\/media?parent=147678"}],"wp:term":[{"taxonomy":"product_brand","embeddable":true,"href":"https:\/\/pizbube.ch\/en\/wp-json\/wp\/v2\/product_brand?post=147678"},{"taxonomy":"product_cat","embeddable":true,"href":"https:\/\/pizbube.ch\/en\/wp-json\/wp\/v2\/product_cat?post=147678"},{"taxonomy":"product_tag","embeddable":true,"href":"https:\/\/pizbube.ch\/en\/wp-json\/wp\/v2\/product_tag?post=147678"}],"curies":[{"name":"wp","href":"https:\/\/api.w.org\/{rel}","templated":true}]}}