{"id":147679,"date":"2021-01-15T10:55:48","date_gmt":"2021-01-15T10:55:48","guid":{"rendered":"https:\/\/codengine3.ch\/?product=import-placeholder-for-206870"},"modified":"2024-01-11T11:07:20","modified_gmt":"2024-01-11T10:07:20","slug":"erste-am-seil-pionierinnen-in-fels-und-eis","status":"publish","type":"product","link":"https:\/\/pizbube.ch\/en\/shop\/erste-am-seil-pionierinnen-in-fels-und-eis\/","title":{"rendered":"Erste am Seil &#8211; Pionierinnen in Fels und Eis"},"content":{"rendered":"<p>Wenn Frauen in den Bergen ihren eigenen Weg gehen<\/p>\n<p>In 26 lebhaften Portraits von Frauen aus aller Welt sowie Hintergrundtexten<br \/>\nzur Alpingeschichte dokumentiert dieses die Geschichte des Frauenalpinismus<br \/>\nvon den Anf\u00e4ngen im 19. Jahrhundert \u00fcber die H\u00f6henbergsteigerinnen bis hin zu<br \/>\nden Spitzekletterinnen von heute.<\/p>\n<p>Packend, authentisch und inspirierend: das faszinierende Leben von<br \/>\nPionierinnen in Fels und Eis Als Gerlinde Kaltenbrunner im August 2011 den<br \/>\nGipfel des K2 erreicht und damit als erste Frau alle 14 Achttausender ohne<br \/>\nZuhilfenahme von k\u00fcnstlichem Sauerstoff bestiegen hat, macht sie weit \u00fcber<br \/>\n\u00d6sterreich hinaus Schlagzeilen. Das war nicht immer so: In den Anfangsjahren<br \/>\ndes Alpinismus war es f\u00fcr Bergsteigerinnen schwierig, sich \u00fcberhaupt an das<br \/>\nSeil eines Bergf\u00fchrers binden zu d\u00fcrfen. In den Bergen unterwegs waren sie<br \/>\njedoch schon sehr fr\u00fch, auch wenn ihre Namen oft unbekannt und ihre<br \/>\nGeschichten ungeh\u00f6rt blieben.<\/p>\n<p>Von den ersten Alpenpionierinnen im 19. Jahrhundert \u00fcber die<br \/>\nH\u00f6henbergsteigerinnen aus aller Welt bis zu den Spitzenkletterinnen von heute<br \/>\ndokumentiert dieses Buch die Leistungen selbstbewusster Frauen in Fels und<br \/>\nEis. Und erz\u00e4hlt dar\u00fcber hinaus vor allem eines: Geschichten selbstbestimmten<br \/>\nLebens, voller Lebensfreude, Leidenschaft und Inspiration. Das Buch besteht<br \/>\naus 26 sorgf\u00e4ltig recherchierten und spannend zu lesenden Portr\u00e4ts von Frauen<br \/>\naus dem Alpenraum, Europa und \u00dcbersee, die inspirierende Pionierleistungen am<br \/>\nBerg erbracht haben. Acht bis zehn jeweils doppelseitige Texte zu den Epochen<br \/>\ndes Bergsports liefern zus\u00e4tzlich Hintergrundwissen zur historischen<br \/>\nEntwicklung des Bergsteigens und Kletterns. Bilder zu jeder der Portr\u00e4tierten<br \/>\nbegleiten den Text.<\/p>","protected":false},"excerpt":{"rendered":"<ul>\n<li><a href=\"https:\/\/pizbube.ch\/wp-content\/uploads\/attachments\/a_031\/F2D9F5B1E3914CD9627BC54E8DABF2BE.pdf\" target=\"_blank\" rel=\"noopener\">PDF: leseprobe_erste_am_seil.pdf<\/a><\/li>\n<\/ul>","protected":false},"featured_media":169349,"template":"","meta":[],"product_brand":[],"product_cat":[21542],"product_tag":[],"class_list":{"0":"post-147679","1":"product","2":"type-product","3":"status-publish","4":"has-post-thumbnail","6":"product_cat-sachbuecher-dokumentationen","7":"pa_autor-fink-tarnutzer","8":"pa_erscheinungsjahr-21621","9":"pa_region-oesterreich","10":"pa_sprache-de","12":"first","13":"outofstock","14":"taxable","15":"shipping-taxable","16":"purchasable","17":"product-type-simple"},"_links":{"self":[{"href":"https:\/\/pizbube.ch\/en\/wp-json\/wp\/v2\/product\/147679","targetHints":{"allow":["GET"]}}],"collection":[{"href":"https:\/\/pizbube.ch\/en\/wp-json\/wp\/v2\/product"}],"about":[{"href":"https:\/\/pizbube.ch\/en\/wp-json\/wp\/v2\/types\/product"}],"wp:featuredmedia":[{"embeddable":true,"href":"https:\/\/pizbube.ch\/en\/wp-json\/wp\/v2\/media\/169349"}],"wp:attachment":[{"href":"https:\/\/pizbube.ch\/en\/wp-json\/wp\/v2\/media?parent=147679"}],"wp:term":[{"taxonomy":"product_brand","embeddable":true,"href":"https:\/\/pizbube.ch\/en\/wp-json\/wp\/v2\/product_brand?post=147679"},{"taxonomy":"product_cat","embeddable":true,"href":"https:\/\/pizbube.ch\/en\/wp-json\/wp\/v2\/product_cat?post=147679"},{"taxonomy":"product_tag","embeddable":true,"href":"https:\/\/pizbube.ch\/en\/wp-json\/wp\/v2\/product_tag?post=147679"}],"curies":[{"name":"wp","href":"https:\/\/api.w.org\/{rel}","templated":true}]}}