{"id":147680,"date":"2021-01-15T10:55:48","date_gmt":"2021-01-15T10:55:48","guid":{"rendered":"https:\/\/codengine3.ch\/?product=import-placeholder-for-201746"},"modified":"2021-01-15T12:04:16","modified_gmt":"2021-01-15T12:04:16","slug":"der-untere-himmel-frauen-in-eisigen-hoehen","status":"publish","type":"product","link":"https:\/\/pizbube.ch\/en\/shop\/der-untere-himmel-frauen-in-eisigen-hoehen\/","title":{"rendered":"Der untere Himmel- Frauen in eisigen H\u00f6hen"},"content":{"rendered":"<p>Selbst leidenschaftlich mit den Bergen verbunden, erz\u00e4hlt Luisa Francia \u00fcber<br \/>\nVorurteile und K\u00e4mpfe, denen Bergsteigerinnen ausgesetzt sind. Sie zeichnet<br \/>\ndie Geschichte des Frauenbergsteigens nach und stellt weibliche Figuren in<br \/>\nBergmythen vor.<br \/>\nViele Bergsteigerinnen standen schon auf den Gipfeln von Achttausendern. Von<br \/>\nihnen h\u00f6rt man so gut wie nichts. Der Erfolg von Frauen scheint die<br \/>\naussergew\u00f6hnliche Leistung der M\u00e4nner zu schm\u00e4lern. Ein spannender Einblick,<br \/>\nweshalb Frauen in die Todeszone steigen und alles riskieren.  <\/p>","protected":false},"excerpt":{"rendered":"<p>Selbst leidenschaftlich mit den Bergen verbunden, erz\u00e4hlt Luisa Francia \u00fcber Vorurteile und K\u00e4mpfe, denen Bergsteigerinnen ausgesetzt sind. Sie zeichnet die Geschichte des Frauenbergsteigens nach und stellt weibliche Figuren in Bergmythen vor. Viele Bergsteigerinnen standen schon auf den Gipfeln von Achttausendern. Von ihnen h\u00f6rt man so gut wie nichts. Der Erfolg von Frauen scheint die aussergew\u00f6hnliche [&#8230;]\n","protected":false},"featured_media":29138,"template":"","meta":[],"product_brand":[],"product_cat":[21542],"product_tag":[],"class_list":{"0":"post-147680","1":"product","2":"type-product","3":"status-publish","4":"has-post-thumbnail","6":"product_cat-sachbuecher-dokumentationen","7":"pa_autor-francia","8":"pa_erscheinungsjahr-22150","9":"pa_region-deutschland","10":"pa_sprache-de","12":"first","13":"instock","14":"taxable","15":"shipping-taxable","16":"purchasable","17":"product-type-simple"},"_links":{"self":[{"href":"https:\/\/pizbube.ch\/en\/wp-json\/wp\/v2\/product\/147680","targetHints":{"allow":["GET"]}}],"collection":[{"href":"https:\/\/pizbube.ch\/en\/wp-json\/wp\/v2\/product"}],"about":[{"href":"https:\/\/pizbube.ch\/en\/wp-json\/wp\/v2\/types\/product"}],"wp:featuredmedia":[{"embeddable":true,"href":"https:\/\/pizbube.ch\/en\/wp-json\/wp\/v2\/media\/29138"}],"wp:attachment":[{"href":"https:\/\/pizbube.ch\/en\/wp-json\/wp\/v2\/media?parent=147680"}],"wp:term":[{"taxonomy":"product_brand","embeddable":true,"href":"https:\/\/pizbube.ch\/en\/wp-json\/wp\/v2\/product_brand?post=147680"},{"taxonomy":"product_cat","embeddable":true,"href":"https:\/\/pizbube.ch\/en\/wp-json\/wp\/v2\/product_cat?post=147680"},{"taxonomy":"product_tag","embeddable":true,"href":"https:\/\/pizbube.ch\/en\/wp-json\/wp\/v2\/product_tag?post=147680"}],"curies":[{"name":"wp","href":"https:\/\/api.w.org\/{rel}","templated":true}]}}