{"id":147681,"date":"2021-01-15T10:55:48","date_gmt":"2021-01-15T10:55:48","guid":{"rendered":"https:\/\/codengine3.ch\/?product=import-placeholder-for-207495"},"modified":"2024-12-10T18:15:35","modified_gmt":"2024-12-10T17:15:35","slug":"on-top-frauen-ganz-oben-2","status":"publish","type":"product","link":"https:\/\/pizbube.ch\/en\/shop\/on-top-frauen-ganz-oben-2\/","title":{"rendered":"On Top  &#8211; Frauen ganz oben"},"content":{"rendered":"<p>\u00bbDie Frau ist der Ruin des Alpinismus\u00ab, witzelte 1911 Paul Preu\u00df. \u00dcber 100 Jahre sp\u00e4ter ist der Wettlauf der besten H\u00f6henbergsteigerinnen um die 14 Achttausender legend\u00e4r &#8211; und die Emanzipation l\u00e4ngst oben angekommen.<\/p>\n<p>Von Hettie Dyhrenfurth bis zu Wanda Rutkiewicz und Gerlinde Kaltenbrunner, \u00bbder derzeit st\u00e4rksten H\u00f6henbergsteigerin der Welt\u00ab, der S\u00fcdkoreanerin Oh Eun-sun, der ersten Frau auf allen Achttausendern, bis zu Lynn Hill, die Routen kletterte, die vor ihr keinem Mann gelangen: Reinhold Messner stellt uns die erfolgreichsten Alpinistinnen von Gestern und Heute vor und schildert uns packend, kenntnisreich und kontrovers ihre gr\u00f6\u00dften Taten am Berg.<\/p>\n<p>Taschenbuch, 352 Seiten;<br \/>\n<span class=\"value\">Kartonierter Einband<\/span><\/p>","protected":false},"excerpt":{"rendered":"<p>\u00bbDie Frau ist der Ruin des Alpinismus\u00ab, witzelte 1911 Paul Preu\u00df. \u00dcber 100 Jahre sp\u00e4ter ist der Wettlauf der besten H\u00f6henbergsteigerinnen um die 14 Achttausender legend\u00e4r &#8211; und die Emanzipation l\u00e4ngst oben angekommen. Von Hettie Dyhrenfurth bis zu Wanda Rutkiewicz und Gerlinde Kaltenbrunner, \u00bbder derzeit st\u00e4rksten H\u00f6henbergsteigerin der Welt\u00ab, der S\u00fcdkoreanerin Oh Eun-sun, der ersten [&#8230;]\n","protected":false},"featured_media":177643,"template":"","meta":[],"product_brand":[],"product_cat":[21542],"product_tag":[],"class_list":{"0":"post-147681","1":"product","2":"type-product","3":"status-publish","4":"has-post-thumbnail","6":"product_cat-sachbuecher-dokumentationen","7":"pa_autor-messner","8":"pa_erscheinungsjahr-21621","9":"pa_region-deutschland","10":"pa_sprache-de","12":"first","13":"instock","14":"taxable","15":"shipping-taxable","16":"purchasable","17":"product-type-simple"},"_links":{"self":[{"href":"https:\/\/pizbube.ch\/en\/wp-json\/wp\/v2\/product\/147681","targetHints":{"allow":["GET"]}}],"collection":[{"href":"https:\/\/pizbube.ch\/en\/wp-json\/wp\/v2\/product"}],"about":[{"href":"https:\/\/pizbube.ch\/en\/wp-json\/wp\/v2\/types\/product"}],"wp:featuredmedia":[{"embeddable":true,"href":"https:\/\/pizbube.ch\/en\/wp-json\/wp\/v2\/media\/177643"}],"wp:attachment":[{"href":"https:\/\/pizbube.ch\/en\/wp-json\/wp\/v2\/media?parent=147681"}],"wp:term":[{"taxonomy":"product_brand","embeddable":true,"href":"https:\/\/pizbube.ch\/en\/wp-json\/wp\/v2\/product_brand?post=147681"},{"taxonomy":"product_cat","embeddable":true,"href":"https:\/\/pizbube.ch\/en\/wp-json\/wp\/v2\/product_cat?post=147681"},{"taxonomy":"product_tag","embeddable":true,"href":"https:\/\/pizbube.ch\/en\/wp-json\/wp\/v2\/product_tag?post=147681"}],"curies":[{"name":"wp","href":"https:\/\/api.w.org\/{rel}","templated":true}]}}