{"id":147682,"date":"2021-01-15T10:55:48","date_gmt":"2021-01-15T10:55:48","guid":{"rendered":"https:\/\/codengine3.ch\/?product=import-placeholder-for-206290"},"modified":"2021-01-15T14:47:53","modified_gmt":"2021-01-15T14:47:53","slug":"die-besten-bergsteigerinnen-der-welt","status":"publish","type":"product","link":"https:\/\/pizbube.ch\/en\/shop\/die-besten-bergsteigerinnen-der-welt\/","title":{"rendered":"Die besten Bergsteigerinnen der Welt"},"content":{"rendered":"<p>Die Freiheit am Berg, die Wettl\u00e4ufe um die Achttausender, die Abh\u00e4ngigkeit von<br \/>\nden Sponsoren  <\/p>\n<p>Gerlinde Kaltenbrunner, Nives Meroi, Edurne Pasab\u00e1n und Sun Eun Oh: Vier<br \/>\nkonkurrierende Gipfelst\u00fcrmerinnen oder eine mediale Inszenierung? 2010 geht<br \/>\nder Wettlauf in die hei\u00dfe Phase. Der moderne Alpinismus als Spiegel unserer<br \/>\nGesellschaft&#8230;  <\/p>\n<p>Extrembergsteigen ist nach wie vor eine M\u00e4nnerdom\u00e4ne \u2013 doch die Frauen holen<br \/>\nauf. Um als Profi leben zu k\u00f6nnen, brauchen Sportlerinnen und Sportler<br \/>\nlukrative Sponsorenvertr\u00e4ge, die man leichter bekommt, wenn man sich gut<br \/>\nvermarktbare Ziele setzt und beeindruckende Bilder liefert.<br \/>\nDie Medien konzentrieren sich vor allem auf jene vier Bergsteigerinnen, die<br \/>\nsich das Ziel gesetzt haben, alle 14 Achttausender zu besteigen: die<br \/>\n\u00d6sterreicherin Gerlinde Kaltenbrunner, die Italienerin Nives Meroi, die<br \/>\nSpanierin Edurne Pasab\u00e1n und die S\u00fcdkoreanerin Oh Eun Sun.<br \/>\nEva Bachinger, selbst Alpinistin, ist zu Gerlinde Kaltenbrunner in den<br \/>\nSchwarzwald und zu ihren Kolleginnen nach Italien und Spanien gereist \u2013 sie<br \/>\nf\u00fchrte auch eines der sehr raren Interviews mit Oh Eun Sun in Seoul.<br \/>\nAuf beeindruckende Weise erz\u00e4hlen die vier Bergsteigerinnen von Freundschaften<br \/>\nauf dem Berg, ihren Zielen und Vorbildern, was sie selbst von dem medial<br \/>\ninszenierten Wettlauf halten und was ihr Leben abseits der Gipfel ausmacht.  <\/p>\n<p>Das Buch bietet<br \/>\n&#8211; einen umfassenden \u00dcberblick \u00fcber die Geschichte des Frauenbergsteigens<br \/>\n&#8211; aktuelle Interviews mit Gerlinde Kaltenbrunner, Nives Meroi, Edurne<br \/>\nPasab\u00e1n, Oh Eun Sun, Reinhold Messner und v.a.<br \/>\n&#8211; zahlreiche Fakten, Anekdoten und Statements rund um die mediale<br \/>\nInszenierung des `Wettlaufs` um die vierzehn Achttausender und rund um das<br \/>\nheikle Thema Sponsoring<br \/>\n&#8211; Antworten auf die ewige Frage nach der Vereinbarkeit von Karriere und<br \/>\nFamilie  <\/p>","protected":false},"excerpt":{"rendered":"<p>Die Freiheit am Berg, die Wettl\u00e4ufe um die Achttausender, die Abh\u00e4ngigkeit von den Sponsoren Gerlinde Kaltenbrunner, Nives Meroi, Edurne Pasab\u00e1n und Sun Eun Oh: Vier konkurrierende Gipfelst\u00fcrmerinnen oder eine mediale Inszenierung? 2010 geht der Wettlauf in die hei\u00dfe Phase. Der moderne Alpinismus als Spiegel unserer Gesellschaft&#8230; Extrembergsteigen ist nach wie vor eine M\u00e4nnerdom\u00e4ne \u2013 doch [&#8230;]\n","protected":false},"featured_media":35277,"template":"","meta":[],"product_brand":[],"product_cat":[21542],"product_tag":[],"class_list":{"0":"post-147682","1":"product","2":"type-product","3":"status-publish","4":"has-post-thumbnail","6":"product_cat-sachbuecher-dokumentationen","7":"pa_autor-bachinger","8":"pa_erscheinungsjahr-21568","9":"pa_region-oesterreich","10":"pa_sprache-de","12":"first","13":"instock","14":"taxable","15":"shipping-taxable","16":"purchasable","17":"product-type-simple"},"_links":{"self":[{"href":"https:\/\/pizbube.ch\/en\/wp-json\/wp\/v2\/product\/147682","targetHints":{"allow":["GET"]}}],"collection":[{"href":"https:\/\/pizbube.ch\/en\/wp-json\/wp\/v2\/product"}],"about":[{"href":"https:\/\/pizbube.ch\/en\/wp-json\/wp\/v2\/types\/product"}],"wp:featuredmedia":[{"embeddable":true,"href":"https:\/\/pizbube.ch\/en\/wp-json\/wp\/v2\/media\/35277"}],"wp:attachment":[{"href":"https:\/\/pizbube.ch\/en\/wp-json\/wp\/v2\/media?parent=147682"}],"wp:term":[{"taxonomy":"product_brand","embeddable":true,"href":"https:\/\/pizbube.ch\/en\/wp-json\/wp\/v2\/product_brand?post=147682"},{"taxonomy":"product_cat","embeddable":true,"href":"https:\/\/pizbube.ch\/en\/wp-json\/wp\/v2\/product_cat?post=147682"},{"taxonomy":"product_tag","embeddable":true,"href":"https:\/\/pizbube.ch\/en\/wp-json\/wp\/v2\/product_tag?post=147682"}],"curies":[{"name":"wp","href":"https:\/\/api.w.org\/{rel}","templated":true}]}}