{"id":147685,"date":"2021-01-15T10:55:48","date_gmt":"2021-01-15T10:55:48","guid":{"rendered":"https:\/\/codengine3.ch\/?product=import-placeholder-for-200257"},"modified":"2022-11-25T11:59:55","modified_gmt":"2022-11-25T10:59:55","slug":"die-klettersteige-der-schweiz","status":"publish","type":"product","link":"https:\/\/pizbube.ch\/en\/shop\/die-klettersteige-der-schweiz\/","title":{"rendered":"Die Klettersteige der Schweiz"},"content":{"rendered":"<p>Der Klettersteigf\u00fchrer Schweiz &#8211; alle Klettersteige der Schweiz.<br \/>\nDas Standardwerk in erweiterter Neuausgabe.<br \/>\nMit 10 neuen Klettersteigen.<\/p>\n<p>In diesem Klettersteigf\u00fchrer werden alle 100 Klettersteige der Schweiz und<br \/>\neinige des grenznahen Auslands ausf\u00fchrlich mit informativen Texten und<br \/>\nzahlreichen Farbbildern vorgestellt, erg\u00e4nzt durch Karten, Topografien und<br \/>\nDiagramme. Aufgelistet sind ausserdem jene Klettersteige, die nur mit<br \/>\nBergf\u00fchrer begangen werden d\u00fcrfen, sowie rund 50 weitere Touren mit<br \/>\ngesicherten Passagen.<br \/>\nDas von Eugen E. H\u00fcsler erfundene \u00abKlettersteigkreuz\u00bb zeigt auf einen Blick<br \/>\ndie zu erwartenden Schwierigkeiten und den Charakter der Tour an.<\/p>\n<p>Die Autoren, erfahrene Klettersteigexperten und Verfasser von zahlreichen<br \/>\nF\u00fchrern und Publikationen zu den Themen Klettersteige und Bergwandern,<br \/>\npr\u00e4sentieren in diesem Buch alle Schweizer Klettersteige\/Vie ferrate und<br \/>\nalles, was man dar\u00fcber wissen muss.<br \/>\nSie erkl\u00e4ren, was eine sichere Kletterausr\u00fcstung ausmacht, welches die<br \/>\ngr\u00f6ssten Gefahren am Fels sind und wo die besten Routen der Schweiz zu finden<br \/>\nsind. Lebenswichtig, aber leicht zu merken sind auch ihre 10 Regeln f\u00fcr<br \/>\nKlettersteiggeher.<\/p>\n<p>In diesem F\u00fchrer sind alle Regionen der Schweiz abgedeckt: Das Wallis, die<br \/>\nWestschweiz, das Berner Oberland, das Schweizer Mittelland, die<br \/>\nZentralschweiz, die Ostschweiz und Liechtenstein, das Graub\u00fcnden und das<br \/>\nTessin bieten Klettersteige f\u00fcr alle Bed\u00fcrfnisse.<\/p>\n<p>Dabei sind nat\u00fcrlich die bekannten Klettersteige in Kandersteg, Leukerbad,<br \/>\nEngelberg, der T\u00e4lli-Klettersteig im Haslital oder der Klettersteig M\u00fcrren<br \/>\n\u00fcber dem Lauterbrunnental. In dieser \u00fcberarbeiteten Neuauflage sind aber auch<br \/>\nneue Steige hinzugekommen: die Via ferrata delle guide Macugnaga und die Via<br \/>\nferrata Edelweiss et Androsace im Wallis, der Klettersteig L&#8217;\u00c9chelle a la<br \/>\nMarchande in der Westschweiz, die Via ferrata du Sanetsch und die<br \/>\nKlettersteige Hornflue im Berner Oberland, die Klettersteige Felspfad und<br \/>\nHusky-Lodge in der Zentralschweiz und die Klettersteige Punteglias und<br \/>\nPartnunblick, wo ein spezieller Familienklettersteig geschaffen wurde, im<br \/>\nGraub\u00fcnden.<\/p>\n<p>Einband: Broschur mit Klappe;<br \/>\n340 Seiten<br \/>\n2. aktualis. Auflage 2020<\/p>","protected":false},"excerpt":{"rendered":"<p>Der Klettersteigf\u00fchrer Schweiz &#8211; alle Klettersteige der Schweiz. Das Standardwerk in erweiterter Neuausgabe. Mit 10 neuen Klettersteigen. In diesem Klettersteigf\u00fchrer werden alle 100 Klettersteige der Schweiz und einige des grenznahen Auslands ausf\u00fchrlich mit informativen Texten und zahlreichen Farbbildern vorgestellt, erg\u00e4nzt durch Karten, Topografien und Diagramme. Aufgelistet sind ausserdem jene Klettersteige, die nur mit Bergf\u00fchrer begangen [&#8230;]\n","protected":false},"featured_media":158447,"template":"","meta":[],"product_brand":[],"product_cat":[21544],"product_tag":[],"class_list":{"0":"post-147685","1":"product","2":"type-product","3":"status-publish","4":"has-post-thumbnail","6":"product_cat-fuehrerliteratur-alpin-sommer","7":"pa_autor-huesler-anker","8":"pa_erscheinungsjahr-21558","9":"pa_region-schweiz","10":"pa_sprache-de","12":"first","13":"instock","14":"taxable","15":"shipping-taxable","16":"purchasable","17":"product-type-simple"},"_links":{"self":[{"href":"https:\/\/pizbube.ch\/en\/wp-json\/wp\/v2\/product\/147685","targetHints":{"allow":["GET"]}}],"collection":[{"href":"https:\/\/pizbube.ch\/en\/wp-json\/wp\/v2\/product"}],"about":[{"href":"https:\/\/pizbube.ch\/en\/wp-json\/wp\/v2\/types\/product"}],"wp:featuredmedia":[{"embeddable":true,"href":"https:\/\/pizbube.ch\/en\/wp-json\/wp\/v2\/media\/158447"}],"wp:attachment":[{"href":"https:\/\/pizbube.ch\/en\/wp-json\/wp\/v2\/media?parent=147685"}],"wp:term":[{"taxonomy":"product_brand","embeddable":true,"href":"https:\/\/pizbube.ch\/en\/wp-json\/wp\/v2\/product_brand?post=147685"},{"taxonomy":"product_cat","embeddable":true,"href":"https:\/\/pizbube.ch\/en\/wp-json\/wp\/v2\/product_cat?post=147685"},{"taxonomy":"product_tag","embeddable":true,"href":"https:\/\/pizbube.ch\/en\/wp-json\/wp\/v2\/product_tag?post=147685"}],"curies":[{"name":"wp","href":"https:\/\/api.w.org\/{rel}","templated":true}]}}