{"id":147688,"date":"2021-01-15T10:55:49","date_gmt":"2021-01-15T10:55:49","guid":{"rendered":"https:\/\/codengine3.ch\/?product=import-placeholder-for-200701"},"modified":"2024-05-28T12:48:43","modified_gmt":"2024-05-28T10:48:43","slug":"leichte-klettersteige-schweiz","status":"publish","type":"product","link":"https:\/\/pizbube.ch\/en\/shop\/leichte-klettersteige-schweiz\/","title":{"rendered":"Leichte Klettersteige Schweiz"},"content":{"rendered":"<p>Die sch\u00f6nsten Touren zwischen Appenzell und Wallis<\/p>\n<p>Gut gesichert aufsteigen: Ist der Karabiner richtig eingeh\u00e4ngt, trifft der Fu\u00df<br \/>\nden richtigen Tritt? Klettersteiggehen ist anspruchsvoll, macht viel Laune und<br \/>\nsorgt f\u00fcr den richtigen Nervenkitzel.<\/p>\n<p>Damit sich Klettersteig Anf\u00e4nger in den Schweizer Bergen nicht versteigen,<br \/>\nempfiehlt Ihnen unser Autor J\u00f6rg Bonn 46 stimmige Touren von den Appenzeller<br \/>\nAlpen \u00fcber das Tessin bis ins Wallis. Mit diesem Klettersteigf\u00fchrer erleben<br \/>\nSie die Schweiz von ihrer sch\u00f6nsten Seite.<\/p>\n<p>160 Seiten, ca. 150 Abbildungen, Format 16,5 x 23,5 cm, Klappenbroschur mit<br \/>\nFadenheftung<\/p>","protected":false},"excerpt":{"rendered":"<p>Die sch\u00f6nsten Touren zwischen Appenzell und Wallis Gut gesichert aufsteigen: Ist der Karabiner richtig eingeh\u00e4ngt, trifft der Fu\u00df den richtigen Tritt? Klettersteiggehen ist anspruchsvoll, macht viel Laune und sorgt f\u00fcr den richtigen Nervenkitzel. Damit sich Klettersteig Anf\u00e4nger in den Schweizer Bergen nicht versteigen, empfiehlt Ihnen unser Autor J\u00f6rg Bonn 46 stimmige Touren von den Appenzeller [&#8230;]\n","protected":false},"featured_media":166906,"template":"","meta":[],"product_brand":[],"product_cat":[21544],"product_tag":[],"class_list":{"0":"post-147688","1":"product","2":"type-product","3":"status-publish","4":"has-post-thumbnail","6":"product_cat-fuehrerliteratur-alpin-sommer","7":"pa_autor-bonn","8":"pa_erscheinungsjahr-21571","9":"pa_region-schweiz","10":"pa_sprache-de","12":"first","13":"outofstock","14":"taxable","15":"shipping-taxable","16":"purchasable","17":"product-type-simple"},"_links":{"self":[{"href":"https:\/\/pizbube.ch\/en\/wp-json\/wp\/v2\/product\/147688","targetHints":{"allow":["GET"]}}],"collection":[{"href":"https:\/\/pizbube.ch\/en\/wp-json\/wp\/v2\/product"}],"about":[{"href":"https:\/\/pizbube.ch\/en\/wp-json\/wp\/v2\/types\/product"}],"wp:featuredmedia":[{"embeddable":true,"href":"https:\/\/pizbube.ch\/en\/wp-json\/wp\/v2\/media\/166906"}],"wp:attachment":[{"href":"https:\/\/pizbube.ch\/en\/wp-json\/wp\/v2\/media?parent=147688"}],"wp:term":[{"taxonomy":"product_brand","embeddable":true,"href":"https:\/\/pizbube.ch\/en\/wp-json\/wp\/v2\/product_brand?post=147688"},{"taxonomy":"product_cat","embeddable":true,"href":"https:\/\/pizbube.ch\/en\/wp-json\/wp\/v2\/product_cat?post=147688"},{"taxonomy":"product_tag","embeddable":true,"href":"https:\/\/pizbube.ch\/en\/wp-json\/wp\/v2\/product_tag?post=147688"}],"curies":[{"name":"wp","href":"https:\/\/api.w.org\/{rel}","templated":true}]}}