{"id":147690,"date":"2021-01-15T10:55:49","date_gmt":"2021-01-15T10:55:49","guid":{"rendered":"https:\/\/codengine3.ch\/?product=import-placeholder-for-203378"},"modified":"2021-01-15T14:22:38","modified_gmt":"2021-01-15T14:22:38","slug":"wandern-vertikal","status":"publish","type":"product","link":"https:\/\/pizbube.ch\/en\/shop\/wandern-vertikal\/","title":{"rendered":"Wandern Vertikal"},"content":{"rendered":"<p>Die Klettersteige der Schweiz. 1993 wurde der T\u00e4lli-Klettersteig im Gadmertal<br \/>\ner\u00f6ffnet, die erste eidgen\u00f6ssische Via ferrata. Mittlerweile gibt es \u00fcber<br \/>\ndrei\u00dfig moderne Klettersteige, und weitere sind in Planung. In diesem Buch<br \/>\nsind sie alle beschrieben, auch zahlreiche \u00e4ltere Wege, die gesicherte<br \/>\nPassagen aufweisen, darunter einige besonders originelle Anlagen. Viele<br \/>\nspannende und buchst\u00e4blich Schwindel erregende Ziele f\u00fcr Klettersteig-Freaks.<br \/>\nDie Planung der Touren wird erleichtert durch die aktuell recherchierten<br \/>\nInformationen \u00fcber Zugang, L\u00e4nge und Verlauf der Routen, Schwierigkeiten und<br \/>\nBesonderheiten sowie 60 Kartenskizzen. \u00dcber 120 erstklassige Farbfotos<br \/>\nvermitteln einen Eindruck von den Steigen und der Landschaft. 160 S.  <\/p>","protected":false},"excerpt":{"rendered":"<p>Die Klettersteige der Schweiz. 1993 wurde der T\u00e4lli-Klettersteig im Gadmertal er\u00f6ffnet, die erste eidgen\u00f6ssische Via ferrata. Mittlerweile gibt es \u00fcber drei\u00dfig moderne Klettersteige, und weitere sind in Planung. In diesem Buch sind sie alle beschrieben, auch zahlreiche \u00e4ltere Wege, die gesicherte Passagen aufweisen, darunter einige besonders originelle Anlagen. Viele spannende und buchst\u00e4blich Schwindel erregende Ziele [&#8230;]\n","protected":false},"featured_media":30973,"template":"","meta":[],"product_brand":[],"product_cat":[21544],"product_tag":[],"class_list":{"0":"post-147690","1":"product","2":"type-product","3":"status-publish","4":"has-post-thumbnail","6":"product_cat-fuehrerliteratur-alpin-sommer","7":"pa_autor-huesler-anker","8":"pa_erscheinungsjahr-21920","9":"pa_region-schweiz","10":"pa_sprache-de","12":"first","13":"instock","14":"taxable","15":"shipping-taxable","16":"purchasable","17":"product-type-simple"},"_links":{"self":[{"href":"https:\/\/pizbube.ch\/en\/wp-json\/wp\/v2\/product\/147690","targetHints":{"allow":["GET"]}}],"collection":[{"href":"https:\/\/pizbube.ch\/en\/wp-json\/wp\/v2\/product"}],"about":[{"href":"https:\/\/pizbube.ch\/en\/wp-json\/wp\/v2\/types\/product"}],"wp:featuredmedia":[{"embeddable":true,"href":"https:\/\/pizbube.ch\/en\/wp-json\/wp\/v2\/media\/30973"}],"wp:attachment":[{"href":"https:\/\/pizbube.ch\/en\/wp-json\/wp\/v2\/media?parent=147690"}],"wp:term":[{"taxonomy":"product_brand","embeddable":true,"href":"https:\/\/pizbube.ch\/en\/wp-json\/wp\/v2\/product_brand?post=147690"},{"taxonomy":"product_cat","embeddable":true,"href":"https:\/\/pizbube.ch\/en\/wp-json\/wp\/v2\/product_cat?post=147690"},{"taxonomy":"product_tag","embeddable":true,"href":"https:\/\/pizbube.ch\/en\/wp-json\/wp\/v2\/product_tag?post=147690"}],"curies":[{"name":"wp","href":"https:\/\/api.w.org\/{rel}","templated":true}]}}