{"id":147691,"date":"2021-01-15T10:55:49","date_gmt":"2021-01-15T10:55:49","guid":{"rendered":"https:\/\/codengine3.ch\/?product=import-placeholder-for-200258"},"modified":"2024-12-12T16:16:36","modified_gmt":"2024-12-12T15:16:36","slug":"kletterfuehrer-steinzeit-blautal-grosses-lautertal-eselsburger-tal","status":"publish","type":"product","link":"https:\/\/pizbube.ch\/en\/shop\/kletterfuehrer-steinzeit-blautal-grosses-lautertal-eselsburger-tal\/","title":{"rendered":"Kletterf\u00fchrer Steinzeit &#8211; Blautal, Gro\u00dfes Lautertal &amp; Eselsburger Tal"},"content":{"rendered":"<p>Klettertopo Steinzeit &#8211; Klettern auf der Schw\u00e4bischen Alb<br \/>\nBlautal, Eselsburger Tal, Gro\u00dfes Lautertal<\/p>\n<p>Stuttgarter Kletterer bevorzugen die Felsen an, Ulmer oder Augsburger<br \/>\ndiejenigen auf der Schw\u00e4bischen Alb. In den T\u00e4lern, deren Fl\u00fcsse zur Donau hin<br \/>\nflie\u00dfen, und an denen schon in der Steinzeit (aha!) unsere Vorfahren ideale<br \/>\nLebensbedingungen vorfanden. Im Zentrum ders Kletterf\u00fchrers steht das Blautal,<br \/>\nwo sich \u2013 kompakt um das idyllische St\u00e4dchen Blaubeuren &#8211; 30 Kletterfelsen<br \/>\nfinden.<\/p>\n<p>Mit grandiosem Idealkalk und entsprechend tollen Routen, bis hoch in den<br \/>\nsoliden 10.Grad. Gem\u00fctlicher pr\u00e4sentieren sich die beiden anderen im<br \/>\nKletterf\u00fchrer enthaltenen Gebiet: Das Eselsburger Tal, eine bezaubernde<br \/>\nMiniaturausgabe des Blautals und das Gro\u00dfe Lautertal, das landschaftlich<br \/>\nsch\u00f6nste Trockental auf der Schw\u00e4bischen Alb, mit zwar nur wenigen<br \/>\nKletterfelsen, aber dem markantesten und spitzigsten Gipfel der Alb.<\/p>\n<p>Dem F\u00fchrer liegt ein Downloadcode f\u00fcr eine kostenlose Anwendung f\u00fcr iOS und<br \/>\nAndroid bei. Ihr bekommt damit alle im Kletterf\u00fchrer enthaltenen Topos in Form<br \/>\neiner App f\u00fcr euer Smartphone 3 Jahre gratis dazu.<\/p>\n<p>1. Auflage 2020, 148 x 185 mm, Softcover, komplett 4-farbig<\/p>","protected":false},"excerpt":{"rendered":"<p>Klettertopo Steinzeit &#8211; Klettern auf der Schw\u00e4bischen Alb Blautal, Eselsburger Tal, Gro\u00dfes Lautertal Stuttgarter Kletterer bevorzugen die Felsen an, Ulmer oder Augsburger diejenigen auf der Schw\u00e4bischen Alb. In den T\u00e4lern, deren Fl\u00fcsse zur Donau hin flie\u00dfen, und an denen schon in der Steinzeit (aha!) unsere Vorfahren ideale Lebensbedingungen vorfanden. Im Zentrum ders Kletterf\u00fchrers steht das [&#8230;]\n","protected":false},"featured_media":26389,"template":"","meta":[],"product_brand":[],"product_cat":[21539],"product_tag":[],"class_list":{"0":"post-147691","1":"product","2":"type-product","3":"status-publish","4":"has-post-thumbnail","6":"product_cat-fuehrerliteratur-sportklettern-bouldern","7":"pa_autor-koehler-nordmann","8":"pa_erscheinungsjahr-21558","9":"pa_region-deutschland","10":"pa_sprache-de","12":"first","13":"onbackorder","14":"taxable","15":"shipping-taxable","16":"purchasable","17":"product-type-simple"},"_links":{"self":[{"href":"https:\/\/pizbube.ch\/en\/wp-json\/wp\/v2\/product\/147691","targetHints":{"allow":["GET"]}}],"collection":[{"href":"https:\/\/pizbube.ch\/en\/wp-json\/wp\/v2\/product"}],"about":[{"href":"https:\/\/pizbube.ch\/en\/wp-json\/wp\/v2\/types\/product"}],"wp:featuredmedia":[{"embeddable":true,"href":"https:\/\/pizbube.ch\/en\/wp-json\/wp\/v2\/media\/26389"}],"wp:attachment":[{"href":"https:\/\/pizbube.ch\/en\/wp-json\/wp\/v2\/media?parent=147691"}],"wp:term":[{"taxonomy":"product_brand","embeddable":true,"href":"https:\/\/pizbube.ch\/en\/wp-json\/wp\/v2\/product_brand?post=147691"},{"taxonomy":"product_cat","embeddable":true,"href":"https:\/\/pizbube.ch\/en\/wp-json\/wp\/v2\/product_cat?post=147691"},{"taxonomy":"product_tag","embeddable":true,"href":"https:\/\/pizbube.ch\/en\/wp-json\/wp\/v2\/product_tag?post=147691"}],"curies":[{"name":"wp","href":"https:\/\/api.w.org\/{rel}","templated":true}]}}