{"id":147692,"date":"2021-01-15T10:55:49","date_gmt":"2021-01-15T10:55:49","guid":{"rendered":"https:\/\/codengine3.ch\/?product=import-placeholder-for-200781"},"modified":"2021-01-15T11:00:51","modified_gmt":"2021-01-15T11:00:51","slug":"ostalb","status":"publish","type":"product","link":"https:\/\/pizbube.ch\/en\/shop\/ostalb\/","title":{"rendered":"Ostalb"},"content":{"rendered":"<p>Basler Jura, Donautal, Schw\u00e4bische Alb, Frankenjura &#8211; alles eigentlich ein<br \/>\neinziges gro\u00dfes Mittelgebirge. Der schw\u00e4bische Teil davon bietet mit den<br \/>\nbesten Fels dort, wo er der fr\u00e4nkischen Fortsetzung am n\u00e4chsten ist: auf der<br \/>\nOstalb. Supersteile Sportklettereien am Herwartstein, familienfreundliche<br \/>\nGenussfelsen im Eselsburger Tal, gro\u00dfz\u00fcgige Kassiker mit alpinem Flair an den<br \/>\nLangen Hausenern. Die \u00dcberarbeitung erfolgte gr\u00fcndlich: kein Topo blieb beim<br \/>\nalten, dutzende hochklassiger Fotos machen Lust auf mehr Ostalb. F\u00fcr<br \/>\nkletternde Schwaben Pflichtkauf.<\/p>","protected":false},"excerpt":{"rendered":"<p>Basler Jura, Donautal, Schw\u00e4bische Alb, Frankenjura &#8211; alles eigentlich ein einziges gro\u00dfes Mittelgebirge. Der schw\u00e4bische Teil davon bietet mit den besten Fels dort, wo er der fr\u00e4nkischen Fortsetzung am n\u00e4chsten ist: auf der Ostalb. Supersteile Sportklettereien am Herwartstein, familienfreundliche Genussfelsen im Eselsburger Tal, gro\u00dfz\u00fcgige Kassiker mit alpinem Flair an den Langen Hausenern. Die \u00dcberarbeitung erfolgte [&#8230;]\n","protected":false},"featured_media":27838,"template":"","meta":[],"product_brand":[],"product_cat":[21539],"product_tag":[],"class_list":{"0":"post-147692","1":"product","2":"type-product","3":"status-publish","4":"has-post-thumbnail","6":"product_cat-fuehrerliteratur-sportklettern-bouldern","7":"pa_autor-bogenschuetz-pasold-weber","8":"pa_erscheinungsjahr-21842","9":"pa_region-deutschland","10":"pa_sprache-de","12":"first","13":"outofstock","14":"taxable","15":"shipping-taxable","16":"purchasable","17":"product-type-simple"},"_links":{"self":[{"href":"https:\/\/pizbube.ch\/en\/wp-json\/wp\/v2\/product\/147692","targetHints":{"allow":["GET"]}}],"collection":[{"href":"https:\/\/pizbube.ch\/en\/wp-json\/wp\/v2\/product"}],"about":[{"href":"https:\/\/pizbube.ch\/en\/wp-json\/wp\/v2\/types\/product"}],"wp:featuredmedia":[{"embeddable":true,"href":"https:\/\/pizbube.ch\/en\/wp-json\/wp\/v2\/media\/27838"}],"wp:attachment":[{"href":"https:\/\/pizbube.ch\/en\/wp-json\/wp\/v2\/media?parent=147692"}],"wp:term":[{"taxonomy":"product_brand","embeddable":true,"href":"https:\/\/pizbube.ch\/en\/wp-json\/wp\/v2\/product_brand?post=147692"},{"taxonomy":"product_cat","embeddable":true,"href":"https:\/\/pizbube.ch\/en\/wp-json\/wp\/v2\/product_cat?post=147692"},{"taxonomy":"product_tag","embeddable":true,"href":"https:\/\/pizbube.ch\/en\/wp-json\/wp\/v2\/product_tag?post=147692"}],"curies":[{"name":"wp","href":"https:\/\/api.w.org\/{rel}","templated":true}]}}